{"id":976,"date":"2022-03-12T23:43:44","date_gmt":"2022-03-12T22:43:44","guid":{"rendered":"https:\/\/www.swingnblues-wuerzburg.de\/?page_id=976"},"modified":"2022-04-12T23:24:58","modified_gmt":"2022-04-12T21:24:58","slug":"14-april-lindy-hop-show-crashkurs-und-vortrag-in-der-innenstadt","status":"publish","type":"page","link":"https:\/\/www.swingnblues-wuerzburg.de\/index.php\/14-april-lindy-hop-show-crashkurs-und-vortrag-in-der-innenstadt\/","title":{"rendered":"14. April: Lindy Hop-Taster,  -Vortrag und Vorf\u00fchrung in der Innenstadt"},"content":{"rendered":"\n<p><\/p>\n\n\n\n<p class=\"has-text-color\" style=\"color:#a90519\">Im Pop up-Raum der W\u00fcrzburger Stadtb\u00fccherei gibt das Team von Swing \u00b4n\u00b4Blues W\u00fcrzburg allen Neugierigen einen Einblick in die Welt des Lindy-Hop. <\/p>\n\n\n\n<p>Du erlebst zun\u00e4chst, wie Lindy Hop aussehen kann, und erf\u00e4hrst danach etwas \u00fcber die Geschichte des Tanzes. Anschlie\u00dfend kannst Du in einer Lindy Hop-Schnupperstunde (Taster) die Basics dieses Swingtanzes lernen. Zur Schnupperstunde musst Du keine*n Tanzpartner*in mitbringen. Du kannst auch nur zum Taster oder nur zum Vortrag kommen. <\/p>\n\n\n\n<p><strong>Wo:<\/strong> Plattnerstra\u00dfe 14 (alte Main-Post-Gesch\u00e4ftsstelle, neben dem Weltladen)<\/p>\n\n\n\n<p><strong>Wann:<\/strong> 17-19 Uhr<\/p>\n\n\n\n<p>Bitte melde Dich beim Team des Pop up-Raumes an: <a rel=\"noreferrer noopener\" href=\"mailto:stadtbuecherei.dritterort@stadt.wuerzburg.de\" target=\"_blank\">stadtbuecherei.dritterort@stadt.wuerzburg.de<\/a> oder Tel. 0931-37 24 44.<\/p>\n\n\n\n<p><a href=\"https:\/\/360grad-stadtbuecherei-wuerzburg.de\/pop-up-raum\/programm-pop-up-raum\/\" target=\"_blank\" rel=\"noreferrer noopener\">https:\/\/360grad-stadtbuecherei-wuerzburg.de\/pop-up-raum\/programm-pop-up-raum\/<\/a><\/p>\n","protected":false},"excerpt":{"rendered":"<p>Im Pop up-Raum der W\u00fcrzburger Stadtb\u00fccherei gibt das Team von Swing \u00b4n\u00b4Blues W\u00fcrzburg allen Neugierigen einen Einblick in die Welt des Lindy-Hop. [&hellip;]<\/p>\n","protected":false},"author":2,"featured_media":1058,"parent":0,"menu_order":0,"comment_status":"closed","ping_status":"closed","template":"page-templates\/page_fullwidth.php","meta":{"footnotes":""},"class_list":["post-976","page","type-page","status-publish","has-post-thumbnail","hentry"],"featured_image_src":"https:\/\/www.swingnblues-wuerzburg.de\/wp-content\/uploads\/2022\/04\/Popup2.png","_links":{"self":[{"href":"https:\/\/www.swingnblues-wuerzburg.de\/index.php\/wp-json\/wp\/v2\/pages\/976","targetHints":{"allow":["GET"]}}],"collection":[{"href":"https:\/\/www.swingnblues-wuerzburg.de\/index.php\/wp-json\/wp\/v2\/pages"}],"about":[{"href":"https:\/\/www.swingnblues-wuerzburg.de\/index.php\/wp-json\/wp\/v2\/types\/page"}],"author":[{"embeddable":true,"href":"https:\/\/www.swingnblues-wuerzburg.de\/index.php\/wp-json\/wp\/v2\/users\/2"}],"replies":[{"embeddable":true,"href":"https:\/\/www.swingnblues-wuerzburg.de\/index.php\/wp-json\/wp\/v2\/comments?post=976"}],"version-history":[{"count":7,"href":"https:\/\/www.swingnblues-wuerzburg.de\/index.php\/wp-json\/wp\/v2\/pages\/976\/revisions"}],"predecessor-version":[{"id":1098,"href":"https:\/\/www.swingnblues-wuerzburg.de\/index.php\/wp-json\/wp\/v2\/pages\/976\/revisions\/1098"}],"wp:featuredmedia":[{"embeddable":true,"href":"https:\/\/www.swingnblues-wuerzburg.de\/index.php\/wp-json\/wp\/v2\/media\/1058"}],"wp:attachment":[{"href":"https:\/\/www.swingnblues-wuerzburg.de\/index.php\/wp-json\/wp\/v2\/media?parent=976"}],"curies":[{"name":"wp","href":"https:\/\/api.w.org\/{rel}","templated":true}]}}