{"id":6693,"date":"2026-01-31T15:25:53","date_gmt":"2026-01-31T14:25:53","guid":{"rendered":"https:\/\/www.swingnblues-wuerzburg.de\/?page_id=6693"},"modified":"2026-04-28T14:34:48","modified_gmt":"2026-04-28T12:34:48","slug":"netiquette","status":"publish","type":"page","link":"https:\/\/www.swingnblues-wuerzburg.de\/index.php\/netiquette\/","title":{"rendered":"Netiquette"},"content":{"rendered":"\n<h4 class=\"wp-block-heading\">Damit allen Personen das Tanzen Spa\u00df macht bitten wir Dich um die Einhaltung der folgenden Punkte: <\/h4>\n\n\n\n<p><strong>Bleibe bitte daheim, wenn Du krank bist <\/strong>und wasche nach dem Nase putzen bitte deine H\u00e4nde.<\/p>\n\n\n\n<p><strong>Achte auf unangenehme K\u00f6rperger\u00fcche<\/strong>, wie Schwei\u00df und Mundgeruch. Pastillen stehen bereit. Bringe ein Wechsel-T-Shirt und Handtuch mit. Benutze Deo, aber: Benutze m\u00f6glichst keine Duftstoffe.<\/p>\n\n\n\n<p><strong>Trage saubere Schuhe: <\/strong>bringe saubere Schuhe mit, welchekeine Spuren auf dem Boden hinterlassen. Hallenschuhe sind ideal, flache Tanzschuhe optional.<\/p>\n\n\n<div class=\"wp-block-image\">\n<figure class=\"alignright size-full is-resized\"><img loading=\"lazy\" decoding=\"async\" width=\"491\" height=\"271\" src=\"https:\/\/www.swingnblues-wuerzburg.de\/wp-content\/uploads\/2025\/08\/Welcome-here-1.jpg\" alt=\"\" class=\"wp-image-5842\" style=\"width:218px;height:auto\" srcset=\"https:\/\/www.swingnblues-wuerzburg.de\/wp-content\/uploads\/2025\/08\/Welcome-here-1.jpg 491w, https:\/\/www.swingnblues-wuerzburg.de\/wp-content\/uploads\/2025\/08\/Welcome-here-1-300x166.jpg 300w, https:\/\/www.swingnblues-wuerzburg.de\/wp-content\/uploads\/2025\/08\/Welcome-here-1-230x127.jpg 230w, https:\/\/www.swingnblues-wuerzburg.de\/wp-content\/uploads\/2025\/08\/Welcome-here-1-350x193.jpg 350w, https:\/\/www.swingnblues-wuerzburg.de\/wp-content\/uploads\/2025\/08\/Welcome-here-1-480x265.jpg 480w\" sizes=\"auto, (max-width: 491px) 100vw, 491px\" \/><\/figure>\n<\/div>\n\n\n<p><strong>Bitte sei ca. 10 Minuten vor Kursbeginn da, <\/strong>damit wir p\u00fcnktlich starten k\u00f6nnen.<\/p>\n\n\n\n<p><strong>Achte auf der Tanzfl\u00e4che auf andere Tanzpaare<\/strong>:<\/p>\n\n\n\n<ul class=\"wp-block-list\">\n<li>Vor allem Aufgabe der f\u00fchrenden Person, aber bei einer vollen Tanzfl\u00e4che von beiden.<\/li>\n\n\n\n<li>Aerials (Hebefiguren) sind auf Socials untersagt, da f\u00fcr Mittanzende gef\u00e4hrlich.<\/li>\n<\/ul>\n\n\n\n<p><strong>Tanzende sind gleichberechtigt<\/strong>:<\/p>\n\n\n\n<ul class=\"wp-block-list\">\n<li>Alle <strong>d\u00fcrfen<\/strong> auffordern zum Tanzen, egal ob Anf\u00e4nger \/ Fortgeschritten, Lead \/ Follow &#8211; aber auch Nein sagen.<\/li>\n\n\n\n<li>Das Follow <strong>darf <\/strong>Einfluss auf die Schritte nehmen, Distanz fordern und Styling einbauen.<\/li>\n\n\n\n<li>Tanzrollen sind <strong>nicht <\/strong>an das Geschlecht gebunden.<\/li>\n\n\n\n<li>Nein hei\u00dft nein.<\/li>\n<\/ul>\n\n\n\n<p>Als erfahrene:r T\u00e4nzer:in <strong>pass<\/strong>t Du Dich bitte dem <strong>Level<\/strong> der weniger erfahrenen Person <strong>an<\/strong>. <strong>Korrigiere<\/strong> deine:n Partner:in <strong>nicht <\/strong>bei den Kursen oder beim Socials, au\u00dfer es wird explizit darum gebeten.<\/p>\n\n\n\n<p>Bei <strong>k\u00f6rperlicher<\/strong><strong> N\u00e4he<\/strong>, wie z. B. bei Dips oder Close Embrace im Blues, vorab unbedingt <strong>verbalen oder non-verbalen Consent (<\/strong>Einverst\u00e4ndnis) einholen.<\/p>\n\n\n\n<p>Bei ungewollten K\u00f6rperkontakt, z. B. auf den Fu\u00df treten oder auch Ber\u00fchrungen an intimen Stellen, <strong>entschuldige<\/strong> Dich bitte.<\/p>\n\n\n\n<p><strong>Safe Space: <\/strong>Hast Du Dich in einer Situation unwohl gef\u00fchlt, oder eine vermeintlich unangenehme Situation beobachtet? Spreche gerne eine der unten genannten Personen an, oder sende eine E-Mail an <a href=\"mailto:awareness@swingnblues-wuerzburg.de\">awareness@swingnblues-wuerzburg.de<\/a>! Wir nehmen Dich ernst und werden Dein Anliegen auf Wunsch anonym behandeln.<\/p>\n\n\n\n<p class=\"has-text-align-center\"><strong>Vielen Dank!<\/strong><\/p>\n\n\n\n<p class=\"has-text-align-center\"><a href=\"https:\/\/www.swingnblues-wuerzburg.de\/index.php\/ueber-uns\/\">Dein Swing \u2019n\u2019 Blues Vorstand<\/a><br>(Michael, Veronika, Heiko und Max)<br>&amp;<\/p>\n\n\n<div class=\"wp-block-image\">\n<figure class=\"aligncenter size-full\"><img loading=\"lazy\" decoding=\"async\" width=\"851\" height=\"315\" src=\"https:\/\/www.swingnblues-wuerzburg.de\/wp-content\/uploads\/2026\/04\/Jana-Christoph-Tim-Kalle.png\" alt=\"\" class=\"wp-image-6855\" srcset=\"https:\/\/www.swingnblues-wuerzburg.de\/wp-content\/uploads\/2026\/04\/Jana-Christoph-Tim-Kalle.png 851w, https:\/\/www.swingnblues-wuerzburg.de\/wp-content\/uploads\/2026\/04\/Jana-Christoph-Tim-Kalle-300x111.png 300w, https:\/\/www.swingnblues-wuerzburg.de\/wp-content\/uploads\/2026\/04\/Jana-Christoph-Tim-Kalle-768x284.png 768w, https:\/\/www.swingnblues-wuerzburg.de\/wp-content\/uploads\/2026\/04\/Jana-Christoph-Tim-Kalle-230x85.png 230w, https:\/\/www.swingnblues-wuerzburg.de\/wp-content\/uploads\/2026\/04\/Jana-Christoph-Tim-Kalle-350x130.png 350w, https:\/\/www.swingnblues-wuerzburg.de\/wp-content\/uploads\/2026\/04\/Jana-Christoph-Tim-Kalle-480x178.png 480w\" sizes=\"auto, (max-width: 851px) 100vw, 851px\" \/><\/figure>\n<\/div>\n\n\n<p>Mehr zum Team <a href=\"https:\/\/www.swingnblues-wuerzburg.de\/index.php\/awareness-team\/\" target=\"_blank\" rel=\"noreferrer noopener\">hier<\/a>!<\/p>\n\n\n\n<p class=\"has-text-align-center\">Weitere Ansprechpersonen: Eva &amp; Claudia H:<\/p>\n\n\n<div class=\"wp-block-image\">\n<figure class=\"aligncenter size-medium is-resized\"><img loading=\"lazy\" decoding=\"async\" width=\"300\" height=\"200\" src=\"https:\/\/www.swingnblues-wuerzburg.de\/wp-content\/uploads\/2026\/04\/IMG_7728-300x200.jpg\" alt=\"\" class=\"wp-image-6858\" style=\"width:500px\" srcset=\"https:\/\/www.swingnblues-wuerzburg.de\/wp-content\/uploads\/2026\/04\/IMG_7728-300x200.jpg 300w, https:\/\/www.swingnblues-wuerzburg.de\/wp-content\/uploads\/2026\/04\/IMG_7728-1024x683.jpg 1024w, https:\/\/www.swingnblues-wuerzburg.de\/wp-content\/uploads\/2026\/04\/IMG_7728-768x512.jpg 768w, https:\/\/www.swingnblues-wuerzburg.de\/wp-content\/uploads\/2026\/04\/IMG_7728-1536x1024.jpg 1536w, https:\/\/www.swingnblues-wuerzburg.de\/wp-content\/uploads\/2026\/04\/IMG_7728-2048x1365.jpg 2048w, https:\/\/www.swingnblues-wuerzburg.de\/wp-content\/uploads\/2026\/04\/IMG_7728-1000x667.jpg 1000w, https:\/\/www.swingnblues-wuerzburg.de\/wp-content\/uploads\/2026\/04\/IMG_7728-230x153.jpg 230w, https:\/\/www.swingnblues-wuerzburg.de\/wp-content\/uploads\/2026\/04\/IMG_7728-350x233.jpg 350w, https:\/\/www.swingnblues-wuerzburg.de\/wp-content\/uploads\/2026\/04\/IMG_7728-480x320.jpg 480w\" sizes=\"auto, (max-width: 300px) 100vw, 300px\" \/><\/figure>\n<\/div>","protected":false},"excerpt":{"rendered":"<p>Damit allen Personen das Tanzen Spa\u00df macht bitten wir Dich um die Einhaltung der folgenden Punkte: Bleibe bitte daheim, wenn Du krank [&hellip;]<\/p>\n","protected":false},"author":1,"featured_media":0,"parent":0,"menu_order":0,"comment_status":"closed","ping_status":"closed","template":"page-templates\/page_fullwidth.php","meta":{"footnotes":""},"class_list":["post-6693","page","type-page","status-publish","hentry"],"featured_image_src":null,"_links":{"self":[{"href":"https:\/\/www.swingnblues-wuerzburg.de\/index.php\/wp-json\/wp\/v2\/pages\/6693","targetHints":{"allow":["GET"]}}],"collection":[{"href":"https:\/\/www.swingnblues-wuerzburg.de\/index.php\/wp-json\/wp\/v2\/pages"}],"about":[{"href":"https:\/\/www.swingnblues-wuerzburg.de\/index.php\/wp-json\/wp\/v2\/types\/page"}],"author":[{"embeddable":true,"href":"https:\/\/www.swingnblues-wuerzburg.de\/index.php\/wp-json\/wp\/v2\/users\/1"}],"replies":[{"embeddable":true,"href":"https:\/\/www.swingnblues-wuerzburg.de\/index.php\/wp-json\/wp\/v2\/comments?post=6693"}],"version-history":[{"count":14,"href":"https:\/\/www.swingnblues-wuerzburg.de\/index.php\/wp-json\/wp\/v2\/pages\/6693\/revisions"}],"predecessor-version":[{"id":6874,"href":"https:\/\/www.swingnblues-wuerzburg.de\/index.php\/wp-json\/wp\/v2\/pages\/6693\/revisions\/6874"}],"wp:attachment":[{"href":"https:\/\/www.swingnblues-wuerzburg.de\/index.php\/wp-json\/wp\/v2\/media?parent=6693"}],"curies":[{"name":"wp","href":"https:\/\/api.w.org\/{rel}","templated":true}]}}