{"id":6588,"date":"2025-12-25T12:41:03","date_gmt":"2025-12-25T11:41:03","guid":{"rendered":"https:\/\/www.swingnblues-wuerzburg.de\/?page_id=6588"},"modified":"2026-01-08T10:43:15","modified_gmt":"2026-01-08T09:43:15","slug":"newsletter","status":"publish","type":"page","link":"https:\/\/www.swingnblues-wuerzburg.de\/index.php\/newsletter\/","title":{"rendered":"Newsletter"},"content":{"rendered":"\n<p>Trage Dich hier in unseren Newsletter ein, um \u00fcber unsere Veranstaltungen und andere Neuigkeiten per E-Mail informiert zu werden. <\/p>\n\n\n\n<p>Bitte beachte, dass Du anschlie\u00dfend noch auf den Link in der Best\u00e4tigungsmail klicken musst, damit Du wirklich eingetragen bist und unsere Newsletter erh\u00e4ltst!<\/p>\n\n\n\n<p>\ud83c\uddec\ud83c\udde7 Stay up to date with our latest news by subscribing to our newsletter. After signing up, you\u2019ll receive a confirmation email \u2014 just click the link to confirm your subscription.The newsletter is currently available in German only, but you\u2019re welcome to use your preferred translation tool.<\/p>\n\n\n\n<form\n  action=\"https:\/\/app.keila.io\/forms\/nfrm_jRverKVa\"\n  method=\"post\"\n  style=\"background-color:#f9fafb!important;color:#111827!important;padding:24px;\"\n>\n\n  <div style=\"margin-bottom:16px!important;\">\n    <label for=\"contact_email\" style=\"display:block;margin-bottom:4px!important;\">\n      E-Mail\n    <\/label>\n    <input id=\"contact_email\" name=\"contact[email]\" type=\"email\"\n      style=\"width:100%;background:#fff!important;border:1px solid #6b7280!important;color:#111827!important;padding:8px;\">\n  <\/div>\n\n  <div style=\"margin-bottom:16px!important;\">\n    <label for=\"contact_first_name\" style=\"display:block;margin-bottom:4px!important;\">\n      Vorname\n    <\/label>\n    <input id=\"contact_first_name\" name=\"contact[first_name]\" type=\"text\"\n      style=\"width:100%;background:#fff!important;border:1px solid #6b7280!important;color:#111827!important;padding:8px;\">\n  <\/div>\n\n  <div style=\"margin-bottom:16px!important;\">\n    <label for=\"contact_last_name\" style=\"display:block;margin-bottom:4px!important;\">\n      Nachname (optional)\n    <\/label>\n    <input id=\"contact_last_name\" name=\"contact[last_name]\" type=\"text\"\n      style=\"width:100%;background:#fff!important;border:1px solid #6b7280!important;color:#111827!important;padding:8px;\">\n  <\/div>\n\n  <input aria-hidden=\"true\" autocomplete=\"off\" name=\"h[url]\" style=\"display:none\">\n\n  <div style=\"margin:24px 0!important;\">\n    <div class=\"h-captcha\" data-sitekey=\"a1c5fab7-71df-4ea4-af75-87a3d07c61de\"><\/div>\n    <script async defer src=\"https:\/\/hcaptcha.com\/1\/api.js\"><\/script>\n  <\/div>\n\n  <button\n    style=\"background:#a40519!important;color:#f9fafb!important;padding:12px 20px;border-radius:6px;\">\n    Best\u00e4tigung\n  <\/button>\n\n<\/form>\n\n\n\n<pre class=\"wp-block-code\"><code>\n<\/code><\/pre>\n","protected":false},"excerpt":{"rendered":"<p>Trage Dich hier in unseren Newsletter ein, um \u00fcber unsere Veranstaltungen und andere Neuigkeiten per E-Mail informiert zu werden. Bitte beachte, dass [&hellip;]<\/p>\n","protected":false},"author":5,"featured_media":0,"parent":0,"menu_order":0,"comment_status":"closed","ping_status":"closed","template":"page-templates\/page_fullwidth.php","meta":{"footnotes":""},"class_list":["post-6588","page","type-page","status-publish","hentry"],"featured_image_src":null,"_links":{"self":[{"href":"https:\/\/www.swingnblues-wuerzburg.de\/index.php\/wp-json\/wp\/v2\/pages\/6588","targetHints":{"allow":["GET"]}}],"collection":[{"href":"https:\/\/www.swingnblues-wuerzburg.de\/index.php\/wp-json\/wp\/v2\/pages"}],"about":[{"href":"https:\/\/www.swingnblues-wuerzburg.de\/index.php\/wp-json\/wp\/v2\/types\/page"}],"author":[{"embeddable":true,"href":"https:\/\/www.swingnblues-wuerzburg.de\/index.php\/wp-json\/wp\/v2\/users\/5"}],"replies":[{"embeddable":true,"href":"https:\/\/www.swingnblues-wuerzburg.de\/index.php\/wp-json\/wp\/v2\/comments?post=6588"}],"version-history":[{"count":24,"href":"https:\/\/www.swingnblues-wuerzburg.de\/index.php\/wp-json\/wp\/v2\/pages\/6588\/revisions"}],"predecessor-version":[{"id":6634,"href":"https:\/\/www.swingnblues-wuerzburg.de\/index.php\/wp-json\/wp\/v2\/pages\/6588\/revisions\/6634"}],"wp:attachment":[{"href":"https:\/\/www.swingnblues-wuerzburg.de\/index.php\/wp-json\/wp\/v2\/media?parent=6588"}],"curies":[{"name":"wp","href":"https:\/\/api.w.org\/{rel}","templated":true}]}}