{"id":599,"date":"2021-11-02T16:52:35","date_gmt":"2021-11-02T15:52:35","guid":{"rendered":"https:\/\/www.swingnblues-wuerzburg.de\/?page_id=599"},"modified":"2026-01-02T11:14:09","modified_gmt":"2026-01-02T10:14:09","slug":"unterricht","status":"publish","type":"page","link":"https:\/\/www.swingnblues-wuerzburg.de\/index.php\/unterricht\/","title":{"rendered":"Kurse"},"content":{"rendered":"\n<p>Uns ist wichtig, dass Swing T\u00e4nze f\u00fcr ALLE Menschen zug\u00e4nglich ist. Deshalb erfolgt die Bezahlung der allermeisten unserer Veranstaltungen nach dem Prinzip \u201e<strong>Pay what you can<\/strong>\u201c. So wollen wir allen Personen eine Teilnahme an unseren Events erm\u00f6glichen. <\/p>\n\n\n\n<p>Es gibt immer einen Richtwert zur Orientierung (siehe z. B. &#8222;Wissenwertes \u00fcber laufende Kurse&#8220;)<strong>,<\/strong> f\u00fcr <a href=\"https:\/\/www.swingnblues-wuerzburg.de\/index.php\/mitglied-werden\/\" target=\"_blank\" rel=\"noreferrer noopener\">Vereinsmitglieder<\/a> gibt es Verg\u00fcnstigungen. Wenn Du Dir den Orientierungswert aktuell nicht leisten kannst, gib gerne weniger, Du schuldest uns keinerlei Rechenschaft hierf\u00fcr. Wenn Du finanziell gut aufgestellt bist, \u00fcberleg gerne ob Du mehr geben kannst, damit das Modell weiterhin funktioniert.<\/p>\n\n\n\n<p><strong>Au\u00dferdem<\/strong>:<br>\u2013 <strong>keine<\/strong> Partnerperson ben\u00f6tigt, wir tauschen im Kurs<br>\u2013 Tanzrollen sind <strong>unabh\u00e4ngig<\/strong> vom Geschlecht<br>\u2013 Indoor-Wechselschuhe (flache Sohle) unbedingt <strong>mitbringen<\/strong>, Handtuch ist sinnvoll, aber optional<br>&#8211; Bitte eigene <strong>Getr\u00e4nke<\/strong> mitbringen<br><\/p>\n\n\n<div class=\"wp-block-ub-content-toggle wp-block-ub-content-toggle-block\" id=\"ub-content-toggle-block-e9b60730-c8ef-40d0-b12b-f26f596df33a\" data-mobilecollapse=\"true\" data-desktopcollapse=\"true\" data-preventcollapse=\"false\" data-showonlyone=\"false\">\n<div class=\"wp-block-ub-content-toggle-accordion\" style=\"border-color: #f1f1f1; \" id=\"ub-content-toggle-panel-block-\">\n\t\t\t<div class=\"wp-block-ub-content-toggle-accordion-title-wrap\" style=\"background-color: #f1f1f1;\" aria-controls=\"ub-content-toggle-panel-0-e9b60730-c8ef-40d0-b12b-f26f596df33a\" tabindex=\"0\">\n\t\t\t<p class=\"wp-block-ub-content-toggle-accordion-title ub-content-toggle-title-e9b60730-c8ef-40d0-b12b-f26f596df33a\" style=\"color: #000000; \">Wissenswertes f\u00fcr unsere laufenden Kurse<\/p>\n\t\t\t<div class=\"wp-block-ub-content-toggle-accordion-toggle-wrap right\" style=\"color: #000000;\"><span class=\"wp-block-ub-content-toggle-accordion-state-indicator wp-block-ub-chevron-down\"><\/span><\/div>\n\t\t<\/div>\n\t\t\t<div role=\"region\" aria-expanded=\"false\" class=\"wp-block-ub-content-toggle-accordion-content-wrap ub-hide\" id=\"ub-content-toggle-panel-0-e9b60730-c8ef-40d0-b12b-f26f596df33a\">\n\n<p><br>Spenden-<strong>Orientierungswert<\/strong> f\u00fcr die Mittwochskurse 8\u20ac, Vereinsmitglieder kostenfrei. Der Social allein hat als Orientierungspreis 3\u20ac.<br><\/p>\n\n\n\n<p><strong>Adresse <\/strong><a href=\"https:\/\/www.kleks-kultur.de\/\" target=\"_blank\" rel=\"noreferrer noopener\"> <\/a><br><a href=\"https:\/\/www.swingnblues-wuerzburg.de\/index.php\/locations\/kleks-haus-wuerzburg\/\" target=\"_blank\" rel=\"noreferrer noopener\">K.L.E.K.S<\/a> in <strong>Gromb\u00fchl<\/strong><br><strong>Matterstockstra\u00dfe 32.<\/strong><br>97080 W\u00fcrzburg<\/p>\n\n\n\n<div class=\"wp-block-columns is-layout-flex wp-container-core-columns-is-layout-9d6595d7 wp-block-columns-is-layout-flex\">\n<div class=\"wp-block-column is-layout-flow wp-block-column-is-layout-flow\">\n<p>Eine interaktive Karte mit besonders hervorgehobenen Orten wie \u00f6ffentliche Verkehrsmittel, Parkpl\u00e4tze, Restaurants und Superm\u00e4rkten findest Du online <a href=\"https:\/\/www.google.com\/maps\/d\/viewer?mid=1Dxj9vooUSx9Ti0cUMn5RM8nNxXw-RNw&amp;usp=sharing\" target=\"_blank\" rel=\"noreferrer noopener\">hier<\/a>:<\/p>\n<\/div>\n\n\n\n<div class=\"wp-block-column is-layout-flow wp-block-column-is-layout-flow\">\n<figure class=\"wp-block-image size-large is-resized\"><a href=\"https:\/\/www.google.com\/maps\/d\/viewer?mid=1Dxj9vooUSx9Ti0cUMn5RM8nNxXw-RNw&amp;usp=sharing\" target=\"_blank\" rel=\" noreferrer noopener\"><img loading=\"lazy\" decoding=\"async\" width=\"1024\" height=\"603\" src=\"https:\/\/www.swingnblues-wuerzburg.de\/wp-content\/uploads\/2025\/02\/maps-1024x603.jpg\" alt=\"\" class=\"wp-image-4683\" style=\"width:277px;height:auto\" srcset=\"https:\/\/www.swingnblues-wuerzburg.de\/wp-content\/uploads\/2025\/02\/maps-1024x603.jpg 1024w, https:\/\/www.swingnblues-wuerzburg.de\/wp-content\/uploads\/2025\/02\/maps-300x177.jpg 300w, https:\/\/www.swingnblues-wuerzburg.de\/wp-content\/uploads\/2025\/02\/maps-768x453.jpg 768w, https:\/\/www.swingnblues-wuerzburg.de\/wp-content\/uploads\/2025\/02\/maps-1000x589.jpg 1000w, https:\/\/www.swingnblues-wuerzburg.de\/wp-content\/uploads\/2025\/02\/maps-230x136.jpg 230w, https:\/\/www.swingnblues-wuerzburg.de\/wp-content\/uploads\/2025\/02\/maps-350x206.jpg 350w, https:\/\/www.swingnblues-wuerzburg.de\/wp-content\/uploads\/2025\/02\/maps-480x283.jpg 480w, https:\/\/www.swingnblues-wuerzburg.de\/wp-content\/uploads\/2025\/02\/maps.jpg 1193w\" sizes=\"auto, (max-width: 1024px) 100vw, 1024px\" \/><\/a><\/figure>\n<\/div>\n<\/div>\n\n<\/div>\n\t\t<\/div>\n\n<div class=\"wp-block-ub-content-toggle-accordion\" style=\"border-color: #f1f1f1; \" id=\"ub-content-toggle-panel-block-\">\n\t\t\t<div class=\"wp-block-ub-content-toggle-accordion-title-wrap\" style=\"background-color: #f1f1f1;\" aria-controls=\"ub-content-toggle-panel-1-e9b60730-c8ef-40d0-b12b-f26f596df33a\" tabindex=\"0\">\n\t\t\t<p class=\"wp-block-ub-content-toggle-accordion-title ub-content-toggle-title-e9b60730-c8ef-40d0-b12b-f26f596df33a\" style=\"color: #000000; \">Lindy Hop-Einstiegsworkshop<\/p>\n\t\t\t<div class=\"wp-block-ub-content-toggle-accordion-toggle-wrap right\" style=\"color: #000000;\"><span class=\"wp-block-ub-content-toggle-accordion-state-indicator wp-block-ub-chevron-down\"><\/span><\/div>\n\t\t<\/div>\n\t\t\t<div role=\"region\" aria-expanded=\"false\" class=\"wp-block-ub-content-toggle-accordion-content-wrap ub-hide\" id=\"ub-content-toggle-panel-1-e9b60730-c8ef-40d0-b12b-f26f596df33a\">\n\n<p>Dieser Workshop findet unregelm\u00e4\u00dfig an einem Wochenendtag statt und setzt die <strong>Grundlagen f\u00fcr den Basiskurs,<\/strong> bietet aber auch die M\u00f6glichkeit den Tanz ohne viel Verbindlichkeit kennenzulernen. <a href=\"https:\/\/www.swingnblues-wuerzburg.de\/index.php\/einstiegsworkshop\/\" target=\"_blank\" rel=\"noreferrer noopener\">Hier <\/a>findest Du die <strong>Termine und alle weiteren Infos<\/strong> hierzu. Wenn Du unseren <a href=\"https:\/\/www.swingnblues-wuerzburg.de\/index.php\/newsletter\/\">Newsletter <\/a>abonnierst bekommst Du den n\u00e4chsten Start f\u00fcr Anf\u00e4nger:innen ganz sicher mit!<\/p>\n\n<\/div>\n\t\t<\/div>\n\n<div class=\"wp-block-ub-content-toggle-accordion\" style=\"border-color: #f1f1f1; \" id=\"ub-content-toggle-panel-block-\">\n\t\t\t<div class=\"wp-block-ub-content-toggle-accordion-title-wrap\" style=\"background-color: #f1f1f1;\" aria-controls=\"ub-content-toggle-panel-2-e9b60730-c8ef-40d0-b12b-f26f596df33a\" tabindex=\"0\">\n\t\t\t<p class=\"wp-block-ub-content-toggle-accordion-title ub-content-toggle-title-e9b60730-c8ef-40d0-b12b-f26f596df33a\" style=\"color: #000000; \">Unsere w\u00f6chentlichen Lindy Hop Drop in-Kurse<\/p>\n\t\t\t<div class=\"wp-block-ub-content-toggle-accordion-toggle-wrap right\" style=\"color: #000000;\"><span class=\"wp-block-ub-content-toggle-accordion-state-indicator wp-block-ub-chevron-down\"><\/span><\/div>\n\t\t<\/div>\n\t\t\t<div role=\"region\" aria-expanded=\"false\" class=\"wp-block-ub-content-toggle-accordion-content-wrap ub-hide\" id=\"ub-content-toggle-panel-2-e9b60730-c8ef-40d0-b12b-f26f596df33a\">\n\n<h3 class=\"wp-block-heading has-text-align-center has-text-color\" style=\"color:#a90519\">Lindy Hop Basis<\/h3>\n\n\n\n<p class=\"has-black-color has-text-color\">Basis-Kurs f\u00fcr Anf\u00e4nger*innen <strong>nach<\/strong> dem Einsteigerworkshop oder zum Wiederholen: Hier lernst Du Technik, Musikgef\u00fchl und die h\u00e4ufigsten Figuren im Lindy Hop. Grundschritte und Figuren sind hierf\u00fcr Voraussetzung!<\/p>\n\n\n\n<p class=\"has-text-align-left has-black-color has-text-color\"><mark style=\"background-color:rgba(0, 0, 0, 0);color:#a90519\" class=\"has-inline-color\"><strong>Mittwochs von 18:30-19:45 Uhr<\/strong><\/mark>, anschlie\u00dfend <strong>bis 20:00 Uhr und wieder ab 21:00 Uhr <\/strong><a href=\"https:\/\/www.swingnblues-wuerzburg.de\/index.php\/social-dance\/\" target=\"_blank\" rel=\"noreferrer noopener\"><strong>Social Dance<\/strong>. <\/a><\/p>\n\n\n\n<h3 class=\"wp-block-heading has-text-align-center has-text-color\" style=\"color:#a90519\">Lindy Hop Mittelstufe<\/h3>\n\n\n\n<p class=\"has-black-color has-text-color\"><mark style=\"background-color:rgba(0, 0, 0, 0);color:#a90519\" class=\"has-inline-color\"><strong>Mittwochs von 20:00-21:00 Uhr<\/strong><\/mark>, anschlie\u00dfend<strong> <\/strong><a href=\"https:\/\/www.swingnblues-wuerzburg.de\/index.php\/social-dance\/\"><strong>Social Dance<\/strong>.<\/a><\/p>\n\n\n\n<p>Allen Mittelstufe-T\u00e4nzer*innen legen wir ans Herz, <strong>auch gelegentlich beim Basiskurs dabei zu sein: <\/strong>um Anf\u00e4nger*innen zu unterst\u00fctzen, um Figuren zu wiederholen oder vielleicht auch selbst zum ersten Mal zu lernen. Au\u00dferdem kann man dort die Rolle tauschen \u00fcben!<\/p>\n\n<\/div>\n\t\t<\/div>\n\n<div class=\"wp-block-ub-content-toggle-accordion\" style=\"border-color: #f1f1f1; \" id=\"ub-content-toggle-panel-block-\">\n\t\t\t<div class=\"wp-block-ub-content-toggle-accordion-title-wrap\" style=\"background-color: #f1f1f1;\" aria-controls=\"ub-content-toggle-panel-3-e9b60730-c8ef-40d0-b12b-f26f596df33a\" tabindex=\"0\">\n\t\t\t<p class=\"wp-block-ub-content-toggle-accordion-title ub-content-toggle-title-e9b60730-c8ef-40d0-b12b-f26f596df33a\" style=\"color: #000000; \">Levelbeschreibungen<\/p>\n\t\t\t<div class=\"wp-block-ub-content-toggle-accordion-toggle-wrap right\" style=\"color: #000000;\"><span class=\"wp-block-ub-content-toggle-accordion-state-indicator wp-block-ub-chevron-down\"><\/span><\/div>\n\t\t<\/div>\n\t\t\t<div role=\"region\" aria-expanded=\"false\" class=\"wp-block-ub-content-toggle-accordion-content-wrap ub-hide\" id=\"ub-content-toggle-panel-3-e9b60730-c8ef-40d0-b12b-f26f596df33a\">\n\n<p><strong>&#8211; Einstiegsworkshop<\/strong> &#8211; keine Vorerfahrung oder zum Wiederholen<br><em>Hier lernst Du die Grundz\u00fcge des Tanzes kennen und Deine ersten Grundschritte sowie als Send out und bring in.<\/em><\/p>\n\n\n\n<p><em>&#8211; <strong>Basiskurs <\/strong>&#8211; Hier lernst du g\u00e4ngige Figuren wie Tuck Turn, Pass by, Circle, Swing Out, aber auch viel \u00fcber die Liedstruktur und Musikalit\u00e4t. <\/em>Der perfekte Kurs nach dem Einstiegsworkshop oder anderen Tastern.<\/p>\n\n\n\n<p>&#8211; <strong>Mittelstufe<\/strong><br><em>Hier bist Du richtig, wenn Du Dich sowohl im 6-Count als auch im 8-Count und Lindy-Charleston mit den jeweiligen Grundfiguren sicher f\u00fchlst. Du kennst den  Circle und Swing out und tanzt mit Freude beim Social Dance<\/em> und hast Interesse diese zu erweitern und neue Variationen zu lernen.<\/p>\n\n\n\n<p>&#8211; <strong>Fortgeschrittene <\/strong>(Intermediate-Advanced)<br><em>Bitte spreche mit den Teachern, wenn Du denkst f\u00fcr dieses Level geeignet zu sein.<\/em><\/p>\n\n<\/div>\n\t\t<\/div>\n<\/div>\n\n\n<h3 class=\"wp-block-heading has-text-align-center has-text-color\" style=\"color:#a90519\">Um von neuen Kursen und Events zu erfahren, melde Dich zu unserem <strong><a href=\"https:\/\/www.swingnblues-wuerzburg.de\/index.php\/newsletter\/\" target=\"_blank\" rel=\"noreferrer noopener\">Newsletter<\/a><\/strong> an!<\/h3>\n","protected":false},"excerpt":{"rendered":"<p>Uns ist wichtig, dass Swing T\u00e4nze f\u00fcr ALLE Menschen zug\u00e4nglich ist. Deshalb erfolgt die Bezahlung der allermeisten unserer Veranstaltungen nach dem Prinzip [&hellip;]<\/p>\n","protected":false},"author":2,"featured_media":3753,"parent":0,"menu_order":0,"comment_status":"closed","ping_status":"closed","template":"page-templates\/page_fullwidth.php","meta":{"footnotes":""},"class_list":["post-599","page","type-page","status-publish","has-post-thumbnail","hentry"],"featured_image_src":"https:\/\/www.swingnblues-wuerzburg.de\/wp-content\/uploads\/2024\/06\/lets-dance-with-us.png","_links":{"self":[{"href":"https:\/\/www.swingnblues-wuerzburg.de\/index.php\/wp-json\/wp\/v2\/pages\/599","targetHints":{"allow":["GET"]}}],"collection":[{"href":"https:\/\/www.swingnblues-wuerzburg.de\/index.php\/wp-json\/wp\/v2\/pages"}],"about":[{"href":"https:\/\/www.swingnblues-wuerzburg.de\/index.php\/wp-json\/wp\/v2\/types\/page"}],"author":[{"embeddable":true,"href":"https:\/\/www.swingnblues-wuerzburg.de\/index.php\/wp-json\/wp\/v2\/users\/2"}],"replies":[{"embeddable":true,"href":"https:\/\/www.swingnblues-wuerzburg.de\/index.php\/wp-json\/wp\/v2\/comments?post=599"}],"version-history":[{"count":205,"href":"https:\/\/www.swingnblues-wuerzburg.de\/index.php\/wp-json\/wp\/v2\/pages\/599\/revisions"}],"predecessor-version":[{"id":6606,"href":"https:\/\/www.swingnblues-wuerzburg.de\/index.php\/wp-json\/wp\/v2\/pages\/599\/revisions\/6606"}],"wp:featuredmedia":[{"embeddable":true,"href":"https:\/\/www.swingnblues-wuerzburg.de\/index.php\/wp-json\/wp\/v2\/media\/3753"}],"wp:attachment":[{"href":"https:\/\/www.swingnblues-wuerzburg.de\/index.php\/wp-json\/wp\/v2\/media?parent=599"}],"curies":[{"name":"wp","href":"https:\/\/api.w.org\/{rel}","templated":true}]}}