{"id":5758,"date":"2025-07-20T11:55:21","date_gmt":"2025-07-20T09:55:21","guid":{"rendered":"https:\/\/www.swingnblues-wuerzburg.de\/?page_id=5758"},"modified":"2025-07-20T11:55:22","modified_gmt":"2025-07-20T09:55:22","slug":"sommerspecials-2","status":"publish","type":"page","link":"https:\/\/www.swingnblues-wuerzburg.de\/index.php\/sommerspecials-2\/","title":{"rendered":"Sommerspecials"},"content":{"rendered":"\n<figure class=\"wp-block-image alignwide size-full\"><img loading=\"lazy\" decoding=\"async\" width=\"1024\" height=\"576\" src=\"https:\/\/www.swingnblues-wuerzburg.de\/wp-content\/uploads\/2025\/07\/Sommerspecials.jpg\" alt=\"\" class=\"wp-image-5799\" srcset=\"https:\/\/www.swingnblues-wuerzburg.de\/wp-content\/uploads\/2025\/07\/Sommerspecials.jpg 1024w, https:\/\/www.swingnblues-wuerzburg.de\/wp-content\/uploads\/2025\/07\/Sommerspecials-300x169.jpg 300w, https:\/\/www.swingnblues-wuerzburg.de\/wp-content\/uploads\/2025\/07\/Sommerspecials-768x432.jpg 768w, https:\/\/www.swingnblues-wuerzburg.de\/wp-content\/uploads\/2025\/07\/Sommerspecials-1000x563.jpg 1000w, https:\/\/www.swingnblues-wuerzburg.de\/wp-content\/uploads\/2025\/07\/Sommerspecials-230x129.jpg 230w, https:\/\/www.swingnblues-wuerzburg.de\/wp-content\/uploads\/2025\/07\/Sommerspecials-350x197.jpg 350w, https:\/\/www.swingnblues-wuerzburg.de\/wp-content\/uploads\/2025\/07\/Sommerspecials-480x270.jpg 480w\" sizes=\"auto, (max-width: 1024px) 100vw, 1024px\" \/><\/figure>\n\n\n\n<p>Wie in den vergangenen Jahren werden wir auch dieses Jahr <strong>unsere Kurse<\/strong> \u00fcber die Sommerferien etwas <strong>reduzieren<\/strong>. Statt 2 Kursen mit unterschiedlichen Leveln wird es einen Kurs geben, welcher <strong>alle<\/strong> bei uns&nbsp; tanzenden Personen zusammenbringt. Voraussetzung ist mindestens der Einstiegsworkshop, oder vergleichbares Grundwissen.<\/p>\n\n\n\n<p>Dies betrifft die bayerischen Sommerferien, also <strong>ab 1. August bis 14. September.<\/strong> Wir treffen uns wie immer mittwochs im K.L.E.K.S in Gromb\u00fchl.<br><strong>19.00 Uhr Summerspecial all Level<\/strong><br><strong>ab 20.00 Uhr Social (freies Tanzen) f\u00fcr Alle!<\/strong><\/p>\n\n\n\n<p>Was an jedem Mittwoch genau auf dem Programm steht, erf\u00e4hrst du \u00fcber unsere Messenger-Community (WhatsApp und Telegramm).<br>Du musst keine Tanzpartnerin\/keinen Tanzpartner mitbringen.<br>Bezahlung nach dem Spendenprinzip: &#8222;Pay what you want &amp; can&#8220;. Orientierungswert inkl. Social 8 Euro \u2013 Vereinsmitglieder kostenfrei!<\/p>\n\n\n\n<p>Bitte denke besonders an den sehr hei\u00dfen Tagen an Wechselshirts, Handt\u00fccher etc. und gen\u00fcgend zu <strong>trinken<\/strong>. Im K.L.E.K.S. hilft zudem ein Ventilator gegen das schlimmste Schwitzen.<\/p>\n\n\n\n<p>Das Ende des Sommerprogramms und somit der Start der Drop-in Kurse feiern wir am Sonntag, 14.9.2025 mit Livemusik. <a href=\"https:\/\/www.swingnblues-wuerzburg.de\/index.php\/events\/save-the-date-14-09-2025\/\" target=\"_blank\" rel=\"noreferrer noopener\">Hier<\/a> alle weiteren Infos!<\/p>\n","protected":false},"excerpt":{"rendered":"<p>Wie in den vergangenen Jahren werden wir auch dieses Jahr unsere Kurse \u00fcber die Sommerferien etwas reduzieren. Statt 2 Kursen mit unterschiedlichen [&hellip;]<\/p>\n","protected":false},"author":5,"featured_media":0,"parent":0,"menu_order":0,"comment_status":"closed","ping_status":"closed","template":"page-templates\/page_fullwidth.php","meta":{"footnotes":""},"class_list":["post-5758","page","type-page","status-publish","hentry"],"featured_image_src":null,"_links":{"self":[{"href":"https:\/\/www.swingnblues-wuerzburg.de\/index.php\/wp-json\/wp\/v2\/pages\/5758","targetHints":{"allow":["GET"]}}],"collection":[{"href":"https:\/\/www.swingnblues-wuerzburg.de\/index.php\/wp-json\/wp\/v2\/pages"}],"about":[{"href":"https:\/\/www.swingnblues-wuerzburg.de\/index.php\/wp-json\/wp\/v2\/types\/page"}],"author":[{"embeddable":true,"href":"https:\/\/www.swingnblues-wuerzburg.de\/index.php\/wp-json\/wp\/v2\/users\/5"}],"replies":[{"embeddable":true,"href":"https:\/\/www.swingnblues-wuerzburg.de\/index.php\/wp-json\/wp\/v2\/comments?post=5758"}],"version-history":[{"count":9,"href":"https:\/\/www.swingnblues-wuerzburg.de\/index.php\/wp-json\/wp\/v2\/pages\/5758\/revisions"}],"predecessor-version":[{"id":5818,"href":"https:\/\/www.swingnblues-wuerzburg.de\/index.php\/wp-json\/wp\/v2\/pages\/5758\/revisions\/5818"}],"wp:attachment":[{"href":"https:\/\/www.swingnblues-wuerzburg.de\/index.php\/wp-json\/wp\/v2\/media?parent=5758"}],"curies":[{"name":"wp","href":"https:\/\/api.w.org\/{rel}","templated":true}]}}