{"id":5245,"date":"2025-04-13T11:45:27","date_gmt":"2025-04-13T09:45:27","guid":{"rendered":"https:\/\/www.swingnblues-wuerzburg.de\/?page_id=5245"},"modified":"2025-04-13T11:58:51","modified_gmt":"2025-04-13T09:58:51","slug":"collegiate-shag-schnell-verspielt-und-voller-geschichte","status":"publish","type":"page","link":"https:\/\/www.swingnblues-wuerzburg.de\/index.php\/collegiate-shag-schnell-verspielt-und-voller-geschichte\/","title":{"rendered":"Collegiate Shag \u2013 Schnell, verspielt und voller Geschichte"},"content":{"rendered":"\n<figure class=\"wp-block-embed is-type-video is-provider-youtube wp-block-embed-youtube wp-embed-aspect-16-9 wp-has-aspect-ratio\"><div class=\"wp-block-embed__wrapper\">\n<iframe loading=\"lazy\" title=\"Collegiate Shag Social Dance Demo\" width=\"1170\" height=\"658\" src=\"https:\/\/www.youtube.com\/embed\/KvWOCc4s-kc?feature=oembed\" frameborder=\"0\" allow=\"accelerometer; autoplay; clipboard-write; encrypted-media; gyroscope; picture-in-picture; web-share\" referrerpolicy=\"strict-origin-when-cross-origin\" allowfullscreen><\/iframe>\n<\/div><\/figure>\n\n\n\n<h4 class=\"wp-block-heading\"><strong>Was ist Collegiate Shag?<\/strong><\/h4>\n\n\n\n<p>Nicht selten, wenn die Musik schneller wird, wird die Tanzfl\u00e4che leerer. Aber es gibt T\u00e4nze, die lassen sich wundervoll entspannt und freudvoll zu rascher Musik tanzen \u2013 einer davon ist <strong>Collegiate Shag<\/strong>. Dieser lebendige, energiegeladene Paartanz stammt aus den 1920er- und 1930er-Jahren in den USA und geh\u00f6rt zu den urspr\u00fcnglichen Swingt\u00e4nzen.<\/p>\n\n\n\n<p>Mit seinem charakteristischen Bounce, den schnellen Fu\u00dfwechseln und der verspielten Partnerdynamik bringt Shag Schwung auf jede Tanzfl\u00e4che. Er wird meist in geschlossener Position getanzt und lebt vom Rhythmus, vom Groove \u2013 und von einer Prise Humor. Shag-T\u00e4nzer*innen feiern die Musik mit ihren F\u00fc\u00dfen, oft zu schnelleren Swing-St\u00fccken im Bereich von 180 bis \u00fcber 250 BPM.<\/p>\n\n\n\n<hr class=\"wp-block-separator has-alpha-channel-opacity\"\/>\n\n\n\n<h4 class=\"wp-block-heading\"><strong>Historischer Hintergrund<\/strong><\/h4>\n\n\n\n<p>Collegiate Shag entwickelte sich w\u00e4hrend des sogenannten \u201eSwing-Era\u201c-Booms in den Vereinigten Staaten. In den 1930ern tanzten junge Menschen \u2013 vor allem auf College-Campussen und in Tanzlokalen \u2013 zu Big-Band-Musik, Ragtime und Hot Jazz. Der Shag war besonders bei Studierenden beliebt und wurde von ihnen mit Begeisterung und Kreativit\u00e4t weiterentwickelt, daher auch der Name <em>&#8222;Collegiate&#8220; Shag<\/em>.<\/p>\n\n\n\n<p>Die Urspr\u00fcnge des Tanzes liegen jedoch tiefer: Wie viele Swingt\u00e4nze hat auch der Shag afroamerikanische Wurzeln. Seine charakteristischen rhythmischen Elemente und der starke Bezug zur Musik gehen zur\u00fcck auf afroamerikanische Tanztraditionen, die sich im Kontext von Lindy Hop, Charleston, und weiteren Jazz-basierten T\u00e4nzen entwickelten.<\/p>\n\n\n\n<p>\u00dcber die Jahre geriet Shag in den Hintergrund, wurde aber ab den 1980er- und 90er-Jahren durch die Swing-Revival-Bewegung wiederentdeckt und erfreut sich heute weltweit zunehmender Beliebtheit \u2013 nicht zuletzt wegen seiner Lebensfreude und der M\u00f6glichkeit, selbst schnellste Musik mit Leichtigkeit zu tanzen.<\/p>\n\n\n\n<hr class=\"wp-block-separator has-alpha-channel-opacity\"\/>\n\n\n\n<h4 class=\"wp-block-heading\"><strong>Respekt und kulturelle Anerkennung<\/strong><\/h4>\n\n\n\n<p>Wie bei allen afroamerikanischen Tanzstilen ist es auch beim Shag wichtig, nicht nur die Schritte zu lernen, sondern sich auch mit dem kulturellen Kontext auseinanderzusetzen. Ein respektvoller Umgang bedeutet, die afroamerikanischen Wurzeln dieser T\u00e4nze zu kennen und anzuerkennen.<\/p>\n","protected":false},"excerpt":{"rendered":"<p>Was ist Collegiate Shag? Nicht selten, wenn die Musik schneller wird, wird die Tanzfl\u00e4che leerer. Aber es gibt T\u00e4nze, die lassen sich [&hellip;]<\/p>\n","protected":false},"author":5,"featured_media":0,"parent":0,"menu_order":0,"comment_status":"closed","ping_status":"closed","template":"page-templates\/page_fullwidth.php","meta":{"footnotes":""},"class_list":["post-5245","page","type-page","status-publish","hentry"],"featured_image_src":null,"_links":{"self":[{"href":"https:\/\/www.swingnblues-wuerzburg.de\/index.php\/wp-json\/wp\/v2\/pages\/5245","targetHints":{"allow":["GET"]}}],"collection":[{"href":"https:\/\/www.swingnblues-wuerzburg.de\/index.php\/wp-json\/wp\/v2\/pages"}],"about":[{"href":"https:\/\/www.swingnblues-wuerzburg.de\/index.php\/wp-json\/wp\/v2\/types\/page"}],"author":[{"embeddable":true,"href":"https:\/\/www.swingnblues-wuerzburg.de\/index.php\/wp-json\/wp\/v2\/users\/5"}],"replies":[{"embeddable":true,"href":"https:\/\/www.swingnblues-wuerzburg.de\/index.php\/wp-json\/wp\/v2\/comments?post=5245"}],"version-history":[{"count":3,"href":"https:\/\/www.swingnblues-wuerzburg.de\/index.php\/wp-json\/wp\/v2\/pages\/5245\/revisions"}],"predecessor-version":[{"id":5250,"href":"https:\/\/www.swingnblues-wuerzburg.de\/index.php\/wp-json\/wp\/v2\/pages\/5245\/revisions\/5250"}],"wp:attachment":[{"href":"https:\/\/www.swingnblues-wuerzburg.de\/index.php\/wp-json\/wp\/v2\/media?parent=5245"}],"curies":[{"name":"wp","href":"https:\/\/api.w.org\/{rel}","templated":true}]}}