{"id":5244,"date":"2025-04-13T11:45:35","date_gmt":"2025-04-13T09:45:35","guid":{"rendered":"https:\/\/www.swingnblues-wuerzburg.de\/?page_id=5244"},"modified":"2025-04-13T11:59:12","modified_gmt":"2025-04-13T09:59:12","slug":"blues","status":"publish","type":"page","link":"https:\/\/www.swingnblues-wuerzburg.de\/index.php\/blues\/","title":{"rendered":"Blues"},"content":{"rendered":"\n<p>Blues hat als Musik eine gro\u00dfe Vielfalt an Stilen und Subgenres. Dementsprechend gibt es eine ebenso gro\u00dfe Vielfalt darauf zu tanzen. Ob in der offenen, geschlossen Haltung oder auch in enger Umarmung (Close embrace) ist hierbei Dir \u00fcberlassen. Noch dazu kann man alleine, zu zweit oder als Gruppe tanzen. Neugierig? Dann bist Du genau richtig hier!<\/p>\n\n\n\n<figure class=\"wp-block-embed is-type-video is-provider-youtube wp-block-embed-youtube wp-embed-aspect-16-9 wp-has-aspect-ratio\"><div class=\"wp-block-embed__wrapper\">\n<iframe loading=\"lazy\" title=\"Blues Fever 2024 - Teachers Presentation\" width=\"1170\" height=\"658\" src=\"https:\/\/www.youtube.com\/embed\/KfhCY0zK4bg?feature=oembed\" frameborder=\"0\" allow=\"accelerometer; autoplay; clipboard-write; encrypted-media; gyroscope; picture-in-picture; web-share\" referrerpolicy=\"strict-origin-when-cross-origin\" allowfullscreen><\/iframe>\n<\/div><\/figure>\n\n\n\n<figure class=\"wp-block-embed is-type-video is-provider-youtube wp-block-embed-youtube wp-embed-aspect-16-9 wp-has-aspect-ratio\"><div class=\"wp-block-embed__wrapper\">\n<iframe loading=\"lazy\" title=\"Blues Fever 2023 - Blues Idioms Teachers Introduction\" width=\"1170\" height=\"658\" src=\"https:\/\/www.youtube.com\/embed\/tdgUccKd-lo?feature=oembed\" frameborder=\"0\" allow=\"accelerometer; autoplay; clipboard-write; encrypted-media; gyroscope; picture-in-picture; web-share\" referrerpolicy=\"strict-origin-when-cross-origin\" allowfullscreen><\/iframe>\n<\/div><\/figure>\n\n\n\n<h4 class=\"wp-block-heading\"><strong>Was ist Blues-Paartanz?<\/strong><\/h4>\n\n\n\n<p>Blues-Paartanz ist eine ausdrucksstarke und improvisationsreiche Tanzform, die tief in der afroamerikanischen Kultur verwurzelt ist. Getanzt wird er meist zu Bluesmusik \u2013 mal langsam und gef\u00fchlvoll, mal rhythmisch und verspielt. Der Tanz zeichnet sich durch eine enge Verbindung der Tanzpartner*innen, feine K\u00f6rperbewegungen und ein sensibles Spiel mit dem musikalischen Ausdruck aus.<\/p>\n\n\n\n<p>Im Gegensatz zu vielen standardisierten T\u00e4nzen basiert der Blues-Tanz stark auf dem gegenseitigen Zuh\u00f6ren, auf Verbindung und Reaktion \u2013 oft spricht man von einem \u201eGespr\u00e4ch\u201c zwischen den Tanzenden. Dabei kann die F\u00fchrung flexibel sein \u2013 Rollen werden manchmal geteilt oder gewechselt, was Raum f\u00fcr kreative und gleichberechtigte Interaktion schafft.<\/p>\n\n\n\n<hr class=\"wp-block-separator has-alpha-channel-opacity\"\/>\n\n\n\n<h4 class=\"wp-block-heading\"><strong>Historischer Hintergrund<\/strong><\/h4>\n\n\n\n<p>Die Wurzeln des Blues-Tanzes liegen im sp\u00e4ten 19. und fr\u00fchen 20. Jahrhundert, in afroamerikanischen Communities des S\u00fcdens der USA. Dort entwickelten sich sowohl die Musik als auch die T\u00e4nze in einem sozialen Kontext \u2013 als Ausdruck von Freude, Schmerz, Widerstandskraft und Gemeinschaft.<\/p>\n\n\n\n<p>Blues-Tanz ist eng mit der Bluesmusik verwoben, die aus einem Zusammenspiel von afrikanischen Rhythmustraditionen, Spirituals, Work Songs und europ\u00e4ischer Harmonik entstand. W\u00e4hrend sich die Musik weiterentwickelte \u2013 von l\u00e4ndlichem Delta Blues bis hin zu urbanem Chicago Blues \u2013 ver\u00e4nderten sich auch die T\u00e4nze: vom Juke Joint und Rent Party \u00fcber Ballsaal-Stile bis hin zu individuellen Ausdrucksformen in Wohnzimmern, Bars und auf der Stra\u00dfe.<\/p>\n\n\n\n<p>Die urspr\u00fcnglichen Blues-T\u00e4nze wurden nicht in Tanzschulen entwickelt, sondern im sozialen Miteinander \u2013 in Juke Joints, Wohnzimmern oder bei Stra\u00dfenfesten. Das bedeutete: keine festen Schritte, sondern Musik sp\u00fcren, miteinander in Verbindung treten und sich im Tanz ausdr\u00fccken.<\/p>\n\n\n\n<hr class=\"wp-block-separator has-alpha-channel-opacity\"\/>\n\n\n\n<h4 class=\"wp-block-heading\"><strong>Respekt und kulturelle Anerkennung<\/strong><\/h4>\n\n\n\n<p>Blues zu tanzen bedeutet auch, die Geschichte, den Kontext und die Menschen zu w\u00fcrdigen, die ihn gepr\u00e4gt haben \u2013 und ihn nicht einfach nur als Stil oder Technik zu \u201e\u00fcbernehmen\u201c.<\/p>\n\n\n\n<p>Respektvoller Blues-Tanz bedeutet daher auch, sich mit der Geschichte auseinanderzusetzen, schwarze Stimmen zu h\u00f6ren, kulturelle Aneignung zu vermeiden und aktiv zum Erhalt sowie zur Wertsch\u00e4tzung dieser Tradition beizutragen.<\/p>\n","protected":false},"excerpt":{"rendered":"<p>Blues hat als Musik eine gro\u00dfe Vielfalt an Stilen und Subgenres. Dementsprechend gibt es eine ebenso gro\u00dfe Vielfalt darauf zu tanzen. Ob [&hellip;]<\/p>\n","protected":false},"author":5,"featured_media":0,"parent":0,"menu_order":0,"comment_status":"closed","ping_status":"closed","template":"page-templates\/page_fullwidth.php","meta":{"footnotes":""},"class_list":["post-5244","page","type-page","status-publish","hentry"],"featured_image_src":null,"_links":{"self":[{"href":"https:\/\/www.swingnblues-wuerzburg.de\/index.php\/wp-json\/wp\/v2\/pages\/5244","targetHints":{"allow":["GET"]}}],"collection":[{"href":"https:\/\/www.swingnblues-wuerzburg.de\/index.php\/wp-json\/wp\/v2\/pages"}],"about":[{"href":"https:\/\/www.swingnblues-wuerzburg.de\/index.php\/wp-json\/wp\/v2\/types\/page"}],"author":[{"embeddable":true,"href":"https:\/\/www.swingnblues-wuerzburg.de\/index.php\/wp-json\/wp\/v2\/users\/5"}],"replies":[{"embeddable":true,"href":"https:\/\/www.swingnblues-wuerzburg.de\/index.php\/wp-json\/wp\/v2\/comments?post=5244"}],"version-history":[{"count":3,"href":"https:\/\/www.swingnblues-wuerzburg.de\/index.php\/wp-json\/wp\/v2\/pages\/5244\/revisions"}],"predecessor-version":[{"id":5251,"href":"https:\/\/www.swingnblues-wuerzburg.de\/index.php\/wp-json\/wp\/v2\/pages\/5244\/revisions\/5251"}],"wp:attachment":[{"href":"https:\/\/www.swingnblues-wuerzburg.de\/index.php\/wp-json\/wp\/v2\/media?parent=5244"}],"curies":[{"name":"wp","href":"https:\/\/api.w.org\/{rel}","templated":true}]}}