{"id":5136,"date":"2025-04-01T16:53:26","date_gmt":"2025-04-01T14:53:26","guid":{"rendered":"https:\/\/www.swingnblues-wuerzburg.de\/?page_id=5136"},"modified":"2025-08-30T13:04:27","modified_gmt":"2025-08-30T11:04:27","slug":"fast-n-slow","status":"publish","type":"page","link":"https:\/\/www.swingnblues-wuerzburg.de\/index.php\/fast-n-slow\/","title":{"rendered":"May: Fast &#8217;n&#8216; Slow"},"content":{"rendered":"\n<p>Wer kennt es nicht, dass im Laufe eines Tanzabends ein Lied l\u00e4uft, man anf\u00e4ngt zu tanzen und dann ist es ist \u00fcberraschend schnell, oder so langsam das sich Lindy komisch anf\u00fchlt?<\/p>\n\n\n\n<p>F\u00fcr genau diesen Moment bringen wir Dir diesen Mai eine Reihe an Workshops mit Unterst\u00fctzung externer Teacher!<\/p>\n\n\n\n<p>Folgende Events sind geplant:<\/p>\n\n\n<div class=\"wp-block-image is-style-rounded\">\n<figure class=\"alignleft size-full is-resized\"><img loading=\"lazy\" decoding=\"async\" width=\"791\" height=\"1091\" src=\"https:\/\/www.swingnblues-wuerzburg.de\/wp-content\/uploads\/2025\/08\/shag_sophia_2.jpg\" alt=\"\" class=\"wp-image-5868\" style=\"width:310px;height:auto\" srcset=\"https:\/\/www.swingnblues-wuerzburg.de\/wp-content\/uploads\/2025\/08\/shag_sophia_2.jpg 791w, https:\/\/www.swingnblues-wuerzburg.de\/wp-content\/uploads\/2025\/08\/shag_sophia_2-218x300.jpg 218w, https:\/\/www.swingnblues-wuerzburg.de\/wp-content\/uploads\/2025\/08\/shag_sophia_2-742x1024.jpg 742w, https:\/\/www.swingnblues-wuerzburg.de\/wp-content\/uploads\/2025\/08\/shag_sophia_2-768x1059.jpg 768w, https:\/\/www.swingnblues-wuerzburg.de\/wp-content\/uploads\/2025\/08\/shag_sophia_2-230x317.jpg 230w, https:\/\/www.swingnblues-wuerzburg.de\/wp-content\/uploads\/2025\/08\/shag_sophia_2-350x483.jpg 350w, https:\/\/www.swingnblues-wuerzburg.de\/wp-content\/uploads\/2025\/08\/shag_sophia_2-480x662.jpg 480w\" sizes=\"auto, (max-width: 791px) 100vw, 791px\" \/><\/figure>\n<\/div>\n\n\n<p><strong>10.5.<\/strong> <strong>Fast!<\/strong> <br><a href=\"https:\/\/www.swingnblues-wuerzburg.de\/index.php\/collegiate-shag-schnell-verspielt-und-voller-geschichte\/\" target=\"_blank\" rel=\"noreferrer noopener\"><strong>Shag <\/strong><\/a><strong>Workshops<\/strong> <strong>mit Sophia (aus Freiburg, Foto links)<\/strong> und Michael<br><br><strong>13:00-14:45 Grundlagenkurs<\/strong> f\u00fcr alle Shag interessierten Personen<br><strong>15:30-17:15 Aufbaukurs<\/strong> (mindestens den Workshop vorher besucht)<br><br>ab <strong>19:30 Uhr Tanzabend<\/strong> mit gemischten Tempi (also offenes Event und absolut auch f\u00fcr <strong>nicht<\/strong>-Shag-Tanzende geeignet)<\/p>\n\n\n\n<div style=\"height:100px\" aria-hidden=\"true\" class=\"wp-block-spacer\"><\/div>\n\n\n<div class=\"wp-block-image is-style-rounded\">\n<figure class=\"alignright size-large is-resized\"><img loading=\"lazy\" decoding=\"async\" width=\"1778\" height=\"1777\" src=\"https:\/\/www.swingnblues-wuerzburg.de\/wp-content\/uploads\/2025\/04\/swingomania24_\u00a9-kristina-kostova_DSC_5634-scaled-1-edited.jpg\" alt=\"\" class=\"wp-image-5213\" style=\"width:331px;height:auto\" srcset=\"https:\/\/www.swingnblues-wuerzburg.de\/wp-content\/uploads\/2025\/04\/swingomania24_\u00a9-kristina-kostova_DSC_5634-scaled-1-edited.jpg 1778w, https:\/\/www.swingnblues-wuerzburg.de\/wp-content\/uploads\/2025\/04\/swingomania24_\u00a9-kristina-kostova_DSC_5634-scaled-1-edited-300x300.jpg 300w, https:\/\/www.swingnblues-wuerzburg.de\/wp-content\/uploads\/2025\/04\/swingomania24_\u00a9-kristina-kostova_DSC_5634-scaled-1-edited-1024x1024.jpg 1024w, https:\/\/www.swingnblues-wuerzburg.de\/wp-content\/uploads\/2025\/04\/swingomania24_\u00a9-kristina-kostova_DSC_5634-scaled-1-edited-150x150.jpg 150w, https:\/\/www.swingnblues-wuerzburg.de\/wp-content\/uploads\/2025\/04\/swingomania24_\u00a9-kristina-kostova_DSC_5634-scaled-1-edited-768x768.jpg 768w, https:\/\/www.swingnblues-wuerzburg.de\/wp-content\/uploads\/2025\/04\/swingomania24_\u00a9-kristina-kostova_DSC_5634-scaled-1-edited-1536x1536.jpg 1536w, https:\/\/www.swingnblues-wuerzburg.de\/wp-content\/uploads\/2025\/04\/swingomania24_\u00a9-kristina-kostova_DSC_5634-scaled-1-edited-1000x999.jpg 1000w, https:\/\/www.swingnblues-wuerzburg.de\/wp-content\/uploads\/2025\/04\/swingomania24_\u00a9-kristina-kostova_DSC_5634-scaled-1-edited-230x230.jpg 230w, https:\/\/www.swingnblues-wuerzburg.de\/wp-content\/uploads\/2025\/04\/swingomania24_\u00a9-kristina-kostova_DSC_5634-scaled-1-edited-350x350.jpg 350w, https:\/\/www.swingnblues-wuerzburg.de\/wp-content\/uploads\/2025\/04\/swingomania24_\u00a9-kristina-kostova_DSC_5634-scaled-1-edited-480x480.jpg 480w\" sizes=\"auto, (max-width: 1778px) 100vw, 1778px\" \/><\/figure>\n<\/div>\n\n\n<p><strong>18.5. Slow!<\/strong><br><strong>11-13 Uhr <\/strong><a href=\"https:\/\/www.swingnblues-wuerzburg.de\/index.php\/blues\/\" target=\"_blank\" rel=\"noreferrer noopener\"><strong>Blues<\/strong> <\/a>(all Level) <strong>mit Veronika (aus N\u00fcrnberg, Foto rechts)<\/strong> und Heiko<br><strong>14-15 Uhr <a href=\"https:\/\/www.youtube.com\/watch?v=eUPh_Hv8JD8\" data-type=\"link\" data-id=\"https:\/\/www.youtube.com\/watch?v=eUPh_Hv8JD8\" target=\"_blank\" rel=\"noreferrer noopener\">Slow Lindy<\/a><\/strong> (Lindy Hop Basiswissen zwingend ben\u00f6tigt) <strong>mit Veronika (aus N\u00fcrnberg)<\/strong> und Veronika (Foto links)<br><br><strong>15:00-17 Uhr <a href=\"https:\/\/www.swingnblues-wuerzburg.de\/index.php\/tea-dance-swing-tee-sonnenschein\/\" target=\"_blank\" rel=\"noreferrer noopener\">Tea Dance<\/a> <\/strong>mit einer Mischung aus Blues, Lindy Hop und Shag<\/p>\n\n\n\n<p>Das sagt Dir alles nicht viel? Wenn Du auf den <strong>jeweiligen Tanz klickst<\/strong> findest Du, neben der Geschichte, auch ein paar Videos in welchen die T\u00e4nze demonstriert werden. Das hilft bei der Entscheidung, welche etwas f\u00fcr Dich sind! \ud83d\ude42 <\/p>\n\n\n\n<p><\/p>\n\n\n\n<p>Du kannst nat\u00fcrlich dich nur f\u00fcr einzelne Workshops anmelden, oder auch f\u00fcr mehrere. Slow Lindy ist relativ selbsterkl\u00e4rend: Lindy Hop so gestalten, dass sich langsame Lieder besser anf\u00fchlen!<\/p>\n\n\n\n<p><strong>Workshopkosten<\/strong>:<br>Die Bezahlung des Workshops erfolgt nach dem Prinzip \u201e<strong>Pay what you can<\/strong>\u201c. So wollen wir allen Personen eine Teilnahme an den Workshops erm\u00f6glichen. Der Richtwert liegt dabei bei <strong>20\u20ac pro 2h-Workshopeinheit inkl. Social,<\/strong> f\u00fcr Vereinsmitglieder 10\u20ac. Wenn Du Dir das aktuell nicht leisten kannst gib gerne weniger, Du schuldest uns keinerlei Rechenschaft hierf\u00fcr. Wenn Du finanziell gut aufgestellt bist, \u00fcberleg gerne ob Du mehr geben kannst damit das Modell weiterhin funktioniert.<\/p>\n\n\n\n<p>Wir w\u00fcrden uns freuen wenn Du den Teilnehmerbeitrag im Vorraus <strong>\u00fcberweist <\/strong>(in dem Fall bekommt ausschlie\u00dflich der Vorstand aus buchhalterisch notwendiger Sicht zu sehen, was du bezahlt hast, ansonsten vermerken wir das nicht.) Alternativ wird es vor Ort gibt es eine <strong>Box <\/strong>geben, in welche Du vertrauensvoll Dein Geld einwirfst<\/p>\n\n\n\n<p><strong>F\u00fcr Alles z\u00e4hlt:<\/strong><br>&#8211; keine Partnerperson ben\u00f6tigt<br>&#8211; Tanzrolle ist unabh\u00e4ngig vom Geschlecht<br>&#8211; Indoor-Wechselschuhe mitbringen<br>&#8211; bitte eigene Getr\u00e4nke mitbringen<\/p>\n\n\n\n<h4 class=\"wp-block-heading\">Anmeldung<\/h4>\n\n\n\n<p>F\u00fcr die <strong>Workshops<\/strong> (Einzelbuchung m\u00f6glich) bitten wir um m\u00f6glichst zeitnahe <strong>Anmeldung. Diese findest Du <mark style=\"background-color:rgba(0, 0, 0, 0)\" class=\"has-inline-color has-vivid-red-color\"><a href=\"https:\/\/forms.gle\/kjHLfG2cZ3D5gVhAA\" target=\"_blank\" rel=\"noreferrer noopener\">hier<\/a><\/mark>.<\/strong> Bei mindestens 6 Anmeldungen findet das Event statt. Eine best\u00e4tigte Anmeldung <strong>garantiert Dir die Teilnahme<\/strong>, spontan vorbei kommen ist auch eine Option!<\/p>\n\n\n\n<p class=\"has-black-color has-text-color has-background\" style=\"background-color:#a37a0063\"><mark style=\"background-color:rgba(0, 0, 0, 0)\" class=\"has-inline-color has-black-color\"><strong>Der Tanzabend und der <a href=\"https:\/\/www.swingnblues-wuerzburg.de\/index.php\/tea-dance-swing-tee-sonnenschein\/\" data-type=\"link\" data-id=\"https:\/\/www.swingnblues-wuerzburg.de\/index.php\/tea-dance-swing-tee-sonnenschein\/\">Tea Dance<\/a> <\/strong>sind nat\u00fcrlich f\u00fcr alle Personen offen <strong>ohne Voranmeldung.<\/strong> Wir freuen uns bei Unterst\u00fctzung am Buffett, gern auch gesunde oder deftige Optionen neben dem beliebten S\u00fc\u00dfkram. Hier wird ebenfalls nach dem <strong>Pay what you can-Prinzip<\/strong> gezahlt, <strong>Orientierungspreis 5\u20ac<\/strong> in die bekannte Box. Vereinsmitglieder kostenfrei.<\/mark><\/p>\n\n\n\n<p>Unsere <strong>Location <\/strong>wird, wie gewohnt, das KLEKS, Matterstockstr. 32, W\u00fcrzburg Gromb\u00fchl sein. Eine interaktive Karte mit besonders hervorgehobenen Orten wie \u00f6ffentliche Verkehrsmittel, Parkpl\u00e4tze, Restaurants und Superm\u00e4rkten findest du online <a href=\"https:\/\/www.google.com\/maps\/d\/viewer?mid=1Dxj9vooUSx9Ti0cUMn5RM8nNxXw-RNw&amp;usp=sharing\" target=\"_blank\" rel=\"noreferrer noopener\">hier<\/a>:<\/p>\n\n\n\n<figure class=\"wp-block-image\"><a href=\"https:\/\/www.google.com\/maps\/d\/viewer?mid=1Dxj9vooUSx9Ti0cUMn5RM8nNxXw-RNw&amp;usp=sharing\" target=\"_blank\" rel=\"noreferrer noopener\"><img loading=\"lazy\" decoding=\"async\" width=\"1024\" height=\"603\" src=\"https:\/\/www.swingnblues-wuerzburg.de\/wp-content\/uploads\/2025\/02\/maps-1024x603.jpg\" alt=\"\" class=\"wp-image-4683\" srcset=\"https:\/\/www.swingnblues-wuerzburg.de\/wp-content\/uploads\/2025\/02\/maps-1024x603.jpg 1024w, https:\/\/www.swingnblues-wuerzburg.de\/wp-content\/uploads\/2025\/02\/maps-300x177.jpg 300w, https:\/\/www.swingnblues-wuerzburg.de\/wp-content\/uploads\/2025\/02\/maps-768x453.jpg 768w, https:\/\/www.swingnblues-wuerzburg.de\/wp-content\/uploads\/2025\/02\/maps-1000x589.jpg 1000w, https:\/\/www.swingnblues-wuerzburg.de\/wp-content\/uploads\/2025\/02\/maps-230x136.jpg 230w, https:\/\/www.swingnblues-wuerzburg.de\/wp-content\/uploads\/2025\/02\/maps-350x206.jpg 350w, https:\/\/www.swingnblues-wuerzburg.de\/wp-content\/uploads\/2025\/02\/maps-480x283.jpg 480w, https:\/\/www.swingnblues-wuerzburg.de\/wp-content\/uploads\/2025\/02\/maps.jpg 1193w\" sizes=\"auto, (max-width: 1024px) 100vw, 1024px\" \/><\/a><\/figure>\n\n\n\n<p><\/p>\n","protected":false},"excerpt":{"rendered":"<p>Wer kennt es nicht, dass im Laufe eines Tanzabends ein Lied l\u00e4uft, man anf\u00e4ngt zu tanzen und dann ist es ist \u00fcberraschend [&hellip;]<\/p>\n","protected":false},"author":5,"featured_media":3753,"parent":0,"menu_order":0,"comment_status":"closed","ping_status":"closed","template":"page-templates\/page_fullwidth.php","meta":{"footnotes":""},"class_list":["post-5136","page","type-page","status-publish","has-post-thumbnail","hentry"],"featured_image_src":"https:\/\/www.swingnblues-wuerzburg.de\/wp-content\/uploads\/2024\/06\/lets-dance-with-us.png","_links":{"self":[{"href":"https:\/\/www.swingnblues-wuerzburg.de\/index.php\/wp-json\/wp\/v2\/pages\/5136","targetHints":{"allow":["GET"]}}],"collection":[{"href":"https:\/\/www.swingnblues-wuerzburg.de\/index.php\/wp-json\/wp\/v2\/pages"}],"about":[{"href":"https:\/\/www.swingnblues-wuerzburg.de\/index.php\/wp-json\/wp\/v2\/types\/page"}],"author":[{"embeddable":true,"href":"https:\/\/www.swingnblues-wuerzburg.de\/index.php\/wp-json\/wp\/v2\/users\/5"}],"replies":[{"embeddable":true,"href":"https:\/\/www.swingnblues-wuerzburg.de\/index.php\/wp-json\/wp\/v2\/comments?post=5136"}],"version-history":[{"count":53,"href":"https:\/\/www.swingnblues-wuerzburg.de\/index.php\/wp-json\/wp\/v2\/pages\/5136\/revisions"}],"predecessor-version":[{"id":5871,"href":"https:\/\/www.swingnblues-wuerzburg.de\/index.php\/wp-json\/wp\/v2\/pages\/5136\/revisions\/5871"}],"wp:featuredmedia":[{"embeddable":true,"href":"https:\/\/www.swingnblues-wuerzburg.de\/index.php\/wp-json\/wp\/v2\/media\/3753"}],"wp:attachment":[{"href":"https:\/\/www.swingnblues-wuerzburg.de\/index.php\/wp-json\/wp\/v2\/media?parent=5136"}],"curies":[{"name":"wp","href":"https:\/\/api.w.org\/{rel}","templated":true}]}}