{"id":5128,"date":"2025-04-01T13:14:27","date_gmt":"2025-04-01T11:14:27","guid":{"rendered":"https:\/\/www.swingnblues-wuerzburg.de\/?page_id=5128"},"modified":"2026-03-14T13:51:11","modified_gmt":"2026-03-14T12:51:11","slug":"einstiegsworkshop","status":"publish","type":"page","link":"https:\/\/www.swingnblues-wuerzburg.de\/index.php\/einstiegsworkshop\/","title":{"rendered":"Lindy Hop-Einstiegsworkshop"},"content":{"rendered":"\n<p class=\"has-black-color has-text-color has-background\" style=\"background-color:#a37a0063\"><strong>Die <\/strong><mark style=\"background-color:rgba(0, 0, 0, 0)\" class=\"has-inline-color has-black-color\"><strong>n\u00e4chsten Termine:<\/strong><\/mark><br><strong>Sa, 9.5.2026<\/strong><br>weitere folgen!<\/p>\n\n\n\n<p>Brauchst du etwas mehr Lindy Hop in Deinem Leben? Oder kennst Du Jemanden? Dann ist dies die Gelegenheit f\u00fcr Dich\/diese Person! Lindy Hop beinhaltet nicht nur belebende Swing-Musik, sondern auch noch eine tolle Community, wegbrechen von gesellschaftlichen steifen Tanzregeln und zu guter letzt regt es noch Dein Hirn an! Der perfekte Ausgleichssport.<\/p>\n\n\n\n<p class=\"has-text-align-left\">Dieser<strong> Workshop<\/strong> setzt die <strong>Grundlagen <\/strong>f\u00fcr Deine <strong>ersten <\/strong>Lindy Hop T\u00e4nze, bietet aber auch die M\u00f6glichkeit des <strong>Rollentauschs <\/strong>oder zu <strong>wiederholen<\/strong>. Anschlie\u00dfend bist Du bereit beim Basiskurs mittwochs teilzunehmen.<\/p>\n\n\n\n<p>Diese Art von Workshop wird <strong>ca. alle 1-3 Monate <\/strong>stattfinden. Abonniere gerne unseren <a href=\"https:\/\/www.swingnblues-wuerzburg.de\/index.php\/newsletter\/\" target=\"_blank\" rel=\"noreferrer noopener\">Newsletter<\/a> um mitzubekommen, wann der N\u00e4chste stattfindet!<\/p>\n\n\n\n<p>Hier ein paar <strong>Eindr\u00fccke <\/strong>f\u00fcr Dich, welche Vielfalt Lindy Hop bietet:<\/p>\n\n\n\n<div class=\"wp-block-columns is-layout-flex wp-container-core-columns-is-layout-9d6595d7 wp-block-columns-is-layout-flex\">\n<div class=\"wp-block-column is-layout-flow wp-block-column-is-layout-flow\">\n<figure class=\"wp-block-embed is-type-video is-provider-youtube wp-block-embed-youtube wp-embed-aspect-16-9 wp-has-aspect-ratio\"><div class=\"wp-block-embed__wrapper\">\n<iframe loading=\"lazy\" title=\"Gothenburg Queer Lindy Festival 2017 - Mix &amp; Match Finals\" width=\"1170\" height=\"658\" src=\"https:\/\/www.youtube.com\/embed\/-xmk4mMgF44?feature=oembed\" frameborder=\"0\" allow=\"accelerometer; autoplay; clipboard-write; encrypted-media; gyroscope; picture-in-picture; web-share\" referrerpolicy=\"strict-origin-when-cross-origin\" allowfullscreen><\/iframe>\n<\/div><\/figure>\n<\/div>\n\n\n\n<div class=\"wp-block-column is-layout-flow wp-block-column-is-layout-flow\">\n<p><a href=\"https:\/\/www.instagram.com\/reel\/C6MNdu1oa6u\/?utm_source=ig_web_copy_link&amp;igsh=MzRlODBiNWFlZA==\" target=\"_blank\" rel=\"noreferrer noopener\">Hier tanzen wir auf Instagram!<\/a><\/p>\n<\/div>\n<\/div>\n\n\n\n<div style=\"height:100px\" aria-hidden=\"true\" class=\"wp-block-spacer\"><\/div>\n\n\n\n<p><br><br><strong>Ablauf<\/strong> 9.05.26: <br>check in ab: 10:15 Uhr<br>10:30 &#8211; 12:30 Uhr Workshop mit anschlie\u00dfender Gespr\u00e4chs- und Tanzoption<br><br>Wir bitten Dich um eine kurze <strong>Anmeldung<\/strong> \u00fcber das Formular hinter <a href=\"https:\/\/cloud.snbw.de\/apps\/forms\/s\/8BbTM7gsmg4DzJNnT7S7TRdH\" target=\"_blank\" rel=\"noreferrer noopener\">diesem Link.<\/a> Eine best\u00e4tigte Anmeldung <strong>garantiert Dir die Teilnahme<\/strong>, spontan vorbei kommen ist auch eine Option!<\/p>\n\n\n\n<p><strong>Kosten<\/strong>:<br>Die Bezahlung des Workshops erfolgt nach dem Spendenprinzip \u201e<strong>Pay what you can<\/strong>\u201c. So wollen wir allen Personen eine Teilnahme an den Workshops erm\u00f6glichen. Der Richtwert liegt dabei bei <strong>10 \u20ac,<\/strong> f\u00fcr Vereinsmitglieder kostenfrei. Wenn Du Dir das aktuell nicht leisten kannst gib gerne weniger, Du schuldest uns keinerlei Rechenschaft hierf\u00fcr. Wenn Du finanziell gut aufgestellt bist, \u00fcberleg gerne ob Du mehr geben kannst damit das Modell weiterhin funktioniert.<\/p>\n\n\n\n<p><strong>Organisatorisches<\/strong>:<br>\u2013 keine Partnerperson ben\u00f6tigt, wir tauschen im Kurs<br>\u2013 Tanzrolle unabh\u00e4ngig vom Geschlecht<br>\u2013 Indoor-Wechselschuhe unbedingt mitbringen, Handtuch optional<br>\u2013 bitte eigene Getr\u00e4nke mitbringen<\/p>\n\n\n\n<p>Unsere <strong>Location <\/strong>wird das <a href=\"https:\/\/www.swingnblues-wuerzburg.de\/index.php\/locations\/kleks-haus-wuerzburg\/\" target=\"_blank\" rel=\"noreferrer noopener\">KLEKS-Haus<\/a>, Matterstockstr. 32, W\u00fcrzburg Gromb\u00fchl sein. Eine interaktive Karte mit besonders hervorgehobenen Orten, wie \u00f6ffentliche Verkehrsmittel, Parkpl\u00e4tze, Restaurants und Superm\u00e4rkte findest Du online <a href=\"https:\/\/www.google.com\/maps\/d\/viewer?mid=1Dxj9vooUSx9Ti0cUMn5RM8nNxXw-RNw&amp;usp=sharing\" target=\"_blank\" rel=\"noreferrer noopener\">hier<\/a>.<\/p>\n","protected":false},"excerpt":{"rendered":"<p>Die n\u00e4chsten Termine:Sa, 9.5.2026weitere folgen! Brauchst du etwas mehr Lindy Hop in Deinem Leben? Oder kennst Du Jemanden? Dann ist dies die [&hellip;]<\/p>\n","protected":false},"author":5,"featured_media":6576,"parent":0,"menu_order":0,"comment_status":"closed","ping_status":"closed","template":"page-templates\/page_fullwidth.php","meta":{"footnotes":""},"class_list":["post-5128","page","type-page","status-publish","has-post-thumbnail","hentry"],"featured_image_src":"https:\/\/www.swingnblues-wuerzburg.de\/wp-content\/uploads\/2025\/12\/IMG_4417-Kopie.jpeg","_links":{"self":[{"href":"https:\/\/www.swingnblues-wuerzburg.de\/index.php\/wp-json\/wp\/v2\/pages\/5128","targetHints":{"allow":["GET"]}}],"collection":[{"href":"https:\/\/www.swingnblues-wuerzburg.de\/index.php\/wp-json\/wp\/v2\/pages"}],"about":[{"href":"https:\/\/www.swingnblues-wuerzburg.de\/index.php\/wp-json\/wp\/v2\/types\/page"}],"author":[{"embeddable":true,"href":"https:\/\/www.swingnblues-wuerzburg.de\/index.php\/wp-json\/wp\/v2\/users\/5"}],"replies":[{"embeddable":true,"href":"https:\/\/www.swingnblues-wuerzburg.de\/index.php\/wp-json\/wp\/v2\/comments?post=5128"}],"version-history":[{"count":73,"href":"https:\/\/www.swingnblues-wuerzburg.de\/index.php\/wp-json\/wp\/v2\/pages\/5128\/revisions"}],"predecessor-version":[{"id":6741,"href":"https:\/\/www.swingnblues-wuerzburg.de\/index.php\/wp-json\/wp\/v2\/pages\/5128\/revisions\/6741"}],"wp:featuredmedia":[{"embeddable":true,"href":"https:\/\/www.swingnblues-wuerzburg.de\/index.php\/wp-json\/wp\/v2\/media\/6576"}],"wp:attachment":[{"href":"https:\/\/www.swingnblues-wuerzburg.de\/index.php\/wp-json\/wp\/v2\/media?parent=5128"}],"curies":[{"name":"wp","href":"https:\/\/api.w.org\/{rel}","templated":true}]}}