{"id":5087,"date":"2025-03-25T10:29:54","date_gmt":"2025-03-25T09:29:54","guid":{"rendered":"https:\/\/www.swingnblues-wuerzburg.de\/?page_id=5087"},"modified":"2025-04-11T10:02:16","modified_gmt":"2025-04-11T08:02:16","slug":"shim-sham-workshop_april25","status":"publish","type":"page","link":"https:\/\/www.swingnblues-wuerzburg.de\/index.php\/shim-sham-workshop_april25\/","title":{"rendered":"12. April: Shim Sham (Solo Jazz)"},"content":{"rendered":"\n<p>Es ist wieder soweit: Wir zeigen wieder, dass der sogenannte Shim Sham eine eigentlich ganz leichte, aber dennoch spa\u00dfige und wichtige Swingtanz-Choreografie ist. <\/p>\n\n\n\n<p><strong><mark style=\"background-color:rgba(0, 0, 0, 0);color:#a90519\" class=\"has-inline-color\">Lerne &#8222;die&#8220; Routine aller<\/mark><mark style=\"background-color:rgba(0, 0, 0, 0)\" class=\"has-inline-color has-black-color\"> <\/mark><mark style=\"background-color:rgba(0, 0, 0, 0);color:#a90519\" class=\"has-inline-color\">Lindy-T\u00e4nzer*innen an nur einem Abend! Auch f\u00fcr Neueinsteiger:innen ohne Vorkenntnisse in Lindy Hop, Solo-Jazz oder anderen (Swing-)T\u00e4nzen geeignet.<\/mark><\/strong><\/p>\n\n\n\n<p>Der Shim Sham ist eigentlich eine Choreografie f\u00fcr Solo-T\u00e4nzer:innen aus dem Stepptanz, wird aber weltweit in abgewandelter Form von Swing-T\u00e4nzer:innen getanzt.<strong> Wenn Du diese Linedance-Schrittfolge kennst, kannst Du bei jedem Social Dance auf der Welt sofort mit auf die Tanzfl\u00e4che st\u00fcrmen, sobald die bekannten Shim Sham-Lieder kommen. <\/strong>Der Shim Sham wird oft zum Lied &#8222;\u00b4Tain&#8217;t what you do&#8220; getanzt. <\/p>\n\n\n<div class=\"wp-block-image\">\n<figure class=\"alignright size-large is-resized\"><img loading=\"lazy\" decoding=\"async\" width=\"576\" height=\"1024\" src=\"https:\/\/www.swingnblues-wuerzburg.de\/wp-content\/uploads\/2025\/04\/Michael_shim-sham-576x1024.jpg\" alt=\"\" class=\"wp-image-5205\" style=\"width:393px;height:auto\" srcset=\"https:\/\/www.swingnblues-wuerzburg.de\/wp-content\/uploads\/2025\/04\/Michael_shim-sham-576x1024.jpg 576w, https:\/\/www.swingnblues-wuerzburg.de\/wp-content\/uploads\/2025\/04\/Michael_shim-sham-169x300.jpg 169w, https:\/\/www.swingnblues-wuerzburg.de\/wp-content\/uploads\/2025\/04\/Michael_shim-sham-768x1365.jpg 768w, https:\/\/www.swingnblues-wuerzburg.de\/wp-content\/uploads\/2025\/04\/Michael_shim-sham-864x1536.jpg 864w, https:\/\/www.swingnblues-wuerzburg.de\/wp-content\/uploads\/2025\/04\/Michael_shim-sham-1000x1778.jpg 1000w, https:\/\/www.swingnblues-wuerzburg.de\/wp-content\/uploads\/2025\/04\/Michael_shim-sham-230x409.jpg 230w, https:\/\/www.swingnblues-wuerzburg.de\/wp-content\/uploads\/2025\/04\/Michael_shim-sham-350x622.jpg 350w, https:\/\/www.swingnblues-wuerzburg.de\/wp-content\/uploads\/2025\/04\/Michael_shim-sham-480x853.jpg 480w, https:\/\/www.swingnblues-wuerzburg.de\/wp-content\/uploads\/2025\/04\/Michael_shim-sham.jpg 1080w\" sizes=\"auto, (max-width: 576px) 100vw, 576px\" \/><\/figure>\n<\/div>\n\n\n<p class=\"has-black-color has-text-color has-link-color wp-elements-097d119e677040f854e2e8fca938f4cc\">Durch den Shim Sham lernst Du zugleich einige Solo Jazz-Schritte kennen, die Du auch in den Lindy-Paartanz einbauen kannst und die Dein Tanz- und Rhythmusgef\u00fchl st\u00e4rken.<\/p>\n\n\n\n<p class=\"has-vivid-red-color has-text-color has-link-color wp-elements-72335d2f81e912873887bc408faf4c1e\"><strong>Samstag, 12. April,<\/strong> <mark style=\"background-color:rgba(0, 0, 0, 0)\" class=\"has-inline-color has-black-color\">14-16 Uhr Shim Sham<\/mark><\/p>\n\n\n\n<p class=\"has-vivid-red-color has-text-color has-link-color wp-elements-2de17a8f9bdbf24ddd9beee2f3145116\"><mark style=\"background-color:rgba(0, 0, 0, 0)\" class=\"has-inline-color has-black-color\">ab 20 Uhr spielt dann eine Live Band aus Freiburg f\u00fcr uns, mehr Infos findest Du <a href=\"https:\/\/www.swingnblues-wuerzburg.de\/index.php\/12-april-killin-jivers\/\">hier!<\/a><\/mark> <mark style=\"background-color:rgba(0, 0, 0, 0)\" class=\"has-inline-color has-black-color\"><strong>Wichtig<\/strong> Locationwechsel<\/mark>: <a href=\"https:\/\/maps.app.goo.gl\/fuhsAd8PzoDzkZf96\">ESG<\/a>, <mark style=\"background-color:rgba(0, 0, 0, 0)\" class=\"has-inline-color has-black-color\">Friedrich-Ebert-Ring 27B, 97072 W\u00fcrzburg.<\/mark><br>&#8218;<br>&#8218;<mark style=\"background-color:rgba(0, 0, 0, 0)\" class=\"has-inline-color has-black-color\">Am Tag drauf (Sonntag, <strong>13. April) <\/strong>gibt es einen Lindy Hop Anf\u00e4ngerworkshop, mehr dazu <a href=\"https:\/\/www.swingnblues-wuerzburg.de\/index.php\/13-april-lindy-hop-grundlagenworkshop\/\">hier<\/a>.<\/mark><br><br><strong>Adresse <\/strong><a href=\"https:\/\/www.kleks-kultur.de\/\" target=\"_blank\" rel=\"noreferrer noopener\"><\/a><br><mark style=\"background-color:rgba(0, 0, 0, 0)\" class=\"has-inline-color has-black-color\"><a href=\"https:\/\/www.swingnblues-wuerzburg.de\/index.php\/locations\/kleks-haus-wuerzburg\/\" target=\"_blank\" rel=\"noreferrer noopener\">K.L.E.K.S<\/a> in <strong>Gromb\u00fchl<\/strong><br><strong>Matterstockstra\u00dfe 32.<\/strong><br>97080 W\u00fcrzburg<\/mark><\/p>\n\n\n\n<p>Eine interaktive Karte mit besonders hervorgehobenen Orten wie \u00f6ffentliche Verkehrsmittel, Parkpl\u00e4tze, Restaurants und Superm\u00e4rkten findest du online <a href=\"https:\/\/www.google.com\/maps\/d\/viewer?mid=1Dxj9vooUSx9Ti0cUMn5RM8nNxXw-RNw&amp;usp=sharing\">hier<\/a>:<\/p>\n\n\n\n<p class=\"has-vivid-red-color has-text-color has-link-color wp-elements-cd47b9ddd9d8e0e1e5fa452409fed00a\"><br>Anmeldung: ist nicht n\u00f6tig; einfach vorbeikommen<br>Teacher: Michael<br>Preis: Pay what you want &amp; can (Richtwert 15 Euro), f\u00fcr Vereinsmitglieder kostenlos<\/p>\n\n\n\n<p>Hier bekommst Du ein paar Eindr\u00fccke vom Shim Sham (Wenn die Videos nicht richtig angezeigt werden, einfach auf &#8222;Bei YouTube ansehen&#8220; klicken):<\/p>\n\n\n\n<figure class=\"wp-block-embed is-type-video is-provider-youtube wp-block-embed-youtube wp-embed-aspect-16-9 wp-has-aspect-ratio\"><div class=\"wp-block-embed__wrapper\">\n<iframe loading=\"lazy\" title=\"Tain&#039;t What You Do \u272a Shim Sham \u2022 \u2022 LindyHop\" width=\"1170\" height=\"658\" src=\"https:\/\/www.youtube.com\/embed\/nCNVYvDDkts?feature=oembed\" frameborder=\"0\" allow=\"accelerometer; autoplay; clipboard-write; encrypted-media; gyroscope; picture-in-picture; web-share\" referrerpolicy=\"strict-origin-when-cross-origin\" allowfullscreen><\/iframe>\n<\/div><\/figure>\n\n\n\n<figure class=\"wp-block-embed is-type-video is-provider-youtube wp-block-embed-youtube wp-embed-aspect-4-3 wp-has-aspect-ratio\"><div class=\"wp-block-embed__wrapper\">\n<iframe loading=\"lazy\" title=\"Shim Sham\" width=\"1170\" height=\"878\" src=\"https:\/\/www.youtube.com\/embed\/bjfM4Wrj9UI?feature=oembed\" frameborder=\"0\" allow=\"accelerometer; autoplay; clipboard-write; encrypted-media; gyroscope; picture-in-picture; web-share\" referrerpolicy=\"strict-origin-when-cross-origin\" allowfullscreen><\/iframe>\n<\/div><\/figure>\n\n\n\n<figure class=\"wp-block-embed is-type-video is-provider-youtube wp-block-embed-youtube wp-embed-aspect-4-3 wp-has-aspect-ratio\"><div class=\"wp-block-embed__wrapper\">\n<iframe loading=\"lazy\" title=\"Global Shim Sham for Frankie\" width=\"1170\" height=\"878\" src=\"https:\/\/www.youtube.com\/embed\/g_k_BIA_unI?feature=oembed\" frameborder=\"0\" allow=\"accelerometer; autoplay; clipboard-write; encrypted-media; gyroscope; picture-in-picture; web-share\" referrerpolicy=\"strict-origin-when-cross-origin\" allowfullscreen><\/iframe>\n<\/div><\/figure>\n","protected":false},"excerpt":{"rendered":"<p>Es ist wieder soweit: Wir zeigen wieder, dass der sogenannte Shim Sham eine eigentlich ganz leichte, aber dennoch spa\u00dfige und wichtige Swingtanz-Choreografie [&hellip;]<\/p>\n","protected":false},"author":2,"featured_media":887,"parent":0,"menu_order":0,"comment_status":"closed","ping_status":"closed","template":"page-templates\/page_fullwidth.php","meta":{"footnotes":""},"class_list":["post-5087","page","type-page","status-publish","has-post-thumbnail","hentry"],"featured_image_src":"https:\/\/www.swingnblues-wuerzburg.de\/wp-content\/uploads\/2022\/01\/Shim-Sham-Collage-Pic.jpg","_links":{"self":[{"href":"https:\/\/www.swingnblues-wuerzburg.de\/index.php\/wp-json\/wp\/v2\/pages\/5087","targetHints":{"allow":["GET"]}}],"collection":[{"href":"https:\/\/www.swingnblues-wuerzburg.de\/index.php\/wp-json\/wp\/v2\/pages"}],"about":[{"href":"https:\/\/www.swingnblues-wuerzburg.de\/index.php\/wp-json\/wp\/v2\/types\/page"}],"author":[{"embeddable":true,"href":"https:\/\/www.swingnblues-wuerzburg.de\/index.php\/wp-json\/wp\/v2\/users\/2"}],"replies":[{"embeddable":true,"href":"https:\/\/www.swingnblues-wuerzburg.de\/index.php\/wp-json\/wp\/v2\/comments?post=5087"}],"version-history":[{"count":12,"href":"https:\/\/www.swingnblues-wuerzburg.de\/index.php\/wp-json\/wp\/v2\/pages\/5087\/revisions"}],"predecessor-version":[{"id":5240,"href":"https:\/\/www.swingnblues-wuerzburg.de\/index.php\/wp-json\/wp\/v2\/pages\/5087\/revisions\/5240"}],"wp:featuredmedia":[{"embeddable":true,"href":"https:\/\/www.swingnblues-wuerzburg.de\/index.php\/wp-json\/wp\/v2\/media\/887"}],"wp:attachment":[{"href":"https:\/\/www.swingnblues-wuerzburg.de\/index.php\/wp-json\/wp\/v2\/media?parent=5087"}],"curies":[{"name":"wp","href":"https:\/\/api.w.org\/{rel}","templated":true}]}}