{"id":4777,"date":"2025-02-17T19:23:17","date_gmt":"2025-02-17T18:23:17","guid":{"rendered":"https:\/\/www.swingnblues-wuerzburg.de\/?page_id=4777"},"modified":"2026-03-19T15:07:57","modified_gmt":"2026-03-19T14:07:57","slug":"mitglied-werden","status":"publish","type":"page","link":"https:\/\/www.swingnblues-wuerzburg.de\/index.php\/mitglied-werden\/","title":{"rendered":"Unser Verein"},"content":{"rendered":"\n<p>Wir sind ein <strong>gemeinn\u00fctziger Verein<\/strong> seit April 2024. Du <strong>kannst<\/strong> <a href=\"https:\/\/cloud.snbw.de\/apps\/forms\/s\/G6HsN6Cw4zQcWPritYA3CLzJ\" target=\"_blank\" rel=\"noreferrer noopener\"><strong>Mitglied werden<\/strong><\/a> &#8211; musst aber nicht. Alle Veranstaltungen sind und bleiben auch f\u00fcr Nicht-Mitglieder offen.<\/p>\n\n\n\n<p>Aktuell setzt sich der <strong>Vorstand<\/strong> aus <strong>Michael<\/strong> (Mitgliederverwaltung, Technik), <strong>Veronika<\/strong> (Team- und Eventmanagement, Websiteinhalt, Merch, Venues) und <strong>Heiko<\/strong> (Admin, kassenf\u00fchrende Person) zusammen. <strong>Max<\/strong> ist Beisitzer und k\u00fcmmert sich prim\u00e4r um <a href=\"https:\/\/maincoastswing-wuerzburg.de\/\" target=\"_blank\" rel=\"noreferrer noopener\">Main Coast Swing<\/a>.<\/p>\n\n\n\n<p>Zu den <strong>Vorteilen der Mitgliedschaft <\/strong>z\u00e4hlen, dass Du die regul\u00e4ren Kurse nicht mehr zahlen musst und auch bei den meisten Workshops und Specials Verg\u00fcnstigungen erh\u00e4ltst. <\/p>\n\n\n\n<p>Der <strong>Mitgliedsbeitrag<\/strong> ist frei w\u00e4hlbar und betr\u00e4gt mindestens 15 Euro pro Monat, eingezogen wird dieser quartalsweise. In der gleichen Taktung kann man auch wieder austreten.<\/p>\n\n\n\n<p class=\"has-white-color has-text-color has-background has-link-color wp-elements-3b1c8b90379661022f66ab41ae74dbd8\" style=\"background-color:#a90519\">Wenn Du Mitglied werden willst, f\u00fclle bitte <a href=\"https:\/\/cloud.snbw.de\/apps\/forms\/s\/G6HsN6Cw4zQcWPritYA3CLzJ\" target=\"_blank\" rel=\"noreferrer noopener\"><strong>hier<\/strong><\/a> unser Antragsformular aus und gebe das unterschriebene Sepa Lastschriftmandat es als Anhang, via Post oder pers\u00f6nlich ab. Alternativ kannst Du es auch per E-Mail an <a href=\"mailto:vorstand@swingnblues-wuerzburg.de\" target=\"_blank\" rel=\"noreferrer noopener\">vorstand@swingnblues-wuerzburg.de<\/a> schicken. Weiter unten findest Du auch unsere Satzung und Ordnungen.<\/p>\n\n\n\n<p>Du willst im Verein aktiv werden? Als Eventorga, f\u00fcr Social Media, Teacher oder etwas anderes? Komme gerne auf uns zu, in Person oder via E-Mail an vorstand@swingnblues-wuerzburg.de!<\/p>\n\n\n\n<div data-wp-interactive=\"core\/file\" class=\"wp-block-file\"><object data-wp-bind--hidden=\"!state.hasPdfPreview\" hidden class=\"wp-block-file__embed\" data=\"https:\/\/www.swingnblues-wuerzburg.de\/wp-content\/uploads\/2025\/11\/Sepa-Lastschriftmandat-1.pdf\" type=\"application\/pdf\" style=\"width:100%;height:470px\" aria-label=\"Einbettung von Sepa Lastschriftmandat.\"><\/object><a id=\"wp-block-file--media-78225c84-2623-4707-83b1-1ccd78a71240\" href=\"https:\/\/www.swingnblues-wuerzburg.de\/wp-content\/uploads\/2025\/11\/Sepa-Lastschriftmandat-1.pdf\">Sepa Lastschriftmandat<\/a><a href=\"https:\/\/www.swingnblues-wuerzburg.de\/wp-content\/uploads\/2025\/11\/Sepa-Lastschriftmandat-1.pdf\" class=\"wp-block-file__button wp-element-button\" download aria-describedby=\"wp-block-file--media-78225c84-2623-4707-83b1-1ccd78a71240\">Herunterladen<\/a><\/div>\n\n\n\n<div data-wp-interactive=\"core\/file\" class=\"wp-block-file\"><object data-wp-bind--hidden=\"!state.hasPdfPreview\" hidden class=\"wp-block-file__embed\" data=\"https:\/\/www.swingnblues-wuerzburg.de\/wp-content\/uploads\/2025\/02\/Satzung-SnBWu\u0308-202425-1.pdf\" type=\"application\/pdf\" style=\"width:100%;height:200px\" aria-label=\"Einbettung von Satzung - SnBWu\u0308 2024:25.\"><\/object><a id=\"wp-block-file--media-43575b7d-4533-434d-9178-35ecb8a49a90\" href=\"https:\/\/www.swingnblues-wuerzburg.de\/wp-content\/uploads\/2025\/02\/Satzung-SnBWu\u0308-202425-1.pdf\">Satzung &#8211; SnBWu\u0308 2024:25<\/a><a href=\"https:\/\/www.swingnblues-wuerzburg.de\/wp-content\/uploads\/2025\/02\/Satzung-SnBWu\u0308-202425-1.pdf\" class=\"wp-block-file__button wp-element-button\" download aria-describedby=\"wp-block-file--media-43575b7d-4533-434d-9178-35ecb8a49a90\">Herunterladen<\/a><\/div>\n\n\n\n<div data-wp-interactive=\"core\/file\" class=\"wp-block-file\"><object data-wp-bind--hidden=\"!state.hasPdfPreview\" hidden class=\"wp-block-file__embed\" data=\"https:\/\/www.swingnblues-wuerzburg.de\/wp-content\/uploads\/2025\/10\/Gebuehrenordnung-SnB-Wue-2025.pdf\" type=\"application\/pdf\" style=\"width:100%;height:200px\" aria-label=\"Einbettung von Geb\u00fchrenordnung SnB W\u00fc 2025.\"><\/object><a id=\"wp-block-file--media-46479e42-f88e-4cb4-ade4-d22366aac432\" href=\"https:\/\/www.swingnblues-wuerzburg.de\/wp-content\/uploads\/2025\/10\/Gebuehrenordnung-SnB-Wue-2025.pdf\">Geb\u00fchrenordnung SnB W\u00fc 2025<\/a><a href=\"https:\/\/www.swingnblues-wuerzburg.de\/wp-content\/uploads\/2025\/10\/Gebuehrenordnung-SnB-Wue-2025.pdf\" class=\"wp-block-file__button wp-element-button\" download aria-describedby=\"wp-block-file--media-46479e42-f88e-4cb4-ade4-d22366aac432\">Herunterladen<\/a><\/div>\n\n\n\n<div data-wp-interactive=\"core\/file\" class=\"wp-block-file\"><object data-wp-bind--hidden=\"!state.hasPdfPreview\" hidden class=\"wp-block-file__embed\" data=\"https:\/\/www.swingnblues-wuerzburg.de\/wp-content\/uploads\/2025\/11\/Datenschutzordnung.pdf\" type=\"application\/pdf\" style=\"width:100%;height:200px\" aria-label=\"Einbettung von Datenschutzordnung.\"><\/object><a id=\"wp-block-file--media-2e34bb59-cb64-4722-99a5-12a2097ce96c\" href=\"https:\/\/www.swingnblues-wuerzburg.de\/wp-content\/uploads\/2025\/11\/Datenschutzordnung.pdf\">Datenschutzordnung<\/a><a href=\"https:\/\/www.swingnblues-wuerzburg.de\/wp-content\/uploads\/2025\/11\/Datenschutzordnung.pdf\" class=\"wp-block-file__button wp-element-button\" download aria-describedby=\"wp-block-file--media-2e34bb59-cb64-4722-99a5-12a2097ce96c\">Herunterladen<\/a><\/div>\n","protected":false},"excerpt":{"rendered":"<p>Wir sind ein gemeinn\u00fctziger Verein seit April 2024. Du kannst Mitglied werden &#8211; musst aber nicht. Alle Veranstaltungen sind und bleiben auch [&hellip;]<\/p>\n","protected":false},"author":2,"featured_media":3753,"parent":0,"menu_order":0,"comment_status":"closed","ping_status":"closed","template":"page-templates\/page_fullwidth.php","meta":{"footnotes":""},"class_list":["post-4777","page","type-page","status-publish","has-post-thumbnail","hentry"],"featured_image_src":"https:\/\/www.swingnblues-wuerzburg.de\/wp-content\/uploads\/2024\/06\/lets-dance-with-us.png","_links":{"self":[{"href":"https:\/\/www.swingnblues-wuerzburg.de\/index.php\/wp-json\/wp\/v2\/pages\/4777","targetHints":{"allow":["GET"]}}],"collection":[{"href":"https:\/\/www.swingnblues-wuerzburg.de\/index.php\/wp-json\/wp\/v2\/pages"}],"about":[{"href":"https:\/\/www.swingnblues-wuerzburg.de\/index.php\/wp-json\/wp\/v2\/types\/page"}],"author":[{"embeddable":true,"href":"https:\/\/www.swingnblues-wuerzburg.de\/index.php\/wp-json\/wp\/v2\/users\/2"}],"replies":[{"embeddable":true,"href":"https:\/\/www.swingnblues-wuerzburg.de\/index.php\/wp-json\/wp\/v2\/comments?post=4777"}],"version-history":[{"count":37,"href":"https:\/\/www.swingnblues-wuerzburg.de\/index.php\/wp-json\/wp\/v2\/pages\/4777\/revisions"}],"predecessor-version":[{"id":6759,"href":"https:\/\/www.swingnblues-wuerzburg.de\/index.php\/wp-json\/wp\/v2\/pages\/4777\/revisions\/6759"}],"wp:featuredmedia":[{"embeddable":true,"href":"https:\/\/www.swingnblues-wuerzburg.de\/index.php\/wp-json\/wp\/v2\/media\/3753"}],"wp:attachment":[{"href":"https:\/\/www.swingnblues-wuerzburg.de\/index.php\/wp-json\/wp\/v2\/media?parent=4777"}],"curies":[{"name":"wp","href":"https:\/\/api.w.org\/{rel}","templated":true}]}}