{"id":4739,"date":"2025-02-10T14:27:36","date_gmt":"2025-02-10T13:27:36","guid":{"rendered":"https:\/\/www.swingnblues-wuerzburg.de\/?page_id=4739"},"modified":"2025-03-12T00:01:49","modified_gmt":"2025-03-11T23:01:49","slug":"11-maerz-elektroswing","status":"publish","type":"page","link":"https:\/\/www.swingnblues-wuerzburg.de\/index.php\/11-maerz-elektroswing\/","title":{"rendered":"11. M\u00e4rz: Elektroswing (Solotanz)"},"content":{"rendered":"\n<p>Swing goes Clubbing &#8211; Elektroswing ist vermutlich die bekannteste Swingtanzart. Auch wer noch nie von klassischen Swingt\u00e4nzen wie Lindy Hop, Balboa oder Shag geh\u00f6rt hat, kennt vielleicht Elektroswing. Zumindest wenn man gerne in Clubs unterwegs ist.<\/p>\n\n\n\n<p>Doch wie kann man eigentlich zu der Musik tanzen? Vielleicht hast Du es schon mal versucht: Mit &#8222;normalen&#8220; Lindy Hop-Schritten funktioniert es jedenfalls nicht gut. Denn Elektroswing ist rasant schnell!<\/p>\n\n\n\n<p class=\"has-text-align-center\"><strong>In diesem Workshop lernst Du, wie Du Dich in Clubs, auf Partys oder im heimischen Wohnzimmer gekonnt zu den Elektro-Beats bewegen kannst.<\/strong><\/p>\n\n\n\n<p>Dabei versuchen wir uns sowohl an ganz typischen Elektroswing-Schritten, als auch am 20er-Jahre-Charleston und an Bewegungen, die Du in die &#8222;traditionellen&#8220; Swingt\u00e4nze wie Lindy Hop und Solo-Jazz  einbauen kannst. <\/p>\n\n\n\n<p class=\"has-text-align-center\"><em>F\u00fcr Menschen jeden Alters. Keine t\u00e4nzerische Vorerfahrung n\u00f6tig.<\/em><\/p>\n\n\n\n<p><strong>Wann: <\/strong>Dienstag, 11. M\u00e4rz, 17:30-18:45 Uhr<br><strong>Ort: <\/strong>Max-Planck-Stra\u00dfe 10, Zellerau (Souterrain)<br><strong>Preis:<\/strong> Pay what you want &amp; can. Richtwert: 10-15 Euro. F\u00fcr Vereinsmitglieder ist die Teilnahme kostenlos m\u00f6glich.<br><strong>Teacherin: <\/strong>Vanessa<br><strong>Anmeldung:<\/strong> bis zum 8. M\u00e4rz formlos an info@swingnblues-wuerzburg.de.<\/p>\n\n\n\n<figure class=\"wp-block-image size-large\"><img loading=\"lazy\" decoding=\"async\" width=\"1024\" height=\"688\" src=\"https:\/\/www.swingnblues-wuerzburg.de\/wp-content\/uploads\/2024\/01\/Anfahrt-Tangoraum-1024x688.jpg\" alt=\"\" class=\"wp-image-3193\" srcset=\"https:\/\/www.swingnblues-wuerzburg.de\/wp-content\/uploads\/2024\/01\/Anfahrt-Tangoraum-1024x688.jpg 1024w, https:\/\/www.swingnblues-wuerzburg.de\/wp-content\/uploads\/2024\/01\/Anfahrt-Tangoraum-300x202.jpg 300w, https:\/\/www.swingnblues-wuerzburg.de\/wp-content\/uploads\/2024\/01\/Anfahrt-Tangoraum-768x516.jpg 768w, https:\/\/www.swingnblues-wuerzburg.de\/wp-content\/uploads\/2024\/01\/Anfahrt-Tangoraum-1000x672.jpg 1000w, https:\/\/www.swingnblues-wuerzburg.de\/wp-content\/uploads\/2024\/01\/Anfahrt-Tangoraum-230x155.jpg 230w, https:\/\/www.swingnblues-wuerzburg.de\/wp-content\/uploads\/2024\/01\/Anfahrt-Tangoraum-350x235.jpg 350w, https:\/\/www.swingnblues-wuerzburg.de\/wp-content\/uploads\/2024\/01\/Anfahrt-Tangoraum-480x323.jpg 480w, https:\/\/www.swingnblues-wuerzburg.de\/wp-content\/uploads\/2024\/01\/Anfahrt-Tangoraum.jpg 1268w\" sizes=\"auto, (max-width: 1024px) 100vw, 1024px\" \/><\/figure>\n","protected":false},"excerpt":{"rendered":"<p>Swing goes Clubbing &#8211; Elektroswing ist vermutlich die bekannteste Swingtanzart. Auch wer noch nie von klassischen Swingt\u00e4nzen wie Lindy Hop, Balboa oder [&hellip;]<\/p>\n","protected":false},"author":2,"featured_media":4740,"parent":0,"menu_order":0,"comment_status":"closed","ping_status":"closed","template":"page-templates\/page_fullwidth.php","meta":{"footnotes":""},"class_list":["post-4739","page","type-page","status-publish","has-post-thumbnail","hentry"],"featured_image_src":"https:\/\/www.swingnblues-wuerzburg.de\/wp-content\/uploads\/2025\/02\/Elektroswing-schmal.png","_links":{"self":[{"href":"https:\/\/www.swingnblues-wuerzburg.de\/index.php\/wp-json\/wp\/v2\/pages\/4739","targetHints":{"allow":["GET"]}}],"collection":[{"href":"https:\/\/www.swingnblues-wuerzburg.de\/index.php\/wp-json\/wp\/v2\/pages"}],"about":[{"href":"https:\/\/www.swingnblues-wuerzburg.de\/index.php\/wp-json\/wp\/v2\/types\/page"}],"author":[{"embeddable":true,"href":"https:\/\/www.swingnblues-wuerzburg.de\/index.php\/wp-json\/wp\/v2\/users\/2"}],"replies":[{"embeddable":true,"href":"https:\/\/www.swingnblues-wuerzburg.de\/index.php\/wp-json\/wp\/v2\/comments?post=4739"}],"version-history":[{"count":9,"href":"https:\/\/www.swingnblues-wuerzburg.de\/index.php\/wp-json\/wp\/v2\/pages\/4739\/revisions"}],"predecessor-version":[{"id":4892,"href":"https:\/\/www.swingnblues-wuerzburg.de\/index.php\/wp-json\/wp\/v2\/pages\/4739\/revisions\/4892"}],"wp:featuredmedia":[{"embeddable":true,"href":"https:\/\/www.swingnblues-wuerzburg.de\/index.php\/wp-json\/wp\/v2\/media\/4740"}],"wp:attachment":[{"href":"https:\/\/www.swingnblues-wuerzburg.de\/index.php\/wp-json\/wp\/v2\/media?parent=4739"}],"curies":[{"name":"wp","href":"https:\/\/api.w.org\/{rel}","templated":true}]}}