{"id":4621,"date":"2025-01-29T17:41:48","date_gmt":"2025-01-29T16:41:48","guid":{"rendered":"https:\/\/www.swingnblues-wuerzburg.de\/?page_id=4621"},"modified":"2025-02-21T15:44:48","modified_gmt":"2025-02-21T14:44:48","slug":"22-2-25-switch-workshop-mit-anschliessender-party","status":"publish","type":"page","link":"https:\/\/www.swingnblues-wuerzburg.de\/index.php\/22-2-25-switch-workshop-mit-anschliessender-party\/","title":{"rendered":"22. Februar: Switch Workshop mit anschlie\u00dfender Party"},"content":{"rendered":"\n<p>Wolltest Du schon immer mal die andere Tanzrolle ausprobieren?  Hast Du Dich gefragt, wie andere es machen innerhalb eines Liedes zu tauschen? Hierrum geht es in diesem Workshop!<\/p>\n\n\n\n<p><a href=\"https:\/\/www.instagram.com\/reel\/DGFs_7tTdEd\/?utm_source=ig_web_copy_link&amp;igsh=MzRlODBiNWFlZA==\" target=\"_blank\" rel=\"noreferrer noopener\">Veronika und Michael <\/a>zeigen Dir ihre Tricks, auch wenn Du noch nicht viel Erfahrung mit dem Thema oder gar der zweiten Tanzrolle hast &#8211; und das ohne das Du nach San Fransico (oder Darmstadt) reisen must!<\/p>\n\n\n\n<div class=\"wp-block-columns is-layout-flex wp-container-core-columns-is-layout-9d6595d7 wp-block-columns-is-layout-flex\">\n<div class=\"wp-block-column is-layout-flow wp-block-column-is-layout-flow\">\n<figure class=\"wp-block-embed is-type-video is-provider-youtube wp-block-embed-youtube wp-embed-aspect-16-9 wp-has-aspect-ratio\"><div class=\"wp-block-embed__wrapper\">\n<iframe loading=\"lazy\" title=\"Ambi is Awesome - The Switch Workshop 2018\" width=\"1170\" height=\"658\" src=\"https:\/\/www.youtube.com\/embed\/1BeIRuLwz-w?feature=oembed\" frameborder=\"0\" allow=\"accelerometer; autoplay; clipboard-write; encrypted-media; gyroscope; picture-in-picture; web-share\" referrerpolicy=\"strict-origin-when-cross-origin\" allowfullscreen><\/iframe>\n<\/div><\/figure>\n<\/div>\n\n\n\n<div class=\"wp-block-column is-layout-flow wp-block-column-is-layout-flow\">\n<figure class=\"wp-block-embed is-type-video is-provider-youtube wp-block-embed-youtube wp-embed-aspect-16-9 wp-has-aspect-ratio\"><div class=\"wp-block-embed__wrapper\">\n<iframe loading=\"lazy\" title=\"Lindyfest 2024: Switch Strictly Finals\" width=\"1170\" height=\"658\" src=\"https:\/\/www.youtube.com\/embed\/xd3oH10aWNc?feature=oembed\" frameborder=\"0\" allow=\"accelerometer; autoplay; clipboard-write; encrypted-media; gyroscope; picture-in-picture; web-share\" referrerpolicy=\"strict-origin-when-cross-origin\" allowfullscreen><\/iframe>\n<\/div><\/figure>\n<\/div>\n<\/div>\n\n\n<div class=\"wp-block-ub-divider ub_divider ub-divider-orientation-horizontal\" id=\"ub_divider_d2bd33d7-6850-4a8d-99b4-93323a7f4696\"><div class=\"ub_divider_wrapper\" style=\"position: relative; margin-bottom: 2px; width: 100%; height: 2px; \" data-divider-alignment=\"center\"><div class=\"ub_divider_line\" style=\"border-top: 2px solid #ccc; margin-top: 2px; \"><\/div><\/div><\/div>\n\n<div class=\"wp-block-ub-divider ub_divider ub-divider-orientation-horizontal\" id=\"ub_divider_ad2dcf1d-f0f8-40fb-9910-9eba32c87a1a\"><div class=\"ub_divider_wrapper\" style=\"position: relative; margin-bottom: 2px; width: 100%; height: 2px; \" data-divider-alignment=\"center\"><div class=\"ub_divider_line\" style=\"border-top: 2px solid #ccc; margin-top: 2px; \"><\/div><\/div><\/div>\n\n\n<p>Wir starten mit den <strong>Grundlagen<\/strong> Deiner nicht prim\u00e4ren Tanzrolle, fang schon einmal an den Grundschritt mit dem anderen Fu\u00df zu \u00fcben! Anschlie\u00dfend wird im zweiten Workshopteil Dir gezeigt wie Du die Rollen beim Tanzen tauschen kannst.<\/p>\n\n\n\n<p><\/p>\n\n\n\n<p><strong>Unser Zeitplan:<\/strong><\/p>\n\n\n\n<figure class=\"wp-block-table\"><table><thead><tr><th><em><mark style=\"background-color:rgba(0, 0, 0, 0)\" class=\"has-inline-color has-black-color\"><strong>Samstag<\/strong><\/mark><\/em><\/th><th><strong>Levelbeschreibung<\/strong><\/th><\/tr><\/thead><tbody><tr><td><em><mark style=\"background-color:rgba(0, 0, 0, 0)\" class=\"has-inline-color has-black-color\"><\/mark><\/em>14 \u2013 15:30 Uhr Grundlagen Deiner Off-Rolle<\/td><td>Du tanzt mindestens als Follow oder Lead Lindy Hop. Bounce und grundlegende 6- oder 8-Count Figuren sind schon in Dein Blut \u00fcbergegangen. <\/td><\/tr><tr><td>16 \u2013 17:30 Uhr Switchen f\u00fcr Einsteiger<\/td><td>Du beherrscht die Grundlagen in beiden Tanzrollen und tanzt diese ab und an im Social, <strong>oder <\/strong>Du hast den Grundlagenkurs <strong>direkt davor<\/strong> besucht. Du hast Neurgierde, wie das Tauschen innerhalb eines Songs ablaufen kann.<\/td><\/tr><tr><td><\/td><td><\/td><\/tr><tr><td><strong>19 Uhr Party<\/strong><\/td><td>ohne Workshopteilnahme und\/oder Switch-Interesse offen f\u00fcr <strong>Alle<\/strong>.<\/td><\/tr><\/tbody><\/table><\/figure>\n\n\n\n<p><\/p>\n\n\n<div class=\"wp-block-ub-divider ub_divider ub-divider-orientation-horizontal\" id=\"ub_divider_634bcbf5-3a9b-4434-94dd-de883fedac0b\"><div class=\"ub_divider_wrapper\" style=\"position: relative; margin-bottom: 2px; width: 100%; height: 2px; \" data-divider-alignment=\"center\"><div class=\"ub_divider_line\" style=\"border-top: 2px solid #ccc; margin-top: 2px; \"><\/div><\/div><\/div>\n\n\n<p><strong>Interesse? <\/strong><\/p>\n\n\n\n<p>Keine Anmeldung mehr n\u00f6tig, einfach vorbeikommen wenn du die Levelbeschreibungen f\u00fcr Dich passend einordnest!<\/p>\n\n\n\n<p>Du bezahlst nach dem <strong>Pay what you can-Prinzip<\/strong>. Vor Ort gibt es eine Box, in welche Du <strong>vertrauensvoll <\/strong>dein Geld einwirfst. Je nach dem wie Du gerade Geld verf\u00fcgbar hast: <strong>Mehr oder weniger <\/strong>als der Orientierungspreis. Wir zahlen hiervon Miete, Teacher und Gema.<\/p>\n\n\n\n<p><strong>Ein <\/strong>Workshop plus Party kostet <strong>Orientierungspreis 10 Euro,<\/strong><br><strong>beide <\/strong>Workshops plus Party <strong>15 Euro,<\/strong><br>nur <strong>Party 5 \u20ac<\/strong>.<\/p>\n\n\n\n<p><strong>Vereinsmitglieder <\/strong>k\u00f6nnen ohne weiterer Zahlung an dieser Veranstaltung teilnehmen. Mehr dazu <a href=\"https:\/\/www.swingnblues-wuerzburg.de\/index.php\/mitglied-werden\/\">hier<\/a>.<\/p>\n\n\n\n<p><\/p>\n\n\n\n<p><strong>Location:<\/strong><br><a href=\"https:\/\/www.swingnblues-wuerzburg.de\/index.php\/locations\/kleks-haus-wuerzburg\/\">K.L.E.K.S<\/a> in Gromb\u00fchl<br>Matterstockstra\u00dfe 32<br>97080 W\u00fcrzburg&nbsp;<\/p>\n\n\n<div class=\"wp-block-image\">\n<figure class=\"aligncenter size-large\"><a href=\"https:\/\/www.google.com\/maps\/d\/viewer?mid=1Dxj9vooUSx9Ti0cUMn5RM8nNxXw-RNw&amp;usp=sharing\"><img loading=\"lazy\" decoding=\"async\" width=\"1024\" height=\"603\" src=\"https:\/\/www.swingnblues-wuerzburg.de\/wp-content\/uploads\/2025\/02\/maps-1-1024x603.jpg\" alt=\"\" class=\"wp-image-4725\" srcset=\"https:\/\/www.swingnblues-wuerzburg.de\/wp-content\/uploads\/2025\/02\/maps-1-1024x603.jpg 1024w, https:\/\/www.swingnblues-wuerzburg.de\/wp-content\/uploads\/2025\/02\/maps-1-300x177.jpg 300w, https:\/\/www.swingnblues-wuerzburg.de\/wp-content\/uploads\/2025\/02\/maps-1-768x453.jpg 768w, https:\/\/www.swingnblues-wuerzburg.de\/wp-content\/uploads\/2025\/02\/maps-1-1000x589.jpg 1000w, https:\/\/www.swingnblues-wuerzburg.de\/wp-content\/uploads\/2025\/02\/maps-1-230x136.jpg 230w, https:\/\/www.swingnblues-wuerzburg.de\/wp-content\/uploads\/2025\/02\/maps-1-350x206.jpg 350w, https:\/\/www.swingnblues-wuerzburg.de\/wp-content\/uploads\/2025\/02\/maps-1-480x283.jpg 480w, https:\/\/www.swingnblues-wuerzburg.de\/wp-content\/uploads\/2025\/02\/maps-1.jpg 1193w\" sizes=\"auto, (max-width: 1024px) 100vw, 1024px\" \/><\/a><\/figure>\n<\/div>\n\n\n<p><\/p>\n\n\n\n<p><\/p>\n","protected":false},"excerpt":{"rendered":"<p>Wolltest Du schon immer mal die andere Tanzrolle ausprobieren? Hast Du Dich gefragt, wie andere es machen innerhalb eines Liedes zu tauschen? [&hellip;]<\/p>\n","protected":false},"author":5,"featured_media":0,"parent":0,"menu_order":0,"comment_status":"closed","ping_status":"closed","template":"page-templates\/page_fullwidth.php","meta":{"footnotes":""},"class_list":["post-4621","page","type-page","status-publish","hentry"],"featured_image_src":null,"_links":{"self":[{"href":"https:\/\/www.swingnblues-wuerzburg.de\/index.php\/wp-json\/wp\/v2\/pages\/4621","targetHints":{"allow":["GET"]}}],"collection":[{"href":"https:\/\/www.swingnblues-wuerzburg.de\/index.php\/wp-json\/wp\/v2\/pages"}],"about":[{"href":"https:\/\/www.swingnblues-wuerzburg.de\/index.php\/wp-json\/wp\/v2\/types\/page"}],"author":[{"embeddable":true,"href":"https:\/\/www.swingnblues-wuerzburg.de\/index.php\/wp-json\/wp\/v2\/users\/5"}],"replies":[{"embeddable":true,"href":"https:\/\/www.swingnblues-wuerzburg.de\/index.php\/wp-json\/wp\/v2\/comments?post=4621"}],"version-history":[{"count":41,"href":"https:\/\/www.swingnblues-wuerzburg.de\/index.php\/wp-json\/wp\/v2\/pages\/4621\/revisions"}],"predecessor-version":[{"id":4817,"href":"https:\/\/www.swingnblues-wuerzburg.de\/index.php\/wp-json\/wp\/v2\/pages\/4621\/revisions\/4817"}],"wp:attachment":[{"href":"https:\/\/www.swingnblues-wuerzburg.de\/index.php\/wp-json\/wp\/v2\/media?parent=4621"}],"curies":[{"name":"wp","href":"https:\/\/api.w.org\/{rel}","templated":true}]}}