{"id":4355,"date":"2024-12-26T17:29:43","date_gmt":"2024-12-26T16:29:43","guid":{"rendered":"https:\/\/www.swingnblues-wuerzburg.de\/?page_id=4355"},"modified":"2025-02-01T00:19:31","modified_gmt":"2025-01-31T23:19:31","slug":"1-2-2-25-blues-workshop-inkl-party","status":"publish","type":"page","link":"https:\/\/www.swingnblues-wuerzburg.de\/index.php\/1-2-2-25-blues-workshop-inkl-party\/","title":{"rendered":"1. + 2.2.25 Blues Workshop mit Ad\u00e8le &amp; Marcin und einer Party mit Laneys Swing Trio"},"content":{"rendered":"\n<p>Wir haben uns \u00fcberlegt dem Namen \u201eSwing <strong>\u00b4n\u00b4 Blues<\/strong>\u201c mal wieder gerecht zu werden und k\u00f6nnen somit einen <strong>h\u00e4ufig ge\u00e4u\u00dferten Wunsch<\/strong> erf\u00fcllen: am 1. + 2. Februar freuen wir uns ein <strong>Blues Workshopwochenende in W\u00fcrzburg<\/strong> anbieten zu k\u00f6nnen.<\/p>\n\n\n\n<p>Blues hat als Musik eine gro\u00dfe Vielfalt an Stilen und Subgenres. Dementsprechend gibt es eine ebenso gro\u00dfe Vielfalt darauf zu tanzen. Ob in der offenen, geschlossen Haltung oder auch in enger Umarmung (Close embrace) ist hierbei Dir \u00fcberlassen. Noch dazu kann man alleine, zu zweit oder als Gruppe tanzen. Neugierig? Dann bist Du genau richtig hier!<\/p>\n\n\n\n<div class=\"wp-block-columns is-layout-flex wp-container-core-columns-is-layout-9d6595d7 wp-block-columns-is-layout-flex\">\n<div class=\"wp-block-column is-layout-flow wp-block-column-is-layout-flow\" style=\"flex-basis:50%\">\n<figure class=\"wp-block-embed is-type-video is-provider-youtube wp-block-embed-youtube wp-embed-aspect-16-9 wp-has-aspect-ratio\"><div class=\"wp-block-embed__wrapper\">\n<iframe loading=\"lazy\" title=\"Blues Fever 2023 - Blues Idioms Teachers Introduction\" width=\"1170\" height=\"658\" src=\"https:\/\/www.youtube.com\/embed\/tdgUccKd-lo?feature=oembed\" frameborder=\"0\" allow=\"accelerometer; autoplay; clipboard-write; encrypted-media; gyroscope; picture-in-picture; web-share\" referrerpolicy=\"strict-origin-when-cross-origin\" allowfullscreen><\/iframe>\n<\/div><\/figure>\n<\/div>\n\n\n\n<div class=\"wp-block-column is-layout-flow wp-block-column-is-layout-flow\" style=\"flex-basis:50%\">\n<figure class=\"wp-block-embed is-type-video is-provider-youtube wp-block-embed-youtube wp-embed-aspect-16-9 wp-has-aspect-ratio\"><div class=\"wp-block-embed__wrapper\">\n<iframe loading=\"lazy\" title=\"Blues Fever 2024 - Teachers Presentation\" width=\"1170\" height=\"658\" src=\"https:\/\/www.youtube.com\/embed\/KfhCY0zK4bg?feature=oembed\" frameborder=\"0\" allow=\"accelerometer; autoplay; clipboard-write; encrypted-media; gyroscope; picture-in-picture; web-share\" referrerpolicy=\"strict-origin-when-cross-origin\" allowfullscreen><\/iframe>\n<\/div><\/figure>\n<\/div>\n<\/div>\n\n\n\n<p class=\"has-x-large-font-size\"><\/p>\n\n\n\n<p><strong>Marcin <\/strong>von den Boogie B\u00e4ren M\u00fcnchen und <strong>Adel\u00e8 <\/strong>aus Stra\u00dfburg kommen zu uns zu Besuch. Der komplette Unterricht wird auf <strong>Englisch <\/strong>stattfinden, gegenseitiges unterst\u00fctzen durch fl\u00fcster-\u00dcbersetzungen ist herzlich willkommen.<\/p>\n\n\n\n<p><strong>\u00dcber die Teacher: Ad\u00e8le (FRA) &amp; Marcin (POL)<\/strong>:<\/p>\n\n\n\n<div class=\"wp-block-columns is-layout-flex wp-container-core-columns-is-layout-9d6595d7 wp-block-columns-is-layout-flex\">\n<div class=\"wp-block-column is-layout-flow wp-block-column-is-layout-flow\">\n<p><em>&#8222;Ad\u00e8le was drawn to Blues for its depth of partner-to-partner connection and the empowerment that Blues music reverberates with. She equally enjoys solo dancing, where she finds space to explore her individuality and creativity. Striving to connect with the roots and aesthetic of Blues, she brings her whole self into each dance.<\/em><\/p>\n\n\n\n<p><\/p>\n\n\n\n<p><em>Enchanted by the diversity of Blues music, Marcin is inspired to explore all its styles, from slow to fast, mellow to funky. He approaches each dance as a new story and loves when it brings unexpected surprises<\/em><\/p>\n\n\n\n<p><\/p>\n\n\n\n<p><em>Together, they seek to create a supportive space for students to discover their own expression and connection to the music. They believe that playfulness and curiosity are powerful teaching tools and focus on building strong fundamentals.&#8220;<\/em><\/p>\n\n\n\n<p><\/p>\n\n\n\n<p><\/p>\n<\/div>\n\n\n\n<div class=\"wp-block-column is-layout-flow wp-block-column-is-layout-flow\">\n<p>&#8222;Ad\u00e9le f\u00fchlt sich vom Blues angezogen, insbesondere wegen der intensiven Verbindung zwischen den Tanzpartnern und der Selbsterm\u00e4chtigung, die in der Bluesmusik mitschwingt. Sie liebt es gleicherma\u00dfen, alleine zu tanzen, da sie dabei einen Raum findet, ihre Individualit\u00e4t und Kreativit\u00e4t auszuleben. Mit dem Ziel, sich tief mit den Wurzeln und der \u00c4sthetik des Blues zu verbinden, bringt sie ihr ganzes Selbst in den Tanz ein.<\/p>\n\n\n\n<p>Marcin ist verzaubert von der Vielseitigkeit der Bluesmusik und inspiriert, sie in all ihren Facetten zu erkunden \u2013 von langsam bis schnell, von sanft bis funky. F\u00fcr ihn ist jeder Tanz eine neue Geschichte, die am liebsten voller unerwarteter \u00dcberraschungen steckt.<\/p>\n\n\n\n<p>Gemeinsam m\u00f6chten Ad\u00e9le und Marcin einen unterst\u00fctzenden Raum f\u00fcr Tanzsch\u00fcler schaffen, in dem diese ihren eigenen Ausdruck und ihre pers\u00f6nliche Verbindung zur Musik entdecken k\u00f6nnen. Sie sind \u00fcberzeugt, dass Verspieltheit und Neugierde ideale Lernans\u00e4tze sind und legen besonderen Wert darauf, eine solide Grundlage aufzubauen.&#8220;<\/p>\n\n\n\n<p><\/p>\n<\/div>\n<\/div>\n\n\n\n<p><\/p>\n\n\n\n<p><\/p>\n\n\n<div class=\"wp-block-ub-divider ub_divider ub-divider-orientation-horizontal\" id=\"ub_divider_6769915b-2950-4b99-a9b5-669721cb6c05\"><div class=\"ub_divider_wrapper\" style=\"position: relative; margin-bottom: 2px; width: 100%; height: 2px; \" data-divider-alignment=\"center\"><div class=\"ub_divider_line\" style=\"border-top: 2px solid #ccc; margin-top: 2px; \"><\/div><\/div><\/div>\n\n\n<p><\/p>\n\n\n<div class=\"wp-block-image\">\n<figure class=\"aligncenter\"><img loading=\"lazy\" decoding=\"async\" width=\"1024\" height=\"911\" src=\"https:\/\/www.swingnblues-wuerzburg.de\/wp-content\/uploads\/2024\/12\/IMG-20241217-WA00026-1024x911.jpg\" alt=\"\" class=\"wp-image-4402\" srcset=\"https:\/\/www.swingnblues-wuerzburg.de\/wp-content\/uploads\/2024\/12\/IMG-20241217-WA00026-1024x911.jpg 1024w, https:\/\/www.swingnblues-wuerzburg.de\/wp-content\/uploads\/2024\/12\/IMG-20241217-WA00026-300x267.jpg 300w, https:\/\/www.swingnblues-wuerzburg.de\/wp-content\/uploads\/2024\/12\/IMG-20241217-WA00026-768x683.jpg 768w, https:\/\/www.swingnblues-wuerzburg.de\/wp-content\/uploads\/2024\/12\/IMG-20241217-WA00026-1000x890.jpg 1000w, https:\/\/www.swingnblues-wuerzburg.de\/wp-content\/uploads\/2024\/12\/IMG-20241217-WA00026-230x205.jpg 230w, https:\/\/www.swingnblues-wuerzburg.de\/wp-content\/uploads\/2024\/12\/IMG-20241217-WA00026-350x311.jpg 350w, https:\/\/www.swingnblues-wuerzburg.de\/wp-content\/uploads\/2024\/12\/IMG-20241217-WA00026-480x427.jpg 480w, https:\/\/www.swingnblues-wuerzburg.de\/wp-content\/uploads\/2024\/12\/IMG-20241217-WA00026.jpg 1317w\" sizes=\"auto, (max-width: 1024px) 100vw, 1024px\" \/><\/figure>\n<\/div>\n\n<div class=\"wp-block-ub-divider ub_divider ub-divider-orientation-horizontal\" id=\"ub_divider_ab6718b3-5e14-402c-8d74-4f68f4eedaa5\"><div class=\"ub_divider_wrapper\" style=\"position: relative; margin-bottom: 2px; width: 100%; height: 2px; \" data-divider-alignment=\"center\"><div class=\"ub_divider_line\" style=\"border-top: 2px solid #ccc; margin-top: 2px; \"><\/div><\/div><\/div>\n\n\n<p><\/p>\n\n\n\n<p><\/p>\n\n\n\n<p>Am Samstag starten wir mit den <strong>absoluten Grundlagen<\/strong>. Vor der Party wird<strong> eine Stunde Solo Blues<\/strong> f\u00fcr alle Level angeboten was dann flie\u00dfend \u00fcbergeht in die <strong>Party<\/strong>. Am Sonntag k\u00f6nnen dann alle Kursteilnehmer von Samstag mit den bereits erfahrenen Blues T\u00e4nzer:Innen zusammen kommen f\u00fcr einen <strong>intermediate Workshop<\/strong>.<\/p>\n\n\n\n<p><strong>Unser Zeitplan:<\/strong><br><em><mark style=\"background-color:rgba(0, 0, 0, 0)\" class=\"has-inline-color has-black-color\"><strong>Samstag<\/strong><\/mark><\/em><br>11 \u2013 12:30 Uhr Blues Grundlagen 1<br>Verpflegungsoptionen sind in n\u00e4here Umgebung gegeben.<br>14 \u2013 15:30 Uhr Blues Grundlagen 2 <br><br>18 \u2013 19 Uhr Solo Blues f\u00fcr alle Level<br><strong>19 Uhr Party mit Live Musik durch Laneys Swing Trio (keine Anmeldung n\u00f6tig)<\/strong> mit einer Mischung aus Swing (Lindy Hop) und Blues Musik. Magst Du schonmal <a href=\"https:\/\/www.laneys-gang.de\/audio\">reinh\u00f6ren<\/a>?<\/p>\n\n\n\n<p><em><strong>Sonntag<\/strong><\/em><br>10:30 \u2013 12:30 Uhr Blues Intermediate (aufbauend auf Samstag, aber auch interessant f\u00fcr schon fortgeschrittene Bluest\u00e4nzer)<\/p>\n\n\n<div class=\"wp-block-ub-divider ub_divider ub-divider-orientation-horizontal\" id=\"ub_divider_d2ac9e94-7a2d-4dbd-816c-07dfdc531c90\"><div class=\"ub_divider_wrapper\" style=\"position: relative; margin-bottom: 2px; width: 100%; height: 2px; \" data-divider-alignment=\"center\"><div class=\"ub_divider_line\" style=\"border-top: 2px solid #ccc; margin-top: 2px; \"><\/div><\/div><\/div>\n\n\n<p><strong>Folgende Workshoptickets gibt es zur Auswahl<\/strong>, <br><strong>a) Fullpass<\/strong>: entspricht allen Workshops (6 Stunden) inkl. Party<br><strong>b) Grundlagen Pass: <\/strong>entspricht Grundlagen 1 + 2 &amp; Solo Blues (zusammen 4 Std) inkl. Party<br><strong>c) Intermediate Pass:<\/strong> entspricht Blues Intermediate &amp; Solo Blues (zusammen 3 Std) inkl. Party<br><strong>d)  1 Stunde Solo Blues + Party mit Livemusik<\/strong> <\/p>\n\n\n\n<figure class=\"wp-block-table\"><table><tbody><tr><td><strong>Paketkosten<\/strong><\/td><td><strong>Erm\u00e4\u00dfigter Preis<\/strong>*<\/td><td><strong>Normalpreis<\/strong><\/td><\/tr><tr><td>a) Fullpass<\/td><td>54 \u20ac<\/td><td>90 \u20ac<\/td><\/tr><tr><td>b) Grundlagen Pass <\/td><td>42 \u20ac<\/td><td>70 \u20ac<\/td><\/tr><tr><td>c) Intermediate Pass<\/td><td>33 \u20ac<\/td><td>55 \u20ac<\/td><\/tr><tr><td>d) Solo Blues + Party<\/td><td>18 \u20ac<\/td><td>30 \u20ac<\/td><\/tr><tr><td><strong>Party Orientierungspreis<\/strong>**<\/td><td>12 \u20ac<\/td><td>20 \u20ac<\/td><\/tr><\/tbody><\/table><\/figure>\n\n\n\n<p>Die Workshoppreise a) &#8211; d) sind nach erfolgreicher Anmeldung via \u00dcberweisung in Vorkasse zu zahlen. Es besteht die M\u00f6glichkeit bis einschlie\u00dflich 26.1.25 sein Workshopticket zu stornieren, wir \u00fcberweisen Dir dann die H\u00e4lfte des Paketpreises zur\u00fcck.<\/p>\n\n\n\n<p>* Der erm\u00e4\u00dfigte Preis umfasst <strong>Vereinsmitglieder <\/strong>und Menschen, welche sich den vollen Betrag nicht leisten k\u00f6nnen. Thema Mitgliedschaft. Es ist zum aktuellen Stand nur m\u00f6glich via Papierformular bei einem unserer Events Mitglied zu werden. Um den reduzierten Preis nutzen zu k\u00f6nnen ist der sp\u00e4testm\u00f6glichste Beitrittszeitpunkt durch \u00dcbergabe des Mitgliedsantrag am 22.1.25.<\/p>\n\n\n\n<p>** Orienteriungspreis: <strong>Bei der Party mit Livemusik kannst Du ohne jegliche Voranmeldung vorbeikommen und nach dem Pay what you can-Prinzip zahlen.<\/strong><\/p>\n\n\n<div class=\"wp-block-image\">\n<figure class=\"aligncenter size-full\"><img loading=\"lazy\" decoding=\"async\" width=\"1025\" height=\"929\" src=\"https:\/\/www.swingnblues-wuerzburg.de\/wp-content\/uploads\/2025\/01\/Laneys-Swing-Trio-1.jpg\" alt=\"\" class=\"wp-image-4441\" srcset=\"https:\/\/www.swingnblues-wuerzburg.de\/wp-content\/uploads\/2025\/01\/Laneys-Swing-Trio-1.jpg 1025w, https:\/\/www.swingnblues-wuerzburg.de\/wp-content\/uploads\/2025\/01\/Laneys-Swing-Trio-1-300x272.jpg 300w, https:\/\/www.swingnblues-wuerzburg.de\/wp-content\/uploads\/2025\/01\/Laneys-Swing-Trio-1-768x696.jpg 768w, https:\/\/www.swingnblues-wuerzburg.de\/wp-content\/uploads\/2025\/01\/Laneys-Swing-Trio-1-1000x906.jpg 1000w, https:\/\/www.swingnblues-wuerzburg.de\/wp-content\/uploads\/2025\/01\/Laneys-Swing-Trio-1-230x208.jpg 230w, https:\/\/www.swingnblues-wuerzburg.de\/wp-content\/uploads\/2025\/01\/Laneys-Swing-Trio-1-350x317.jpg 350w, https:\/\/www.swingnblues-wuerzburg.de\/wp-content\/uploads\/2025\/01\/Laneys-Swing-Trio-1-480x435.jpg 480w\" sizes=\"auto, (max-width: 1025px) 100vw, 1025px\" \/><\/figure>\n<\/div>\n\n\n<p><\/p>\n\n\n\n<p><strong>Location:<\/strong><br><a href=\"https:\/\/www.swingnblues-wuerzburg.de\/index.php\/locations\/kleks-haus-wuerzburg\/\">K.L.E.K.S<\/a> in Gromb\u00fchl<br>Matterstockstra\u00dfe 32<br>97080 W\u00fcrzburg&nbsp;<\/p>\n\n\n\n<p>Eine interaktive Karte mit besonders hervorgehobenen Orten wie \u00f6ffentliche Verkehrsmittel, Parkpl\u00e4tze, Restaurants und Superm\u00e4rkten findest du online <a href=\"https:\/\/www.google.com\/maps\/d\/viewer?mid=1Dxj9vooUSx9Ti0cUMn5RM8nNxXw-RNw&amp;usp=sharing\" target=\"_blank\" rel=\"noreferrer noopener\">hier<\/a>:<\/p>\n\n\n\n<div align=\"center\"><iframe loading=\"lazy\" src=\"https:\/\/www.google.com\/maps\/d\/embed?mid=1Dxj9vooUSx9Ti0cUMn5RM8nNxXw-RNw&#038;ehbc=2E312F&#038;noprof=1\" width=\"960\" height=\"480\"><\/iframe><\/div>\n\n\n\n<p>Die <strong>Anmeldung f\u00fcr die Workshops <\/strong>ist bereits geschlossen. Bitte wende dich an <a href=\"mailto:info@swingnblueswuerzburg.de\">info@swingnblues-wuerzburg.de<\/a> um noch bestehende Optionen zu besprechen, danke!<\/p>\n\n\n\n<p><\/p>\n","protected":false},"excerpt":{"rendered":"<p>Wir haben uns \u00fcberlegt dem Namen \u201eSwing \u00b4n\u00b4 Blues\u201c mal wieder gerecht zu werden und k\u00f6nnen somit einen h\u00e4ufig ge\u00e4u\u00dferten Wunsch erf\u00fcllen: [&hellip;]<\/p>\n","protected":false},"author":5,"featured_media":0,"parent":0,"menu_order":0,"comment_status":"closed","ping_status":"closed","template":"page-templates\/page_fullwidth.php","meta":{"footnotes":""},"class_list":["post-4355","page","type-page","status-publish","hentry"],"featured_image_src":null,"_links":{"self":[{"href":"https:\/\/www.swingnblues-wuerzburg.de\/index.php\/wp-json\/wp\/v2\/pages\/4355","targetHints":{"allow":["GET"]}}],"collection":[{"href":"https:\/\/www.swingnblues-wuerzburg.de\/index.php\/wp-json\/wp\/v2\/pages"}],"about":[{"href":"https:\/\/www.swingnblues-wuerzburg.de\/index.php\/wp-json\/wp\/v2\/types\/page"}],"author":[{"embeddable":true,"href":"https:\/\/www.swingnblues-wuerzburg.de\/index.php\/wp-json\/wp\/v2\/users\/5"}],"replies":[{"embeddable":true,"href":"https:\/\/www.swingnblues-wuerzburg.de\/index.php\/wp-json\/wp\/v2\/comments?post=4355"}],"version-history":[{"count":89,"href":"https:\/\/www.swingnblues-wuerzburg.de\/index.php\/wp-json\/wp\/v2\/pages\/4355\/revisions"}],"predecessor-version":[{"id":4759,"href":"https:\/\/www.swingnblues-wuerzburg.de\/index.php\/wp-json\/wp\/v2\/pages\/4355\/revisions\/4759"}],"wp:attachment":[{"href":"https:\/\/www.swingnblues-wuerzburg.de\/index.php\/wp-json\/wp\/v2\/media?parent=4355"}],"curies":[{"name":"wp","href":"https:\/\/api.w.org\/{rel}","templated":true}]}}