{"id":3937,"date":"2024-09-04T19:35:21","date_gmt":"2024-09-04T17:35:21","guid":{"rendered":"https:\/\/www.swingnblues-wuerzburg.de\/?page_id=3937"},"modified":"2024-09-08T18:03:35","modified_gmt":"2024-09-08T16:03:35","slug":"22-september-shag-schnupperstunde","status":"publish","type":"page","link":"https:\/\/www.swingnblues-wuerzburg.de\/index.php\/22-september-shag-schnupperstunde\/","title":{"rendered":"22. September: Shag-Schnupperworkshop"},"content":{"rendered":"\n<p>Nicht selten, wenn die Musik schneller wird, wird die Tanzfl\u00e4che leerer. Aber es gibt T\u00e4nze, die lassen sich wundervoll entspannt auf schnellere Musik tanzen. Einen dieser T\u00e4nze wollen wir Dir mit diesem Workshop n\u00e4her bringen: den Collegiate Shag, einen der urspr\u00fcnglichen Swingt\u00e4nze, der aus den 1920\/30er-Jahren in den USA stammt.<\/p>\n\n\n\n<p>Vorkenntnisse sind nicht n\u00f6tig (weder in Shag, noch in Swing oder Tanz allgemein).<br>Du musst keine*n Partner*in mitbringen.<br><br>Teacher: Michael &amp; Sophia<br>Ort: Kleks in Gromb\u00fchl<br>Uhrzeit: 13:00 Uhr bis 15:30 Uhr (inkl. Pause)<br>Preis: Pay what you want &amp; can (nach eigenem Ermessen\/M\u00f6glichkeiten)<\/p>\n\n\n\n<p>PS. Wenn Du Lindy Hop auf dem Level Mittelstufe (oder h\u00f6her) tanzt, kannst Du bei Wunsch anschlie\u00dfend noch zu einer Swing out-Kurseinheit dableiben. Ab 19 Uhr gibt es zudem Social Dance. Informationen zu beidem findest Du <a href=\"https:\/\/www.swingnblues-wuerzburg.de\/index.php\/unterricht\/\">hier<\/a>.<\/p>\n","protected":false},"excerpt":{"rendered":"<p>Nicht selten, wenn die Musik schneller wird, wird die Tanzfl\u00e4che leerer. Aber es gibt T\u00e4nze, die lassen sich wundervoll entspannt auf schnellere [&hellip;]<\/p>\n","protected":false},"author":2,"featured_media":0,"parent":0,"menu_order":0,"comment_status":"closed","ping_status":"closed","template":"page-templates\/page_fullwidth.php","meta":{"footnotes":""},"class_list":["post-3937","page","type-page","status-publish","hentry"],"featured_image_src":null,"_links":{"self":[{"href":"https:\/\/www.swingnblues-wuerzburg.de\/index.php\/wp-json\/wp\/v2\/pages\/3937","targetHints":{"allow":["GET"]}}],"collection":[{"href":"https:\/\/www.swingnblues-wuerzburg.de\/index.php\/wp-json\/wp\/v2\/pages"}],"about":[{"href":"https:\/\/www.swingnblues-wuerzburg.de\/index.php\/wp-json\/wp\/v2\/types\/page"}],"author":[{"embeddable":true,"href":"https:\/\/www.swingnblues-wuerzburg.de\/index.php\/wp-json\/wp\/v2\/users\/2"}],"replies":[{"embeddable":true,"href":"https:\/\/www.swingnblues-wuerzburg.de\/index.php\/wp-json\/wp\/v2\/comments?post=3937"}],"version-history":[{"count":5,"href":"https:\/\/www.swingnblues-wuerzburg.de\/index.php\/wp-json\/wp\/v2\/pages\/3937\/revisions"}],"predecessor-version":[{"id":3958,"href":"https:\/\/www.swingnblues-wuerzburg.de\/index.php\/wp-json\/wp\/v2\/pages\/3937\/revisions\/3958"}],"wp:attachment":[{"href":"https:\/\/www.swingnblues-wuerzburg.de\/index.php\/wp-json\/wp\/v2\/media?parent=3937"}],"curies":[{"name":"wp","href":"https:\/\/api.w.org\/{rel}","templated":true}]}}