{"id":3912,"date":"2024-08-22T11:19:51","date_gmt":"2024-08-22T09:19:51","guid":{"rendered":"https:\/\/www.swingnblues-wuerzburg.de\/?page_id=3912"},"modified":"2024-09-10T18:14:45","modified_gmt":"2024-09-10T16:14:45","slug":"21-september-draussen-tanzen-beim-autofreien-tag-mit-livemusik-von-steamboat-charlie-schnupperstunde-lindy-hop","status":"publish","type":"page","link":"https:\/\/www.swingnblues-wuerzburg.de\/index.php\/21-september-draussen-tanzen-beim-autofreien-tag-mit-livemusik-von-steamboat-charlie-schnupperstunde-lindy-hop\/","title":{"rendered":"21. September: Drau\u00dfen tanzen bei der &#8222;Zukunftsallee&#8220; mit Livemusik von &#8222;Steamboat Charlie&#8220; &amp; Crashkurs Lindy Hop"},"content":{"rendered":"\n<p>Innenst\u00e4dte k\u00f6nnen mehr als Einkaufzentren und Parkfl\u00e4chen sein. Am 21. September (Samstag) wird die W\u00fcrzburger <strong>Semmelstra\u00dfe <\/strong>unter dem Stichwort &#8222;Zukunftsallee&#8220; anders belebt als normalerweise. Einen Tag lang k\u00f6nnen Initiativen, H\u00e4ndler*innen und Privatpersonen ausprobieren, wie sich der Raum der Stra\u00dfe noch nutzen l\u00e4sst statt nur f\u00fcr Verkehr.<br>Wir tanzen zur Livemusik von <a href=\"https:\/\/www.facebook.com\/p\/Steamboat-Charlie-100063597817256\/\">Steamboat Charlie<\/a>. Au\u00dferdem kannst Du noch weitere Tanzinitativen erleben und mittanzen.<\/p>\n\n\n\n<p><strong>Programm:<\/strong><br>12.00-13.30 Uhr: <strong>Tango<\/strong><br>13.30-15.00 Uhr: <strong>Swing\/Lindy Hop <\/strong>mit Mini-Crashkurs und Livemusik von <a href=\"https:\/\/www.facebook.com\/p\/Steamboat-Charlie-100063597817256\/\">Steamboat Charlie<\/a><br>15.00-16.30 Uhr: <strong>Forr\u00f3<\/strong><br>16.30-18.00 Uhr: <strong>Folk <\/strong><br><br>Kosten: keine<\/p>\n\n\n\n<p><a href=\"https:\/\/www.youtube.com\/watch?v=QtaBimolyNo\">Hier findest Du ein Video<\/a>, wie die Stra\u00dfe k\u00fcnftig aussehen k\u00f6nnte. <\/p>\n","protected":false},"excerpt":{"rendered":"<p>Innenst\u00e4dte k\u00f6nnen mehr als Einkaufzentren und Parkfl\u00e4chen sein. Am 21. September (Samstag) wird die W\u00fcrzburger Semmelstra\u00dfe unter dem Stichwort &#8222;Zukunftsallee&#8220; anders belebt [&hellip;]<\/p>\n","protected":false},"author":2,"featured_media":3913,"parent":0,"menu_order":0,"comment_status":"closed","ping_status":"closed","template":"page-templates\/page_fullwidth.php","meta":{"footnotes":""},"class_list":["post-3912","page","type-page","status-publish","has-post-thumbnail","hentry"],"featured_image_src":"https:\/\/www.swingnblues-wuerzburg.de\/wp-content\/uploads\/2024\/08\/Semmelstrasse-autofrei.jpg","_links":{"self":[{"href":"https:\/\/www.swingnblues-wuerzburg.de\/index.php\/wp-json\/wp\/v2\/pages\/3912","targetHints":{"allow":["GET"]}}],"collection":[{"href":"https:\/\/www.swingnblues-wuerzburg.de\/index.php\/wp-json\/wp\/v2\/pages"}],"about":[{"href":"https:\/\/www.swingnblues-wuerzburg.de\/index.php\/wp-json\/wp\/v2\/types\/page"}],"author":[{"embeddable":true,"href":"https:\/\/www.swingnblues-wuerzburg.de\/index.php\/wp-json\/wp\/v2\/users\/2"}],"replies":[{"embeddable":true,"href":"https:\/\/www.swingnblues-wuerzburg.de\/index.php\/wp-json\/wp\/v2\/comments?post=3912"}],"version-history":[{"count":5,"href":"https:\/\/www.swingnblues-wuerzburg.de\/index.php\/wp-json\/wp\/v2\/pages\/3912\/revisions"}],"predecessor-version":[{"id":3979,"href":"https:\/\/www.swingnblues-wuerzburg.de\/index.php\/wp-json\/wp\/v2\/pages\/3912\/revisions\/3979"}],"wp:featuredmedia":[{"embeddable":true,"href":"https:\/\/www.swingnblues-wuerzburg.de\/index.php\/wp-json\/wp\/v2\/media\/3913"}],"wp:attachment":[{"href":"https:\/\/www.swingnblues-wuerzburg.de\/index.php\/wp-json\/wp\/v2\/media?parent=3912"}],"curies":[{"name":"wp","href":"https:\/\/api.w.org\/{rel}","templated":true}]}}