{"id":3639,"date":"2024-04-03T11:09:50","date_gmt":"2024-04-03T09:09:50","guid":{"rendered":"https:\/\/www.swingnblues-wuerzburg.de\/?page_id=3639"},"modified":"2024-04-05T16:12:16","modified_gmt":"2024-04-05T14:12:16","slug":"vereinsgruendung-feier-livemusik","status":"publish","type":"page","link":"https:\/\/www.swingnblues-wuerzburg.de\/index.php\/vereinsgruendung-feier-livemusik\/","title":{"rendered":"14. April: Vereinsgr\u00fcndung mit Livemusik"},"content":{"rendered":"<div class=\"wp-block-image is-style-default\">\n<figure class=\"aligncenter size-medium is-resized\"><img loading=\"lazy\" decoding=\"async\" width=\"300\" height=\"300\" src=\"https:\/\/www.swingnblues-wuerzburg.de\/wp-content\/uploads\/2024\/04\/i-300x300.jpg\" alt=\"\" class=\"wp-image-3675\" style=\"width:424px;height:auto\" srcset=\"https:\/\/www.swingnblues-wuerzburg.de\/wp-content\/uploads\/2024\/04\/i-300x300.jpg 300w, https:\/\/www.swingnblues-wuerzburg.de\/wp-content\/uploads\/2024\/04\/i-1024x1024.jpg 1024w, https:\/\/www.swingnblues-wuerzburg.de\/wp-content\/uploads\/2024\/04\/i-150x150.jpg 150w, https:\/\/www.swingnblues-wuerzburg.de\/wp-content\/uploads\/2024\/04\/i-768x768.jpg 768w, https:\/\/www.swingnblues-wuerzburg.de\/wp-content\/uploads\/2024\/04\/i-1000x1000.jpg 1000w, https:\/\/www.swingnblues-wuerzburg.de\/wp-content\/uploads\/2024\/04\/i-230x230.jpg 230w, https:\/\/www.swingnblues-wuerzburg.de\/wp-content\/uploads\/2024\/04\/i-350x350.jpg 350w, https:\/\/www.swingnblues-wuerzburg.de\/wp-content\/uploads\/2024\/04\/i-480x480.jpg 480w, https:\/\/www.swingnblues-wuerzburg.de\/wp-content\/uploads\/2024\/04\/i.jpg 1080w\" sizes=\"auto, (max-width: 300px) 100vw, 300px\" \/><\/figure>\n<\/div>\n\n\n<p><\/p>\n\n\n\n<p>Hurra, wir werden ein Verein und wollen das auch gleich geb\u00fchrend feiern.<br><br><strong>16.00 Uhr: Gr\u00fcndungsversammlung<\/strong><br>ab <strong>18.30 Uhr: Tanzabend mit Livemusik<\/strong><br><strong>Ort: <\/strong>Kleks in Gromb\u00fchl, Matterstockstra\u00dfe 32, 97080 W\u00fcrzburg <\/p>\n\n\n\n<p><strong>Vereinsgr\u00fcndung:<\/strong><br>Der gemeinsame Tag startet mit einer offiziellen Gr\u00fcndungsversammlung eines gemeinn\u00fctzigen Vereins. Bei Wunsch kannst Du direkt Mitglied werden, musst aber nicht. Du kannst auch nur zum Zuh\u00f6ren dazu kommen.<br>Generell \u00e4ndert die Vereinsgr\u00fcndung f\u00fcr Dich nicht zwingend etwas. Du wirst weiter wie gewohnt zum Tanzen und in die Drop-in-Kurse kommen k\u00f6nnen, wenn Du kein Mitglied werden willst. Dazu aber in den kommenden Wochen mehr.<\/p>\n\n\n\n<p><strong>Feier:<\/strong><br>Den Social Dance vers\u00fc\u00dft uns zur Feier des Tages die <a href=\"https:\/\/www.hop-jazz-group.com\/\" target=\"_blank\" rel=\"noreferrer noopener\">Hop Jazz Group<\/a>, zu deren Musik wir schon mehrfach wunderbar getanzt haben. Die Band wird bis circa 21 Uhr spielen.<br>Eintrittspreis: keiner. Wir lassen einen Hut rumgehen, wenn Du finanziell etwas zur Feier beitragen magst. <br>Du kannst oder m\u00f6chtest nur zum Tanzabend kommen, nicht zur Gr\u00fcndungsversammlung? Kein Problem. Wir freuen uns \u00fcber alle, die mitfeiern.<\/p>\n\n\n\n<p>Bitte bringe saubere (Tanz)schuhe mit.<\/p>\n\n\n\n<p>Anfahrt: Mit Straba von der Innenstadt kommend Haltestelle \u201cWagnerplatz\u201d, Richtung Innenstadtfahrend \u201cSt Josef Kirche\u201d. Autoparken ist u.a. m\u00f6glich in den Parkh\u00e4usern \u201cAn den Universit\u00e4tskliniken\u201d und \u201cGromb\u00fchlstra\u00dfe\u201d am Europastern.<br><\/p>\n","protected":false},"excerpt":{"rendered":"<p>Hurra, wir werden ein Verein und wollen das auch gleich geb\u00fchrend feiern. 16.00 Uhr: Gr\u00fcndungsversammlungab 18.30 Uhr: Tanzabend mit LivemusikOrt: Kleks in [&hellip;]<\/p>\n","protected":false},"author":2,"featured_media":0,"parent":0,"menu_order":0,"comment_status":"closed","ping_status":"closed","template":"page-templates\/page_fullwidth.php","meta":{"footnotes":""},"class_list":["post-3639","page","type-page","status-publish","hentry"],"featured_image_src":null,"_links":{"self":[{"href":"https:\/\/www.swingnblues-wuerzburg.de\/index.php\/wp-json\/wp\/v2\/pages\/3639","targetHints":{"allow":["GET"]}}],"collection":[{"href":"https:\/\/www.swingnblues-wuerzburg.de\/index.php\/wp-json\/wp\/v2\/pages"}],"about":[{"href":"https:\/\/www.swingnblues-wuerzburg.de\/index.php\/wp-json\/wp\/v2\/types\/page"}],"author":[{"embeddable":true,"href":"https:\/\/www.swingnblues-wuerzburg.de\/index.php\/wp-json\/wp\/v2\/users\/2"}],"replies":[{"embeddable":true,"href":"https:\/\/www.swingnblues-wuerzburg.de\/index.php\/wp-json\/wp\/v2\/comments?post=3639"}],"version-history":[{"count":9,"href":"https:\/\/www.swingnblues-wuerzburg.de\/index.php\/wp-json\/wp\/v2\/pages\/3639\/revisions"}],"predecessor-version":[{"id":3682,"href":"https:\/\/www.swingnblues-wuerzburg.de\/index.php\/wp-json\/wp\/v2\/pages\/3639\/revisions\/3682"}],"wp:attachment":[{"href":"https:\/\/www.swingnblues-wuerzburg.de\/index.php\/wp-json\/wp\/v2\/media?parent=3639"}],"curies":[{"name":"wp","href":"https:\/\/api.w.org\/{rel}","templated":true}]}}