{"id":2529,"date":"2023-06-29T15:50:49","date_gmt":"2023-06-29T13:50:49","guid":{"rendered":"https:\/\/www.swingnblues-wuerzburg.de\/?page_id=2529"},"modified":"2026-04-23T12:53:52","modified_gmt":"2026-04-23T10:53:52","slug":"vergangene-veranstaltungen-workshops-livemusik-specials","status":"publish","type":"page","link":"https:\/\/www.swingnblues-wuerzburg.de\/index.php\/vergangene-veranstaltungen-workshops-livemusik-specials\/","title":{"rendered":"Vergangene Veranstaltungen (Workshops, Livemusik, Specials)"},"content":{"rendered":"\n<h3 class=\"wp-block-heading\">2026<\/h3>\n\n\n\n<ul class=\"wp-block-list\">\n<li><a href=\"https:\/\/www.swingnblues-wuerzburg.de\/index.php\/events\/swing-tanzabend\/\" target=\"_blank\" rel=\"noreferrer noopener\">18.04.26 Swing Tanzabend<\/a><\/li>\n\n\n\n<li><a href=\"https:\/\/www.swingnblues-wuerzburg.de\/index.php\/events\/25-26-04-2026-back-to-the-roots-lindy-und-blues-workshop-mit-isabel-izzie\/\" target=\"_blank\" rel=\"noreferrer noopener\">18. + 19.04.26 &#8222;Back to the Roots&#8220; mit Izzie (Lindy + Blues Workshops)<\/a><\/li>\n\n\n\n<li><a href=\"https:\/\/www.swingnblues-wuerzburg.de\/index.php\/events\/shag-workshop-maerz\/\" target=\"_blank\" rel=\"noreferrer noopener\">29.03.26 Shag Workshop<\/a><\/li>\n\n\n\n<li><a href=\"https:\/\/www.swingnblues-wuerzburg.de\/index.php\/events\/mitgliederversammlung-social\/\" target=\"_blank\" rel=\"noreferrer noopener\">15.03.26 Social Dance (nach der Mitgliederversammlung)<\/a><\/li>\n\n\n\n<li><a href=\"https:\/\/www.swingnblues-wuerzburg.de\/index.php\/events\/lindy-hop-einstiegsworkshop-3\/\" target=\"_blank\" rel=\"noreferrer noopener\">14.03.26 Lindy Hop Einstiegsworkshop<\/a><\/li>\n\n\n\n<li><a href=\"https:\/\/www.swingnblues-wuerzburg.de\/index.php\/events\/shag-workshop\/\">24.01.26 Shag-Workshop (Grundlagen- und Aufbaukurs)<\/a><\/li>\n\n\n\n<li><a href=\"https:\/\/www.swingnblues-wuerzburg.de\/index.php\/events\/lindy-hop-einstiegsworkshop-2-11-25\/\" target=\"_blank\" rel=\"noreferrer noopener\">10.01.26 Lindy Hop Einstiegsworkshops<\/a><\/li>\n<\/ul>\n\n\n\n<h3 class=\"wp-block-heading\">2025<\/h3>\n\n\n\n<ul class=\"wp-block-list\">\n<li><a href=\"https:\/\/www.swingnblues-wuerzburg.de\/index.php\/events\/winter-weichnachtssocial\/\" target=\"_blank\" rel=\"noreferrer noopener\">17.12.25 Weihnachtssocial &#8222;Let it swing&#8220;<\/a><\/li>\n\n\n\n<li><a href=\"https:\/\/www.swingnblues-wuerzburg.de\/index.php\/social-dance\/\" target=\"_blank\" rel=\"noreferrer noopener\">Nov + Dez 2025 Sunday Swing-Socials<\/a><\/li>\n\n\n\n<li><a href=\"https:\/\/www.swingnblues-wuerzburg.de\/index.php\/social-dance\/\" target=\"_blank\" rel=\"noreferrer noopener\"><\/a><a href=\"https:\/\/www.swingnblues-wuerzburg.de\/index.php\/events\/small-switch-input\/\" target=\"_blank\" rel=\"noreferrer noopener\">14.12.25 Lindy Hop Small Switch Input<\/a><\/li>\n\n\n\n<li><a href=\"https:\/\/www.swingnblues-wuerzburg.de\/index.php\/events\/lindy-hop-einstiegsworkshop-2-11-25\/\" target=\"_blank\" rel=\"noreferrer noopener\">15.11.25 Lindy Hop Einstiegsworkshops<\/a><\/li>\n\n\n\n<li><a href=\"https:\/\/www.swingnblues-wuerzburg.de\/index.php\/events\/the-great-smallband-live-15-11-25\/\" target=\"_blank\" rel=\"noreferrer noopener\">15.11.25 &#8222;The great Smallband&#8220; LIVE Musik <\/a><\/li>\n\n\n\n<li><a href=\"https:\/\/www.swingnblues-wuerzburg.de\/index.php\/events\/lindy-hop-einstiegsworkshop-2-11-25\/\" target=\"_blank\" rel=\"noreferrer noopener\">8.11.25 Taster West Coast Swing<\/a><\/li>\n\n\n\n<li><a href=\"http:\/\/10.10.2025 Celebrity Hot Tub Party LIVE statt Kurse\" target=\"_blank\" rel=\"noreferrer noopener\">8.10.25 Celebrity Hot Tub Party LIVE statt Kurse<\/a><\/li>\n\n\n\n<li><a href=\"https:\/\/www.swingnblues-wuerzburg.de\/index.php\/sommerspecials-2\/\" target=\"_blank\" rel=\"noreferrer noopener\">August + September: Sommerprogramm 2025<\/a><\/li>\n\n\n\n<li><a href=\"https:\/\/www.swingnblues-wuerzburg.de\/index.php\/events\/save-the-date-14-09-2025\/\" target=\"_blank\" rel=\"noreferrer noopener\">14.09.25 &#8222;Fall Back in Step&#8220; + The Killin&#8216; Jivers Live<\/a><\/li>\n\n\n\n<li><a href=\"https:\/\/www.swingnblues-wuerzburg.de\/index.php\/einstiegsworkshop\/\" data-type=\"link\" data-id=\"https:\/\/www.swingnblues-wuerzburg.de\/index.php\/einstiegsworkshop\/\" target=\"_blank\" rel=\"noreferrer noopener\">13.09.2025 Lindy Hop-Einstiegsworkshop<\/a><\/li>\n\n\n\n<li><a href=\"https:\/\/www.swingnblues-wuerzburg.de\/index.php\/fast-n-slow\/\">May: Fast \u2019n\u2018 Slow<\/a><\/li>\n\n\n\n<li><a href=\"https:\/\/www.swingnblues-wuerzburg.de\/index.php\/shim-sham-workshop_april25\/\">12. April: Shim Sham-Workshop<\/a><\/li>\n\n\n\n<li><a href=\"https:\/\/www.swingnblues-wuerzburg.de\/index.php\/12-april-killin-jivers\/\">12. April: Livemusik der Killin\u00b4 Jivers<\/a><\/li>\n\n\n\n<li><a href=\"https:\/\/www.swingnblues-wuerzburg.de\/index.php\/12-13-april-lindy-und-blues-workshop-mit-isabel-izzie-2\/\">Absage: 12.\/13.April: &#8222;Back tot the Roots!&#8220;<\/a><\/li>\n\n\n\n<li><a href=\"https:\/\/www.swingnblues-wuerzburg.de\/index.php\/1-april-community-choreografie-coffee-first\/\">1. April: Community-Choreografie \u201eCoffee first\u201c<\/a><\/li>\n\n\n\n<li><a href=\"https:\/\/www.swingnblues-wuerzburg.de\/index.php\/11-maerz-elektroswing\/\" data-type=\"page\" data-id=\"4739\">11. M\u00e4rz: Elektroswing (Solotanz)<\/a><\/li>\n\n\n\n<li><a href=\"https:\/\/www.swingnblues-wuerzburg.de\/index.php\/23-2-25-blues-workshop\/\" data-type=\"page\" data-id=\"4758\">23. Februar: Blues Workshop<\/a><\/li>\n\n\n\n<li><a href=\"https:\/\/www.swingnblues-wuerzburg.de\/index.php\/22-2-25-switch-workshop-mit-anschliessender-party\/\" data-type=\"page\" data-id=\"4621\">22. Februar: Switch Workshop mit anschlie\u00dfender Party<\/a><\/li>\n\n\n\n<li><a href=\"https:\/\/www.swingnblues-wuerzburg.de\/index.php\/9-februar-lindy-hop-step-by-step\/\" data-type=\"page\" data-id=\"4577\">9. Februar: Lindy Hop Step by Step<\/a><\/li>\n\n\n\n<li><a href=\"https:\/\/www.swingnblues-wuerzburg.de\/index.php\/4-februar-community-choreografie-coffee-first\/\" data-type=\"page\" data-id=\"4599\">4. Februar: Community-Choreografie \u201eCoffee first\u201c<\/a><\/li>\n\n\n\n<li><a href=\"https:\/\/www.swingnblues-wuerzburg.de\/index.php\/1-2-2-25-blues-workshop-inkl-party\/\" data-type=\"page\" data-id=\"4355\">1. + 2.2.25 Blues Workshop mit Ad\u00e8le &amp; Marcin und einer Party mit Laneys Swing Trio<\/a><\/li>\n\n\n\n<li><a href=\"https:\/\/www.swingnblues-wuerzburg.de\/index.php\/20-januar-solojazz4fun\/\" data-type=\"page\" data-id=\"4482\">20. Januar: SoloJazz4Fun<\/a><\/li>\n<\/ul>\n\n\n\n<h3 class=\"wp-block-heading\">2024<\/h3>\n\n\n\n<ul class=\"wp-block-list\">\n<li><a href=\"https:\/\/www.swingnblues-wuerzburg.de\/index.php\/weihnachts-social-21-12-2024\/\" data-type=\"page\" data-id=\"4325\">Festlicher Weihnachts-Social<\/a><\/li>\n\n\n\n<li><a href=\"https:\/\/www.swingnblues-wuerzburg.de\/index.php\/23-november-lindy-tanzabend-mit-shag-workshop\/\" data-type=\"page\" data-id=\"4149\">23. November: Lindy Tanzabend mit Shag-Workshops tags\u00fcber<\/a><\/li>\n\n\n\n<li><a href=\"https:\/\/www.swingnblues-wuerzburg.de\/index.php\/24-oktober-workshop-mama-stew-solo-jazz\/\" data-type=\"page\" data-id=\"3981\">24. Oktober: Workshop Mama Stew (Solo Jazz)<\/a><\/li>\n\n\n\n<li><a href=\"https:\/\/www.swingnblues-wuerzburg.de\/index.php\/12-oktober-stepptanz-erste-schritte-und-shim-sham\/\" data-type=\"page\" data-id=\"3237\">12. Oktober: Stepptanz \u2013 erste Schritte und Shim Sham<\/a><\/li>\n\n\n\n<li><a href=\"https:\/\/www.swingnblues-wuerzburg.de\/index.php\/22-september-shag-schnupperstunde\/\" data-type=\"page\" data-id=\"3937\">22. September: Shag-Schnupperworkshop<\/a><\/li>\n\n\n\n<li><a href=\"https:\/\/www.swingnblues-wuerzburg.de\/index.php\/21-september-draussen-tanzen-beim-autofreien-tag-mit-livemusik-von-steamboat-charlie-schnupperstunde-lindy-hop\/\" data-type=\"page\" data-id=\"3912\">21. September: Drau\u00dfen tanzen bei der \u201cZukunftsallee\u201d &amp; Crashkurs Lindy Hop<\/a><\/li>\n\n\n\n<li><a href=\"https:\/\/www.swingnblues-wuerzburg.de\/index.php\/sommerprogramm-all-level-specials-7-8-4-9\/\" data-type=\"page\" data-id=\"3856\">Sommerprogramm: All-Level-Lindy-Hop-Specials (7.8.-4.9.)<\/a><\/li>\n\n\n\n<li><a href=\"https:\/\/www.swingnblues-wuerzburg.de\/index.php\/workshop_lindy_balboa_fanny_domen_24\/\" data-type=\"page\" data-id=\"3650\">20.\/21. Juli: Lindy Hop- und Balboa-Workshop &amp; Social Dance mit Fanny und Domen (M\u00fcnchen)<\/a><\/li>\n\n\n\n<li><a href=\"https:\/\/www.swingnblues-wuerzburg.de\/index.php\/14-juli-the-roach-kurzworkshop-solo-jazz\/\" data-type=\"page\" data-id=\"3778\">14. Juli: The Roach \u2013 Kurzworkshop Solo-Jazz<\/a><\/li>\n\n\n\n<li><a href=\"https:\/\/www.swingnblues-wuerzburg.de\/index.php\/vereinsgruendung-feier-livemusik\/\" data-type=\"page\" data-id=\"3639\">14. April: Vereinsgr\u00fcndung mit Livemusik<\/a><\/li>\n\n\n\n<li><a href=\"https:\/\/www.swingnblues-wuerzburg.de\/index.php\/dean-collins-shim-sham\/\" data-type=\"page\" data-id=\"3592\">12. &amp; 19. M\u00e4rz: Dean Collins-Shim Sham (Solo Jazz)<\/a><\/li>\n\n\n\n<li><a href=\"https:\/\/www.swingnblues-wuerzburg.de\/index.php\/shim-sham-workshop_maerz24\/\" data-type=\"page\" data-id=\"3589\">5. M\u00e4rz: Shim Sham (Solo Jazz)<\/a><\/li>\n\n\n\n<li>25. Februar: Infotreffen zur geplanten Vereinsgr\u00fcndung<\/li>\n<\/ul>\n\n\n\n<p><\/p>\n\n\n\n<h3 class=\"wp-block-heading\">2023<\/h3>\n\n\n\n<ul class=\"wp-block-list\">\n<li><a href=\"https:\/\/www.swingnblues-wuerzburg.de\/index.php\/23-dezember-swingin-around-the-christmas-tree\/\" data-type=\"page\" data-id=\"3078\">23. Dezember: Swingin\u00b4 around the Christmas Tree<\/a><\/li>\n\n\n\n<li><a href=\"https:\/\/www.swingnblues-wuerzburg.de\/index.php\/bigapple\/\" data-type=\"page\" data-id=\"3024\">Oktober\/November: Big Apple (Solo Jazz)<\/a><\/li>\n\n\n\n<li><a href=\"https:\/\/www.swingnblues-wuerzburg.de\/index.php\/shim-sham-workshop_okt023\/\" data-type=\"page\" data-id=\"3022\">24. Oktober: Shim Sham (Solo Jazz)<\/a><\/li>\n\n\n\n<li><a href=\"https:\/\/www.swingnblues-wuerzburg.de\/index.php\/sommerspecials\/\" data-type=\"page\" data-id=\"2702\">August &amp; September: Sommerspecials<\/a><\/li>\n\n\n\n<li><a href=\"https:\/\/www.swingnblues-wuerzburg.de\/index.php\/african-roots-afrikanischer-tanz-und-afrikanisches-trommeln\/\" target=\"_blank\" rel=\"noreferrer noopener\">African Roots<\/a><\/li>\n\n\n\n<li><a rel=\"noreferrer noopener\" href=\"https:\/\/www.swingnblues-wuerzburg.de\/index.php\/24-juni-sommerfest\/?preview=true&amp;_thumbnail_id=2488\" target=\"_blank\">Abendliches Sommerfest<\/a><\/li>\n\n\n\n<li><a href=\"https:\/\/www.swingnblues-wuerzburg.de\/index.php\/18-juni-workshop-fuer-mittelstufe-fortgeschrittene\/?preview=true\" target=\"_blank\" rel=\"noreferrer noopener\">Workshop Lindy Hop f\u00fcr Mittelstufe\/Fortgeschrittene<\/a><\/li>\n\n\n\n<li><a href=\"https:\/\/www.swingnblues-wuerzburg.de\/index.php\/27-mai-west-coast-swing\/?preview=true&amp;_thumbnail_id=2346\" target=\"_blank\" rel=\"noreferrer noopener\">Westcoast-Swing-Workshop<\/a><\/li>\n\n\n\n<li><a href=\"https:\/\/www.swingnblues-wuerzburg.de\/index.php\/april-mai-tranky-doo-solo-jazz\/\" target=\"_blank\" rel=\"noreferrer noopener\">Tranky Doo-Routine (Solo Jazz)<\/a><\/li>\n\n\n\n<li><a href=\"https:\/\/www.swingnblues-wuerzburg.de\/index.php\/shim-sham-workshop_april2023\/?preview=true&amp;_thumbnail_id=887\" target=\"_blank\" rel=\"noreferrer noopener\">Shim-Sham-Workshop (Solo Jazz)<\/a><\/li>\n\n\n\n<li><a rel=\"noreferrer noopener\" href=\"https:\/\/www.swingnblues-wuerzburg.de\/index.php\/19-3-lindy-hop-schnupperstunde-bei-den-kulturpunkten\/?preview=true&amp;_thumbnail_id=2244\" target=\"_blank\">Lindy Hop-Schnupperstunde bei den Kulturpunkten<\/a><\/li>\n\n\n\n<li>Lindy Hop-Taster f\u00fcr die schwulesbische Jugendgruppe D\u00e9j\u00e0W\u00fc<\/li>\n\n\n\n<li><a href=\"https:\/\/www.swingnblues-wuerzburg.de\/index.php\/mittanzen\/lindy-hop-goes-ballroom-aufbauworkshop-an-vier-sonntagen\/\" target=\"_blank\" rel=\"noreferrer noopener\">Lindy Hop goes Ballroom (again) &#8211; Aufbaustufe<\/a><\/li>\n\n\n\n<li><a rel=\"noreferrer noopener\" href=\"https:\/\/www.swingnblues-wuerzburg.de\/index.php\/29-januar-blues-taster\/\" target=\"_blank\">Blues-Taster<\/a><\/li>\n\n\n\n<li><a rel=\"noreferrer noopener\" href=\"https:\/\/www.swingnblues-wuerzburg.de\/index.php\/januar-2023-solo-jazz-an-der-vhs\/\" target=\"_blank\">Solo Jazz an der VHS<\/a><\/li>\n\n\n\n<li><a href=\"https:\/\/www.swingnblues-wuerzburg.de\/index.php\/mittanzen\/lindy-hop-goes-ballroom-anfaengerworkshop-an-zwei-sonntagen-2\/\" target=\"_blank\" rel=\"noreferrer noopener\">Lindy Hop goes Ballroom (again) &#8211; Anf\u00e4nger:innen<\/a><\/li>\n\n\n\n<li><a href=\"https:\/\/www.swingnblues-wuerzburg.de\/index.php\/boogie-woogie-workshop\/\" target=\"_blank\" rel=\"noreferrer noopener\">Boogie-Woogie-Workshop<\/a><\/li>\n<\/ul>\n\n\n\n<p><\/p>\n\n\n\n<h3 class=\"wp-block-heading\">2022<\/h3>\n\n\n\n<ul class=\"wp-block-list\">\n<li><a href=\"https:\/\/www.swingnblues-wuerzburg.de\/index.php\/tanzabend-mit-der-hop-jazz-group\/\" target=\"_blank\" rel=\"noreferrer noopener\">Tanzabend mit Livemusik und Crashkurs<\/a> (&#8222;Weihnachtsfeier&#8220;)<\/li>\n\n\n\n<li>Outdoor-Social beim &#8222;Kunstleeren Raum&#8220;<\/li>\n\n\n\n<li><a href=\"https:\/\/www.swingnblues-wuerzburg.de\/index.php\/balboa-workshop-mit-patrick-polett\/\" target=\"_blank\" rel=\"noreferrer noopener\">Balboa-Anf\u00e4ngerworkshop<\/a><\/li>\n\n\n\n<li><a href=\"https:\/\/www.swingnblues-wuerzburg.de\/index.php\/shim-sham-workshop-2\/?preview=true&amp;_thumbnail_id=887\" target=\"_blank\" rel=\"noreferrer noopener\">Shim-Sham-Workshop (Solo Jazz)<\/a><\/li>\n\n\n\n<li><a href=\"https:\/\/www.swingnblues-wuerzburg.de\/index.php\/august-sommer-specials-solo-jazz\/\" target=\"_blank\" rel=\"noreferrer noopener\">Sommerspecials Solo Jazz<\/a><\/li>\n\n\n\n<li><a href=\"https:\/\/www.swingnblues-wuerzburg.de\/index.php\/mittanzen\/lindy-hop-goes-ballroom-anfaengerworkshop-an-zwei-sonntagen\/\" target=\"_blank\" rel=\"noreferrer noopener\">Lindy Hop goes Ballroom<\/a><\/li>\n\n\n\n<li><a href=\"https:\/\/www.swingnblues-wuerzburg.de\/index.php\/hoffest-kultur-im-hinterhof\/\" target=\"_blank\" rel=\"noreferrer noopener\">Hoffest &#8222;Kultur im Hinterhof&#8220;<\/a><\/li>\n\n\n\n<li><a href=\"https:\/\/www.swingnblues-wuerzburg.de\/index.php\/14-april-lindy-hop-show-crashkurs-und-vortrag-in-der-innenstadt\/?preview=true&amp;_thumbnail_id=1058\" target=\"_blank\" rel=\"noreferrer noopener\">Lindy Hop-Taster,  -Vortrag und Vorf\u00fchrung im Pop-up-Raum der Stadtb\u00fccherei<\/a><\/li>\n\n\n\n<li><a rel=\"noreferrer noopener\" href=\"https:\/\/www.swingnblues-wuerzburg.de\/index.php\/26-27-maerz-lindy-hop-pieces-mit-andreas-hoppe\/?\" target=\"_blank\">Lindy Hop-Pieces mit Andreas Hoppe<\/a> (Swing Connects)<\/li>\n\n\n\n<li><a href=\"https:\/\/www.swingnblues-wuerzburg.de\/index.php\/shim-sham-workshop\/\" target=\"_blank\" rel=\"noreferrer noopener\">Shim Sham-Workshop (Solo Jazz)<\/a><\/li>\n<\/ul>\n\n\n\n<p><\/p>\n\n\n\n<h3 class=\"wp-block-heading\">2021<\/h3>\n\n\n\n<ul class=\"wp-block-list\">\n<li><a href=\"https:\/\/www.swingnblues-wuerzburg.de\/index.php\/wuerzburg-meets-heidelberg-workshop-mit-party\/\" target=\"_blank\" rel=\"noreferrer noopener\">W\u00fcrzburg meets Heidelberg &#8211; Workshop und Party mit Livmusik<\/a><\/li>\n\n\n\n<li><a href=\"https:\/\/www.swingnblues-wuerzburg.de\/index.php\/tea-dance-mit-der-hop-jazz-group\/\" target=\"_blank\" rel=\"noreferrer noopener\">Tea Dance mit der Hop Jazz Group<\/a><\/li>\n<\/ul>\n\n\n\n<p><\/p>\n","protected":false},"excerpt":{"rendered":"<p>2026 2025 2024 2023 2022 2021<\/p>\n","protected":false},"author":2,"featured_media":0,"parent":0,"menu_order":0,"comment_status":"closed","ping_status":"closed","template":"page-templates\/page_fullwidth.php","meta":{"footnotes":""},"class_list":["post-2529","page","type-page","status-publish","hentry"],"featured_image_src":null,"_links":{"self":[{"href":"https:\/\/www.swingnblues-wuerzburg.de\/index.php\/wp-json\/wp\/v2\/pages\/2529","targetHints":{"allow":["GET"]}}],"collection":[{"href":"https:\/\/www.swingnblues-wuerzburg.de\/index.php\/wp-json\/wp\/v2\/pages"}],"about":[{"href":"https:\/\/www.swingnblues-wuerzburg.de\/index.php\/wp-json\/wp\/v2\/types\/page"}],"author":[{"embeddable":true,"href":"https:\/\/www.swingnblues-wuerzburg.de\/index.php\/wp-json\/wp\/v2\/users\/2"}],"replies":[{"embeddable":true,"href":"https:\/\/www.swingnblues-wuerzburg.de\/index.php\/wp-json\/wp\/v2\/comments?post=2529"}],"version-history":[{"count":48,"href":"https:\/\/www.swingnblues-wuerzburg.de\/index.php\/wp-json\/wp\/v2\/pages\/2529\/revisions"}],"predecessor-version":[{"id":6852,"href":"https:\/\/www.swingnblues-wuerzburg.de\/index.php\/wp-json\/wp\/v2\/pages\/2529\/revisions\/6852"}],"wp:attachment":[{"href":"https:\/\/www.swingnblues-wuerzburg.de\/index.php\/wp-json\/wp\/v2\/media?parent=2529"}],"curies":[{"name":"wp","href":"https:\/\/api.w.org\/{rel}","templated":true}]}}