{"id":2317,"date":"2023-04-13T00:02:45","date_gmt":"2023-04-12T22:02:45","guid":{"rendered":"https:\/\/www.swingnblues-wuerzburg.de\/?page_id=2317"},"modified":"2023-04-18T11:07:19","modified_gmt":"2023-04-18T09:07:19","slug":"april-mai-tranky-doo-solo-jazz","status":"publish","type":"page","link":"https:\/\/www.swingnblues-wuerzburg.de\/index.php\/april-mai-tranky-doo-solo-jazz\/","title":{"rendered":"April\/Mai: Tranky Doo (Solo Jazz)"},"content":{"rendered":"\n<p>Du tanzt (auch) gerne alleine zu Swingmusik? Du magst Choreografien? Du m\u00f6chtest ein paar neue Moves lernen, wie die Solo Jazz-Klassiker Apple Jacks, Shorty George, Suzie Q, Boogie Back und Eagle Slide? Dann komm zu unserer kleinen Tranky Doo-Tanzreihe!<\/p>\n\n\n\n<p><strong>Tranky Doo ist eine der bekanntesten Solo Jazz-Routinen <\/strong>(neben Shim Sham, Big Apple und Trickeration). Sie entstand in den 1940er Jahren und ist auch heute noch sehr verbreitet.  <\/p>\n\n\n\n<p>Die Tranky Doo-Routine (Choreografie) beinhaltet viele klassische Solo Jazz-Schritte, die auch Lindy Hop als Paartanz bereichern. Durch Solo Jazz bekommst Du ein noch besseres Gef\u00fchl f\u00fcr Musik, Rhythmus und deinen K\u00f6rper, was auch im Paartanz zu Gute kommt. Tranky Doo ist ein Paradebeispiel f\u00fcr Individualit\u00e4t. Denn auch wenn die Schritte vorgegeben sind, gibt es doch etliche verschiedene Styles sie zu tanzen.<\/p>\n\n\n\n<p><strong>Wann<\/strong>: Dienstags 25. April, 2. Mai &amp; 9. Mai, jeweils 19:15 Uhr bis ca. 20:45 Uhr<br><strong>Ort<\/strong>: Atelier Templiner in der Mainaustra\u00dfe 50 (Eingang \u00fcber den Innenhof)<br><strong>Preis: <\/strong>nach eigenem Ermessen (&#8222;Pay what you want &amp; can&#8220;), Richtwert ca. 20 Euro f\u00fcr alle drei Termine zusammen<br><strong>F\u00fcr wen: <\/strong>Alle. Vorkenntnisse in Solo Jazz (oder allgemein Swingtanz) sind von Vorteil, aber nicht zwingend n\u00f6tig.<\/p>\n\n\n\n<p>Eine kurze Anmeldung an infoATswingnblues-wuerzburg.de w\u00e4re nett.<\/p>\n\n\n\n<p>Wie genau Tranky Doo aussehen kann, siehst du hier: <br><a rel=\"noreferrer noopener\" href=\"https:\/\/youtu.be\/Xz7xSX1F3ZM\" target=\"_blank\">https:\/\/youtu.be\/Xz7xSX1F3ZM<\/a> <br><a rel=\"noreferrer noopener\" href=\"https:\/\/youtu.be\/Rxl8x7KW2dc\" target=\"_blank\">https:\/\/youtu.be\/Rxl8x7KW2dc<\/a><\/p>\n","protected":false},"excerpt":{"rendered":"<p>Du tanzt (auch) gerne alleine zu Swingmusik? Du magst Choreografien? Du m\u00f6chtest ein paar neue Moves lernen, wie die Solo Jazz-Klassiker Apple [&hellip;]<\/p>\n","protected":false},"author":2,"featured_media":2320,"parent":0,"menu_order":0,"comment_status":"closed","ping_status":"closed","template":"page-templates\/page_fullwidth.php","meta":{"footnotes":""},"class_list":["post-2317","page","type-page","status-publish","has-post-thumbnail","hentry"],"featured_image_src":"https:\/\/www.swingnblues-wuerzburg.de\/wp-content\/uploads\/2023\/04\/Tranky-Doo.jpg","_links":{"self":[{"href":"https:\/\/www.swingnblues-wuerzburg.de\/index.php\/wp-json\/wp\/v2\/pages\/2317","targetHints":{"allow":["GET"]}}],"collection":[{"href":"https:\/\/www.swingnblues-wuerzburg.de\/index.php\/wp-json\/wp\/v2\/pages"}],"about":[{"href":"https:\/\/www.swingnblues-wuerzburg.de\/index.php\/wp-json\/wp\/v2\/types\/page"}],"author":[{"embeddable":true,"href":"https:\/\/www.swingnblues-wuerzburg.de\/index.php\/wp-json\/wp\/v2\/users\/2"}],"replies":[{"embeddable":true,"href":"https:\/\/www.swingnblues-wuerzburg.de\/index.php\/wp-json\/wp\/v2\/comments?post=2317"}],"version-history":[{"count":5,"href":"https:\/\/www.swingnblues-wuerzburg.de\/index.php\/wp-json\/wp\/v2\/pages\/2317\/revisions"}],"predecessor-version":[{"id":2332,"href":"https:\/\/www.swingnblues-wuerzburg.de\/index.php\/wp-json\/wp\/v2\/pages\/2317\/revisions\/2332"}],"wp:featuredmedia":[{"embeddable":true,"href":"https:\/\/www.swingnblues-wuerzburg.de\/index.php\/wp-json\/wp\/v2\/media\/2320"}],"wp:attachment":[{"href":"https:\/\/www.swingnblues-wuerzburg.de\/index.php\/wp-json\/wp\/v2\/media?parent=2317"}],"curies":[{"name":"wp","href":"https:\/\/api.w.org\/{rel}","templated":true}]}}