{"id":230,"date":"2021-09-01T18:51:29","date_gmt":"2021-09-01T16:51:29","guid":{"rendered":"https:\/\/lindy.fastworlds.tk\/?page_id=230"},"modified":"2026-04-02T14:31:29","modified_gmt":"2026-04-02T12:31:29","slug":"ueber-swing-tanz","status":"publish","type":"page","link":"https:\/\/www.swingnblues-wuerzburg.de\/index.php\/ueber-swing-tanz\/","title":{"rendered":"\u00dcber Swing-Tanz"},"content":{"rendered":"\n<figure class=\"wp-block-image size-full\"><img loading=\"lazy\" decoding=\"async\" width=\"1200\" height=\"408\" src=\"https:\/\/www.swingnblues-wuerzburg.de\/wp-content\/uploads\/2025\/12\/Masters_of_Lindy_Hop_and_Tap_2009_-_taking_bows_08-e1766432627895.jpg\" alt=\"Taking bows after Masters' Exhibition, Masters of Lindy Hop and Tap, Century Ballroom, Oddfellows Temple, Pine Street, Capitol Hill, Seattle, Washington, USA. Left to right: Sugar Sullivan, Chazz Young, Jeni LeGon, Skip Cunningham, Dawn Hampton, Norma Miller, Chester Whitmore, Bria Skonberg, Frank Clavin. Behind them with mike, Century Ballroom proprietor \/ impresario Hallie Kuperman.\" class=\"wp-image-6577\" srcset=\"https:\/\/www.swingnblues-wuerzburg.de\/wp-content\/uploads\/2025\/12\/Masters_of_Lindy_Hop_and_Tap_2009_-_taking_bows_08-e1766432627895.jpg 1200w, https:\/\/www.swingnblues-wuerzburg.de\/wp-content\/uploads\/2025\/12\/Masters_of_Lindy_Hop_and_Tap_2009_-_taking_bows_08-e1766432627895-300x102.jpg 300w, https:\/\/www.swingnblues-wuerzburg.de\/wp-content\/uploads\/2025\/12\/Masters_of_Lindy_Hop_and_Tap_2009_-_taking_bows_08-e1766432627895-1024x348.jpg 1024w, https:\/\/www.swingnblues-wuerzburg.de\/wp-content\/uploads\/2025\/12\/Masters_of_Lindy_Hop_and_Tap_2009_-_taking_bows_08-e1766432627895-768x261.jpg 768w, https:\/\/www.swingnblues-wuerzburg.de\/wp-content\/uploads\/2025\/12\/Masters_of_Lindy_Hop_and_Tap_2009_-_taking_bows_08-e1766432627895-1000x340.jpg 1000w, https:\/\/www.swingnblues-wuerzburg.de\/wp-content\/uploads\/2025\/12\/Masters_of_Lindy_Hop_and_Tap_2009_-_taking_bows_08-e1766432627895-230x78.jpg 230w, https:\/\/www.swingnblues-wuerzburg.de\/wp-content\/uploads\/2025\/12\/Masters_of_Lindy_Hop_and_Tap_2009_-_taking_bows_08-e1766432627895-350x119.jpg 350w, https:\/\/www.swingnblues-wuerzburg.de\/wp-content\/uploads\/2025\/12\/Masters_of_Lindy_Hop_and_Tap_2009_-_taking_bows_08-e1766432627895-480x163.jpg 480w\" sizes=\"auto, (max-width: 1200px) 100vw, 1200px\" \/><figcaption class=\"wp-element-caption\"><sup>Taking bows after Masters&#8216; Exhibition: &#8222;Masters of Lindy Hop and Tap&#8220;. Left to right: Sugar Sullivan, Chazz Young, Jeni LeGon, Skip Cunningham, Dawn Hampton, Norma Miller, Chester Whitmore, Bria Skonberg, Frank Clavin. Behind them with mike, Century Ballroom proprietor \/ impresario Hallie Kuperman. (Photo by Joe Mabel)<\/sup><\/figcaption><\/figure>\n\n\n\n<p class=\"has-text-color\" style=\"color:#a90519\">Unter Swing-T\u00e4nzen der 1930er- und 1940er-Jahre versteht man vor allem <strong>Lindy Hop<\/strong>, <strong>Balboa<\/strong> und <strong>Shag <\/strong>sowie <strong>Solo Jazz<\/strong>. Oft wird bei uns auch <strong>Blues<\/strong> und <strong>Charleston<\/strong> getanzt, sowie ab und an West Coast Swing.<\/p>\n\n\n\n<p class=\"has-text-color\" style=\"color:#a90519\"><strong><span style=\"color:#a90519\" class=\"has-inline-color\">Beispielvideos<\/span><\/strong> sind im Flie\u00dftext verlinkt!<\/p>\n\n\n\n<p>Swing-Tanz ist ein lockerer Tanz, in dem Fehler Variationen sind und der Tanzspa\u00df\u00b4vor Perfektion steht.<\/p>\n\n\n\n<p>Das Tanzen au\u00dferhalb des Unterrichts nennt man beim Swing <strong>Social Dance<\/strong>. Neben Partys am Abend werden manchmal auch Tanztreffs mit BYOS B\u00fcfett am Nachmittag angeboten (sogenannte <a href=\"https:\/\/www.swingnblues-wuerzburg.de\/index.php\/tea-dance-swing-tee-sonnenschein\/\" target=\"_blank\" rel=\"noreferrer noopener\"><strong>Tea Dances<\/strong>)<\/a>.<\/p>\n\n\n\n<hr class=\"wp-block-separator has-alpha-channel-opacity\"\/>\n\n\n\n<h4 class=\"wp-block-heading\"><strong><span style=\"color:#a90519\" class=\"has-inline-color\">Die verschiedenen Swing-T\u00e4nze<\/span><\/strong><\/h4>\n\n\n\n<p>Der <strong><a href=\"https:\/\/youtu.be\/-xmk4mMgF44?si=HF_M4ELEaNS0AMJX\" target=\"_blank\" rel=\"noreferrer noopener\">Lindy Hop<\/a> <\/strong>\u00e4hnelt auf den ersten Blick etwas dem Rock\u00b4n\u00b4Roll (der sich aus dem Lindy Hop entwickelt hat), denn beide Tanzpartner*innen stehen oft recht weit auseinander. Dadurch haben beide tanzenden Personen die M\u00f6glichkeit, sich auszudr\u00fccken und Impulse einzubringen oder gar die F\u00fchrung zu \u00fcbernehmen. Lindy Hop ist aber weniger akrobatisch als Rock\u00b4n\u00b4Roll. <a href=\"https:\/\/www.instagram.com\/reel\/C6MNdu1oa6u\/?utm_source=ig_web_copy_link&amp;igsh=MzRlODBiNWFlZA==\" target=\"_blank\" rel=\"noreferrer noopener\">So<\/a> sieht das bei uns aus!<\/p>\n\n\n\n<p><strong><a href=\"https:\/\/www.youtube.com\/watch?v=QPrwZx2uxQA\" target=\"_blank\" rel=\"noreferrer noopener\">Balboa<\/a> und <a href=\"https:\/\/www.swingnblues-wuerzburg.de\/index.php\/collegiate-shag-schnell-verspielt-und-voller-geschichte\/\" target=\"_blank\" rel=\"noreferrer noopener\">Shag<\/a><\/strong> werden vor allem zu noch schnellerer Musik getanzt als Lindy Hop. Dabei stehen die beiden Personen des Tanzpaars relativ nahe beieinander und machen sehr schnelle kleine Bewegungen mit den F\u00fc\u00dfen. <strong><a href=\"https:\/\/youtu.be\/tdgUccKd-lo?si=nrD4okgSsRoFMH_f\" target=\"_blank\" rel=\"noreferrer noopener\">Blues<\/a><\/strong> ist im Vergleich zu den Swing-T\u00e4nzen in der Regel wesentlich langsamer, aber deswegen nicht weniger <a href=\"https:\/\/youtu.be\/KfhCY0zK4bg?si=Hj_7cQDVBnY5m4z4\" target=\"_blank\" rel=\"noreferrer noopener\">vielf\u00e4ltig<\/a>.<\/p>\n\n\n\n<p>Im <strong><a href=\"https:\/\/www.youtube.com\/watch?v=ZXrJoPMJ_2g\" target=\"_blank\" rel=\"noreferrer noopener\">Solo Jazz <\/a><\/strong>werden einzelne Schritte gelernt, aus denen sich Tanz-Routinen (feste Schrittfolgen, Choreografien) zusammen setzen lassen. Beispiele sind der <strong>Shim-Sham<\/strong>, <strong><a href=\"https:\/\/www.instagram.com\/reel\/DBrjkNkIryu\/?utm_source=ig_web_copy_link&amp;igsh=MzRlODBiNWFlZA==\" target=\"_blank\" rel=\"noreferrer noopener\">Mama Stew <\/a><\/strong>und der <strong>Big Apple<\/strong>. Swing-T\u00e4nzer*innen auf der ganzen Welt kennen diese Routinen. Die Solo-Jazz-Schritte und -Bewegungen sind aber auch in den anderen T\u00e4nzen n\u00fctzlich.<\/p>\n\n\n\n<p>Immer mehr Verbreitung findet derzeit der <a href=\"https:\/\/youtu.be\/saegkB4jeuk?si=dUS3wJ0fUWpFNiIr\" target=\"_blank\" rel=\"noreferrer noopener\"><strong>West-Coast-Swing<\/strong> (WCS).<\/a> Er hat sich aus dem Lindy Hop entwickelt, wird aber heute oft nicht mehr zu Swingmusik getanzt, sondern zu verschiedensten modernen Liedern. WCS findest Du bei uns, aber auch in anderen Orten in W\u00fcrzburg. Siehe <a href=\"https:\/\/maincoastswing-wuerzburg.de\/\">hier<\/a>.<\/p>\n\n\n\n<hr class=\"wp-block-separator has-alpha-channel-opacity\"\/>\n\n\n\n<h4 class=\"wp-block-heading\"><strong><span style=\"color:#a90519\" class=\"has-inline-color\">Geschichte<\/span><\/strong> des Lindy Hops<\/h4>\n\n\n\n<p>Lindy Hop wurde anf\u00e4nglich vor allem von Afroamerikaner*innen in den USA getanzt, in den wenigen Locations in denen sie Zugang hatten. Er entstand aus anderen T\u00e4nzen wir dem Break away und Charleston in den 1920er- und 1930er-Jahren in Harlem, New York und wurde schlie\u00dflich auch im Westen der USA und einigen anderen L\u00e4ndern bekannt. Der Tanz entstand in Zeiten der Unterdr\u00fcckung. Bekannte T\u00e4nzer aus der Anfangszeit sind unter anderem &#8222;Shorty&#8220; George Snowden, Frankie Manning, Norma Miller, Al Minns und Dean Collins.<\/p>\n\n\n\n<p>Seit den 1980er und 1990er-Jahren bis heute gewinnt Swingtanz in vielen L\u00e4ndern an Beliebtheit in allen Altersklassen. Dabei ist die Szene international sehr vernetzt. Viele Swing-T\u00e4nzer*innen reisen in andere St\u00e4dte und L\u00e4nder, um sich bei Festivals, Workshops und Tanzveranstaltungen (sogenannten <strong>Exchanges<\/strong>) auszutauschen und von anderen T\u00e4nzer*innen zu lernen sowie einfach zusammen Spa\u00df zu haben.<\/p>\n\n\n\n<p>Der Name Lindy Hop soll \u00fcbrigens eine Anlehnung an Charles Lindbergh sein, der 1927 den Atlantik \u00fcberflog (&#8222;Lindy hopped the Atlantic&#8220;).<\/p>\n\n\n\n<p>Mehr \u00fcber die Geschichte vom Lindy Hop, des kulturrellen Hintergrunds und wieso das Thema problematisch ist kannst du dir hier erkl\u00e4ren lassen:<\/p>\n\n\n\n<figure class=\"wp-block-embed is-type-video is-provider-youtube wp-block-embed-youtube wp-embed-aspect-16-9 wp-has-aspect-ratio\"><div class=\"wp-block-embed__wrapper\">\n<iframe loading=\"lazy\" title=\"Why is Swing so White? | Uncovering the Black roots of the Lindy Hop\" width=\"1170\" height=\"658\" src=\"https:\/\/www.youtube.com\/embed\/oILeIiqHysY?feature=oembed\" frameborder=\"0\" allow=\"accelerometer; autoplay; clipboard-write; encrypted-media; gyroscope; picture-in-picture; web-share\" referrerpolicy=\"strict-origin-when-cross-origin\" allowfullscreen><\/iframe>\n<\/div><\/figure>\n\n\n\n<p class=\"has-text-align-center\"><strong>Nicht tanzen ist keine L\u00f6sung:<\/strong> Aufkl\u00e4ren, flexible Event-Konditionen haben und Respekt unterrichten sind hingegen wichtige erste Schritte. Lindy ist f\u00fcr <strong>alle<\/strong> da!<\/p>\n\n\n\n<p class=\"has-text-align-center\"><sup><mark style=\"background-color:rgba(0, 0, 0, 0);color:#a90519\" class=\"has-inline-color\"><\/mark><\/sup><\/p>\n\n\n\n<p>Good to know:<\/p>\n\n\n\n<figure class=\"wp-block-embed is-type-video is-provider-youtube wp-block-embed-youtube wp-embed-aspect-16-9 wp-has-aspect-ratio\"><div class=\"wp-block-embed__wrapper\">\n<iframe loading=\"lazy\" title=\"20 Swing Era Lindy Hoppers Every Beginner Dancer Should Know (Or At Least See Dance)\" width=\"1170\" height=\"658\" src=\"https:\/\/www.youtube.com\/embed\/fy2dR60-q1M?feature=oembed\" frameborder=\"0\" allow=\"accelerometer; autoplay; clipboard-write; encrypted-media; gyroscope; picture-in-picture; web-share\" referrerpolicy=\"strict-origin-when-cross-origin\" allowfullscreen><\/iframe>\n<\/div><\/figure>\n\n\n\n<p>Du hast noch nicht genug und willst noch mehr lernen? Schau mal <a href=\"https:\/\/btswing.dance\/lindy-hop-explanation\">hier<\/a>!<\/p>\n\n\n\n<p><\/p>\n","protected":false},"excerpt":{"rendered":"<p>Unter Swing-T\u00e4nzen der 1930er- und 1940er-Jahre versteht man vor allem Lindy Hop, Balboa und Shag sowie Solo Jazz. Oft wird bei uns [&hellip;]<\/p>\n","protected":false},"author":1,"featured_media":0,"parent":0,"menu_order":0,"comment_status":"closed","ping_status":"closed","template":"page-templates\/page_fullwidth.php","meta":{"footnotes":""},"class_list":["post-230","page","type-page","status-publish","hentry"],"featured_image_src":null,"_links":{"self":[{"href":"https:\/\/www.swingnblues-wuerzburg.de\/index.php\/wp-json\/wp\/v2\/pages\/230","targetHints":{"allow":["GET"]}}],"collection":[{"href":"https:\/\/www.swingnblues-wuerzburg.de\/index.php\/wp-json\/wp\/v2\/pages"}],"about":[{"href":"https:\/\/www.swingnblues-wuerzburg.de\/index.php\/wp-json\/wp\/v2\/types\/page"}],"author":[{"embeddable":true,"href":"https:\/\/www.swingnblues-wuerzburg.de\/index.php\/wp-json\/wp\/v2\/users\/1"}],"replies":[{"embeddable":true,"href":"https:\/\/www.swingnblues-wuerzburg.de\/index.php\/wp-json\/wp\/v2\/comments?post=230"}],"version-history":[{"count":89,"href":"https:\/\/www.swingnblues-wuerzburg.de\/index.php\/wp-json\/wp\/v2\/pages\/230\/revisions"}],"predecessor-version":[{"id":6826,"href":"https:\/\/www.swingnblues-wuerzburg.de\/index.php\/wp-json\/wp\/v2\/pages\/230\/revisions\/6826"}],"wp:attachment":[{"href":"https:\/\/www.swingnblues-wuerzburg.de\/index.php\/wp-json\/wp\/v2\/media?parent=230"}],"curies":[{"name":"wp","href":"https:\/\/api.w.org\/{rel}","templated":true}]}}