{"id":228,"date":"2021-09-01T18:49:44","date_gmt":"2021-09-01T16:49:44","guid":{"rendered":"https:\/\/lindy.fastworlds.tk\/?page_id=228"},"modified":"2026-04-29T14:31:31","modified_gmt":"2026-04-29T12:31:31","slug":"ueber-uns","status":"publish","type":"page","link":"https:\/\/www.swingnblues-wuerzburg.de\/index.php\/ueber-uns\/","title":{"rendered":"\u00dcber uns"},"content":{"rendered":"\n<p>Wir sind eine <strong>Gruppe Swingtanz-begeisteter Menschen verschiedenen Alters und verschiedener Herkunft<\/strong>.<\/p>\n\n\n\n<p>Inzwischen sind wir ein <strong>gemeinn\u00fctziger<\/strong> <strong>Verein<\/strong> mit \u00fcber 50 Mitgliedern. Uns ist wichtig, dass man <strong>ohne<\/strong> Mitgliedschaft weiterhin bei uns tanzen kann. Willst Du aber Mitglied werden, findest Du <a href=\"https:\/\/www.swingnblues-wuerzburg.de\/index.php\/mitglied-werden\/\" target=\"_blank\" rel=\"noreferrer noopener\">hier alle Informationen<\/a> und den Mitgliedsantrag. Desweiteren sind fast alle unsere Events auf der Spendenbasis &#8222;Pay what you can&#8220;, <a href=\"https:\/\/www.swingnblues-wuerzburg.de\/index.php\/pay-what-you-can\/\">hier<\/a> kannst du mehr dazu rausfinden.<\/p>\n\n\n\n<p>Gerne kannst Du auch Teil des <strong>Orga-Teams<\/strong> werden und zum Beispiel Social Dances, Partys mit Live-Musik oder Workshops organisieren. Auch bei unserem Social Media-Auftritt und Verwaltungsarbeiten nehmen wir gerne Hilfe an. Sprich uns einfach an: entweder direkt beim Tanzen, oder siehe \u201eKontakt\u201c.<\/p>\n\n\n\n<p>Dein Vorstand:<\/p>\n\n\n<div class=\"wp-block-image is-style-rounded\">\n<figure class=\"aligncenter size-large\"><img loading=\"lazy\" decoding=\"async\" width=\"1024\" height=\"822\" src=\"https:\/\/www.swingnblues-wuerzburg.de\/wp-content\/uploads\/2026\/04\/IMG_20260315_170109381_HDRklein-1024x822.jpg\" alt=\"\" class=\"wp-image-6876\" srcset=\"https:\/\/www.swingnblues-wuerzburg.de\/wp-content\/uploads\/2026\/04\/IMG_20260315_170109381_HDRklein-1024x822.jpg 1024w, https:\/\/www.swingnblues-wuerzburg.de\/wp-content\/uploads\/2026\/04\/IMG_20260315_170109381_HDRklein-300x241.jpg 300w, https:\/\/www.swingnblues-wuerzburg.de\/wp-content\/uploads\/2026\/04\/IMG_20260315_170109381_HDRklein-768x616.jpg 768w, https:\/\/www.swingnblues-wuerzburg.de\/wp-content\/uploads\/2026\/04\/IMG_20260315_170109381_HDRklein-1536x1232.jpg 1536w, https:\/\/www.swingnblues-wuerzburg.de\/wp-content\/uploads\/2026\/04\/IMG_20260315_170109381_HDRklein-1000x802.jpg 1000w, https:\/\/www.swingnblues-wuerzburg.de\/wp-content\/uploads\/2026\/04\/IMG_20260315_170109381_HDRklein-230x185.jpg 230w, https:\/\/www.swingnblues-wuerzburg.de\/wp-content\/uploads\/2026\/04\/IMG_20260315_170109381_HDRklein-350x281.jpg 350w, https:\/\/www.swingnblues-wuerzburg.de\/wp-content\/uploads\/2026\/04\/IMG_20260315_170109381_HDRklein-480x385.jpg 480w, https:\/\/www.swingnblues-wuerzburg.de\/wp-content\/uploads\/2026\/04\/IMG_20260315_170109381_HDRklein.jpg 1538w\" sizes=\"auto, (max-width: 1024px) 100vw, 1024px\" \/><figcaption class=\"wp-element-caption\">von links: Max (Beisitzer), Heiko (kassenpr\u00fcfende Person), Veronika (zweiter Vorstand), Michael (erster Vorstand)<\/figcaption><\/figure>\n<\/div>\n\n\n<p>Dein Orga Team:<\/p>\n\n\n\n<figure class=\"wp-block-image size-large is-style-rounded\"><img loading=\"lazy\" decoding=\"async\" width=\"1024\" height=\"564\" src=\"https:\/\/www.swingnblues-wuerzburg.de\/wp-content\/uploads\/2026\/04\/IMG_20260315_170339738_HDR-1024x564.jpg\" alt=\"\" class=\"wp-image-6877\" srcset=\"https:\/\/www.swingnblues-wuerzburg.de\/wp-content\/uploads\/2026\/04\/IMG_20260315_170339738_HDR-1024x564.jpg 1024w, https:\/\/www.swingnblues-wuerzburg.de\/wp-content\/uploads\/2026\/04\/IMG_20260315_170339738_HDR-300x165.jpg 300w, https:\/\/www.swingnblues-wuerzburg.de\/wp-content\/uploads\/2026\/04\/IMG_20260315_170339738_HDR-768x423.jpg 768w, https:\/\/www.swingnblues-wuerzburg.de\/wp-content\/uploads\/2026\/04\/IMG_20260315_170339738_HDR-1000x550.jpg 1000w, https:\/\/www.swingnblues-wuerzburg.de\/wp-content\/uploads\/2026\/04\/IMG_20260315_170339738_HDR-230x127.jpg 230w, https:\/\/www.swingnblues-wuerzburg.de\/wp-content\/uploads\/2026\/04\/IMG_20260315_170339738_HDR-350x193.jpg 350w, https:\/\/www.swingnblues-wuerzburg.de\/wp-content\/uploads\/2026\/04\/IMG_20260315_170339738_HDR-480x264.jpg 480w, https:\/\/www.swingnblues-wuerzburg.de\/wp-content\/uploads\/2026\/04\/IMG_20260315_170339738_HDR.jpg 1043w\" sizes=\"auto, (max-width: 1024px) 100vw, 1024px\" \/><figcaption class=\"wp-element-caption\">von links: Martina, Evelyn, Kathrin und Mia<\/figcaption><\/figure>\n\n\n\n<hr class=\"wp-block-separator has-alpha-channel-opacity\"\/>\n\n\n\n<p><strong>Geschichte:<\/strong><br>2014: Die Idee zu Swing &#8217;n&#8216; Blues W\u00fcrzburg wird geboren. &#8222;Izzie&#8220; (Isabel) will eigentlich nur Lindy Hop Mitt\u00e4nzer*innen finden, um auf Workshops zu fahren &#8211; und wird selbst zur Teacherin und Organisatorin. Getanzt wird unter anderem beim Unisport, in der AMV, am Stadtstrand und in einem Kunstatelier.<br><br>2019: Izzie zieht weg und ein neues kleines Team um Jan \u00fcbernimmt den Unterricht und Eventplanung. Wir tanzen unter anderem beim autofreien Tag auf der Stra\u00dfe und im Rahmen einer Fahrradtour durch die Stadt.<br><br>2021: Die Orgagruppe stellt sich und die Au\u00dfenpr\u00e4sentation (fast) komplett neu auf und weitet, neben dem Team, auch das Angebot aus. Wir tanzen lange Zeit im Atelier von Georgia, dann im K.L.E.K.S.-Haus, einer kostenfreien Kinderbetreuung in Gromb\u00fchl. Au\u00dferdem bei einzelnen Events in einem Pop up-Raum, im Park, in H\u00f6fen, auf einer Burg, im &#8222;kunstleeren&#8220; Raum, auf Sommerfesten und auf Kulturveranstaltungen. Neben viel Lindy Hop und Solo Jazz gibt es nun auch <a href=\"https:\/\/www.swingnblues-wuerzburg.de\/index.php\/ueber-swing-tanz\/\" target=\"_blank\" rel=\"noreferrer noopener\">Shag, Boogie, WCS, Blues und Balboa Workshops.<\/a> <br><br>2024: Gr\u00fcndung des gemeinn\u00fctzigen Vereins &#8222;<a href=\"https:\/\/www.swingnblues-wuerzburg.de\/index.php\/mitglied-werden\/\" target=\"_blank\" rel=\"noreferrer noopener\">Swing &#8217;n&#8216; Blues W\u00fcrzburg e.V.<\/a>&#8220; F\u00fcr die Tanzenden \u00e4ndert sich dadurch nicht viel, wobei es nat\u00fcrlich die M\u00f6glichkeit gibt Vereinsmitglied zu werden. Als Vorst\u00e4nde werden 1. Vanessa, 2. Michael und Heiko (kassenf\u00fchrende Person) gew\u00e4hlt, Jakob ist Beisitzer.<\/p>\n\n\n\n<p>2025: Vanessa tritt als Vorstand, Teacher und Orgamitglied zur\u00fcck. Ein paar Monate sp\u00e4ter ergibt es sich, dass <a href=\"https:\/\/maincoastswing-wuerzburg.de\/\" data-type=\"link\" data-id=\"https:\/\/maincoastswing-wuerzburg.de\/\" target=\"_blank\" rel=\"noreferrer noopener\">Main Coast Swing (MCS)<\/a> als Abteilung unseres Vereins hinzu kommt. Hierbei handelt es sich um eine Gruppe West Coast Swing (WCS) tanzender Personen, welche ebenfalls im K.L.E.K.S. tanzt mit den selben Werten wie wir. F\u00fcr unsere Mitglieder \u00e4ndert sich nichts, wobei nun noch mehr kostenfreie oder reduzierte Events besuchbar werden, auch die Organisation l\u00e4uft weiterhin \u00fcber das Team von MCS.<\/p>\n","protected":false},"excerpt":{"rendered":"<p>Wir sind eine Gruppe Swingtanz-begeisteter Menschen verschiedenen Alters und verschiedener Herkunft. Inzwischen sind wir ein gemeinn\u00fctziger Verein mit \u00fcber 50 Mitgliedern. Uns [&hellip;]<\/p>\n","protected":false},"author":1,"featured_media":6566,"parent":0,"menu_order":0,"comment_status":"closed","ping_status":"closed","template":"page-templates\/page_fullwidth.php","meta":{"footnotes":""},"class_list":["post-228","page","type-page","status-publish","has-post-thumbnail","hentry"],"featured_image_src":"https:\/\/www.swingnblues-wuerzburg.de\/wp-content\/uploads\/2025\/12\/IMG_1187_kleiner.jpeg","_links":{"self":[{"href":"https:\/\/www.swingnblues-wuerzburg.de\/index.php\/wp-json\/wp\/v2\/pages\/228","targetHints":{"allow":["GET"]}}],"collection":[{"href":"https:\/\/www.swingnblues-wuerzburg.de\/index.php\/wp-json\/wp\/v2\/pages"}],"about":[{"href":"https:\/\/www.swingnblues-wuerzburg.de\/index.php\/wp-json\/wp\/v2\/types\/page"}],"author":[{"embeddable":true,"href":"https:\/\/www.swingnblues-wuerzburg.de\/index.php\/wp-json\/wp\/v2\/users\/1"}],"replies":[{"embeddable":true,"href":"https:\/\/www.swingnblues-wuerzburg.de\/index.php\/wp-json\/wp\/v2\/comments?post=228"}],"version-history":[{"count":38,"href":"https:\/\/www.swingnblues-wuerzburg.de\/index.php\/wp-json\/wp\/v2\/pages\/228\/revisions"}],"predecessor-version":[{"id":6884,"href":"https:\/\/www.swingnblues-wuerzburg.de\/index.php\/wp-json\/wp\/v2\/pages\/228\/revisions\/6884"}],"wp:featuredmedia":[{"embeddable":true,"href":"https:\/\/www.swingnblues-wuerzburg.de\/index.php\/wp-json\/wp\/v2\/media\/6566"}],"wp:attachment":[{"href":"https:\/\/www.swingnblues-wuerzburg.de\/index.php\/wp-json\/wp\/v2\/media?parent=228"}],"curies":[{"name":"wp","href":"https:\/\/api.w.org\/{rel}","templated":true}]}}