{"id":1963,"date":"2023-02-09T12:27:06","date_gmt":"2023-02-09T11:27:06","guid":{"rendered":"https:\/\/www.swingnblues-wuerzburg.de\/?page_id=1963"},"modified":"2023-02-09T12:29:50","modified_gmt":"2023-02-09T11:29:50","slug":"lindy-hop-goes-ballroom-aufbauworkshop-an-vier-sonntagen","status":"publish","type":"page","link":"https:\/\/www.swingnblues-wuerzburg.de\/index.php\/lindy-hop-goes-ballroom-aufbauworkshop-an-vier-sonntagen\/","title":{"rendered":"Februar\/M\u00e4rz 2023: Mini-Kurs Aufbaustufe &#8211; Lindy Hop goes Ballroom (again)"},"content":{"rendered":"\n<p>Die Ballrooms der 1920er und 1930er Jahre gelten als Geburtsst\u00e4tte des Lindy Hop, vor allem der Savoy Ballroom in Harlem,&nbsp; New York.<\/p>\n\n\n\n<p>Wir freuen uns, Lindy Hop nun auch in einen W\u00fcrzburger Ballroom zu bringen: die<a href=\"https:\/\/www.tanzschule-ballroom.de\/\"><strong> Tanzschule Ballroom <\/strong><\/a>in der Zellerau auf dem B\u00fcrgerbr\u00e4u-Gel\u00e4nde.<\/p>\n\n\n\n<p>In diesem Kurzkurs f\u00fcr Anf\u00e4nger mit Vorkenntnissen wiederholen wir die Grundz\u00fcge des Tanzes. Dann lernst Du weitere spa\u00dfige Lindy Hop-Moves kennen, darunter den Lindy Hop Move schlechthin: Den Swing out. Im Laufe der vier Wochen wirst Du Dein\u00a0Tanzgef\u00fchl verfeinern und Dich anschlie\u00dfend (noch) sicherer auf der Tanzfl\u00e4che f\u00fchlen. Im Vordergrund stehen wieder Spa\u00df am Tanz, Spa\u00df am Leben und Spa\u00df am sozialen Miteinander.<\/p>\n\n\n\n<p><strong>Voraussetzungen:<\/strong><br>Um teilzunehmen, solltest Du einen Einstiegsworkshop oder -kurs\u00a0besucht haben. Bounce, 6-Count, 8-Count \u00a0und Lindy-Charleston sollten keine Fremdw\u00f6rter mehr f\u00fcr dich sein. Wobei Du sie nat\u00fcrlich noch nicht perfekt tanzen k\u00f6nnen musst.<\/p>\n\n\n\n<p>Wie immer kannst Du Dich <strong>auch alleine (ohne Partner:in) anmelden<\/strong>.<\/p>\n\n\n\n<p><strong>Termine:<\/strong> <strong>sonntags abends, Start ab 19.12.<\/strong>, vier Mal, jeweils von <strong>20:45 Uhr bis 22:00 Uhr<\/strong>.<\/p>\n\n\n\n<p>Weitere Informationen und Anmeldung unter https:\/\/www.tanzschule-ballroom.de\/<\/p>\n\n\n\n<p><\/p>\n\n\n\n<p>Der Kurs ist die dritte Kooperation zwischen Swing \u00b4n\u00b4Blues W\u00fcrzburg und der Tanzschule Ballroom. Einen ersten Schnupperworkshop gab es im Juli 2022. <\/p>\n","protected":false},"excerpt":{"rendered":"<p>Die Ballrooms der 1920er und 1930er Jahre gelten als Geburtsst\u00e4tte des Lindy Hop, vor allem der Savoy Ballroom in Harlem,&nbsp; New York. [&hellip;]<\/p>\n","protected":false},"author":2,"featured_media":1300,"parent":0,"menu_order":0,"comment_status":"closed","ping_status":"closed","template":"page-templates\/page_fullwidth.php","meta":{"footnotes":""},"class_list":["post-1963","page","type-page","status-publish","has-post-thumbnail","hentry"],"featured_image_src":"https:\/\/www.swingnblues-wuerzburg.de\/wp-content\/uploads\/2022\/05\/tanzschule-ballroom-logo.png","_links":{"self":[{"href":"https:\/\/www.swingnblues-wuerzburg.de\/index.php\/wp-json\/wp\/v2\/pages\/1963","targetHints":{"allow":["GET"]}}],"collection":[{"href":"https:\/\/www.swingnblues-wuerzburg.de\/index.php\/wp-json\/wp\/v2\/pages"}],"about":[{"href":"https:\/\/www.swingnblues-wuerzburg.de\/index.php\/wp-json\/wp\/v2\/types\/page"}],"author":[{"embeddable":true,"href":"https:\/\/www.swingnblues-wuerzburg.de\/index.php\/wp-json\/wp\/v2\/users\/2"}],"replies":[{"embeddable":true,"href":"https:\/\/www.swingnblues-wuerzburg.de\/index.php\/wp-json\/wp\/v2\/comments?post=1963"}],"version-history":[{"count":4,"href":"https:\/\/www.swingnblues-wuerzburg.de\/index.php\/wp-json\/wp\/v2\/pages\/1963\/revisions"}],"predecessor-version":[{"id":2546,"href":"https:\/\/www.swingnblues-wuerzburg.de\/index.php\/wp-json\/wp\/v2\/pages\/1963\/revisions\/2546"}],"wp:featuredmedia":[{"embeddable":true,"href":"https:\/\/www.swingnblues-wuerzburg.de\/index.php\/wp-json\/wp\/v2\/media\/1300"}],"wp:attachment":[{"href":"https:\/\/www.swingnblues-wuerzburg.de\/index.php\/wp-json\/wp\/v2\/media?parent=1963"}],"curies":[{"name":"wp","href":"https:\/\/api.w.org\/{rel}","templated":true}]}}