{"id":1929,"date":"2023-01-11T23:29:05","date_gmt":"2023-01-11T22:29:05","guid":{"rendered":"https:\/\/www.swingnblues-wuerzburg.de\/?page_id=1929"},"modified":"2023-01-11T23:29:06","modified_gmt":"2023-01-11T22:29:06","slug":"29-januar-blues-taster","status":"publish","type":"page","link":"https:\/\/www.swingnblues-wuerzburg.de\/index.php\/29-januar-blues-taster\/","title":{"rendered":"29. Januar: Blues-Taster"},"content":{"rendered":"\n<p><strong>Vor unserem monatlichen Tea Dance <\/strong>kannst Du diesen Monat eine Einf\u00fchrung in den Blues genie\u00dfen. Einfach um <strong>15.15 Uhr ins Atelier Templiner (Mainaustra\u00dfe 50) <\/strong>kommen und eintauchen in die Welt des Blues-Tanzes. In <strong>45 Minuten <\/strong>erf\u00e4hrst du die Basics. Um 16 Uhr geht\u00b4s dann mit Social Dance (Tea Dance) weiter mit Musik f\u00fcr Lindy Hop, Balboa, Shag, Solo Jazz &#8211; und nat\u00fcrlich Blues!<\/p>\n\n\n\n<figure class=\"wp-block-embed is-type-video is-provider-youtube wp-block-embed-youtube wp-embed-aspect-16-9 wp-has-aspect-ratio\"><div class=\"wp-block-embed__wrapper\">\n<iframe loading=\"lazy\" title=\"bluesSHOUT! 2018 All Star Strictly Finals\" width=\"1170\" height=\"658\" src=\"https:\/\/www.youtube.com\/embed\/IwdF82eehSo?feature=oembed\" frameborder=\"0\" allow=\"accelerometer; autoplay; clipboard-write; encrypted-media; gyroscope; picture-in-picture; web-share\" allowfullscreen><\/iframe>\n<\/div><\/figure>\n","protected":false},"excerpt":{"rendered":"<p>Vor unserem monatlichen Tea Dance kannst Du diesen Monat eine Einf\u00fchrung in den Blues genie\u00dfen. Einfach um 15.15 Uhr ins Atelier Templiner [&hellip;]<\/p>\n","protected":false},"author":2,"featured_media":1930,"parent":0,"menu_order":0,"comment_status":"closed","ping_status":"closed","template":"page-templates\/page_fullwidth.php","meta":{"footnotes":""},"class_list":["post-1929","page","type-page","status-publish","has-post-thumbnail","hentry"],"featured_image_src":"https:\/\/www.swingnblues-wuerzburg.de\/wp-content\/uploads\/2023\/01\/taster-29.-Januar-1515-1600.jpg","_links":{"self":[{"href":"https:\/\/www.swingnblues-wuerzburg.de\/index.php\/wp-json\/wp\/v2\/pages\/1929","targetHints":{"allow":["GET"]}}],"collection":[{"href":"https:\/\/www.swingnblues-wuerzburg.de\/index.php\/wp-json\/wp\/v2\/pages"}],"about":[{"href":"https:\/\/www.swingnblues-wuerzburg.de\/index.php\/wp-json\/wp\/v2\/types\/page"}],"author":[{"embeddable":true,"href":"https:\/\/www.swingnblues-wuerzburg.de\/index.php\/wp-json\/wp\/v2\/users\/2"}],"replies":[{"embeddable":true,"href":"https:\/\/www.swingnblues-wuerzburg.de\/index.php\/wp-json\/wp\/v2\/comments?post=1929"}],"version-history":[{"count":2,"href":"https:\/\/www.swingnblues-wuerzburg.de\/index.php\/wp-json\/wp\/v2\/pages\/1929\/revisions"}],"predecessor-version":[{"id":1932,"href":"https:\/\/www.swingnblues-wuerzburg.de\/index.php\/wp-json\/wp\/v2\/pages\/1929\/revisions\/1932"}],"wp:featuredmedia":[{"embeddable":true,"href":"https:\/\/www.swingnblues-wuerzburg.de\/index.php\/wp-json\/wp\/v2\/media\/1930"}],"wp:attachment":[{"href":"https:\/\/www.swingnblues-wuerzburg.de\/index.php\/wp-json\/wp\/v2\/media?parent=1929"}],"curies":[{"name":"wp","href":"https:\/\/api.w.org\/{rel}","templated":true}]}}