{"id":1712,"date":"2022-10-19T22:37:46","date_gmt":"2022-10-19T20:37:46","guid":{"rendered":"https:\/\/www.swingnblues-wuerzburg.de\/?page_id=1712"},"modified":"2022-12-07T23:29:16","modified_gmt":"2022-12-07T22:29:16","slug":"boogie-woogie-workshop","status":"publish","type":"page","link":"https:\/\/www.swingnblues-wuerzburg.de\/index.php\/boogie-woogie-workshop\/","title":{"rendered":"7. Januar: Boogie Woogie Schnupperworkshop"},"content":{"rendered":"\n<h3 class=\"has-text-align-center wp-block-heading\"><\/h3>\n\n\n\n<p>An diesem Samstag werden Dir Christine &amp; Roland von der <a rel=\"noreferrer noopener\" href=\"https:\/\/boogieschmiede.de\/\" target=\"_blank\">Boogieschmiede Kirchdorf <\/a>den Lindy Hop-&#8222;Bruder&#8220; Boogie Woogie n\u00e4her bringen. <\/p>\n\n\n\n<p>Boogie Woogie hat viele Gemeinsamkeiten mit Lindy Hop. Die Musik kommt aber oft aus sp\u00e4teren Dekaden als beim Lindy. Die T\u00e4nzer*innen tanzen zudem oft mit schnelleren Schritten. Au\u00dferdem beruht Boogie vor allem auf dem Six-Count und hat weniger 8-Count-Moves als Lindy Hop.<\/p>\n\n\n\n<p><strong>Zielgruppe &amp; Voraussetzung:<\/strong> Boogie-Neulinge. Mindestens Grundkenntnisse in Swingtanz vorhanden. Du solltest z.B. den Lindy Hop-6-Count und -8-Count und bestenfalls ein paar Lindy Hop-Grundfiguren (Platzwechsel, Drehung u.\u00e4.) k\u00f6nnen.<\/p>\n\n\n\n<p><strong>Zeit:<\/strong> Samstag, 7. Januar. 11:00-14:30 (inkl. 30 Minuten Pause)<\/p>\n\n\n\n<p><strong>Ort:<\/strong> DJK Sportverein, Zellerau, Wredestra\u00dfe 23 (Zufahrt auch m\u00f6glich via Frankfurter Stra\u00dfe 56)<\/p>\n\n\n\n<p><strong>Preis: <\/strong>Pay what you can &amp; want. Empfehlung 30 Euro Regelpreis (je nach pers\u00f6nlichen M\u00f6glichkeiten gerne mehr oder auch weniger).<\/p>\n\n\n\n<p><\/p>\n\n\n\n<p class=\"has-text-color\" style=\"color:#a90519\">Das sagt unser Trainerpaar \u00fcber den Workshop:<\/p>\n\n\n\n<p>&#8222;Seit nunmehr 27 Jahren tanzen wir (Christine und Roland) im Boogie Woogie gemeinsam im Hobbybereich. Bis Ende 2016 haben wir in verschiedenen Vereinen Hobbytrainings geleitet sowie Einsteigerkurse angeboten. Die offizielle Kursleiterlizenz hat Christine in 2005 erworben. Zur eigenen Fortbildung besuchen wir regelm\u00e4\u00dfig Workshops.<\/p>\n\n\n\n<p>In unseren Kursen\/Trainings hei\u00dft es immer \u201eEs soll Spa\u00df machen und tanzbar sein\u201c. Daher gibt es f\u00fcr uns keine Fehler sondern nur kreative Ideen. \ud83d\ude09<\/p>\n\n\n\n<p>Gem\u00e4\u00df diesem Motto wollen wir Euch \u201eunseren\u201c Boogie n\u00e4her bringen. Wir sind mehr die gem\u00fctlichen T\u00e4nzer bei nicht zu schneller Swingmusik.<\/p>\n\n\n\n<p>Wir m\u00f6chten mit Euch den Unterschied zwischen Lindy und Boogie herausfinden &#8211; der unserer Meinung nach aber gar nicht so gro\u00df ist &#8211; und Euch ein paar Figuren aus dem Boogie zeigen, mit denen ihr euren Tanz erweitern k\u00f6nnt.<br>Wenn zum Schluss noch Zeit \u00fcbrig ist, haben wir noch ein paar Ideen.<\/p>\n\n\n\n<p>Lasst euch \u00fcberraschen!<\/p>\n\n\n\n<p>Wir freuen uns jedenfalls sehr auf euch! Bis dahin &#8230; let\u2018s swing&#8220;<\/p>\n\n\n\n<p class=\"has-text-align-center has-text-color has-large-font-size\" style=\"color:#a90519\"><strong><a href=\"https:\/\/docs.google.com\/forms\/d\/e\/1FAIpQLSfahNBCgMRFWzTnWwjEtSujCIgMEfv0rINZCqA3euJMwMopVA\/viewform\" target=\"_blank\" rel=\"noreferrer noopener\">Hier geht\u00b4s zur Anmeldung.<\/a><\/strong><\/p>\n\n\n\n<p class=\"has-text-align-center\">Anmeldeschluss: 2. Januar<\/p>\n","protected":false},"excerpt":{"rendered":"<p>An diesem Samstag werden Dir Christine &amp; Roland von der Boogieschmiede Kirchdorf den Lindy Hop-&#8222;Bruder&#8220; Boogie Woogie n\u00e4her bringen. Boogie Woogie hat [&hellip;]<\/p>\n","protected":false},"author":2,"featured_media":1722,"parent":0,"menu_order":0,"comment_status":"closed","ping_status":"closed","template":"page-templates\/page_fullwidth.php","meta":{"footnotes":""},"class_list":["post-1712","page","type-page","status-publish","has-post-thumbnail","hentry"],"featured_image_src":"https:\/\/www.swingnblues-wuerzburg.de\/wp-content\/uploads\/2022\/10\/Boogie-Woogie-Schnupperworkshop.png","_links":{"self":[{"href":"https:\/\/www.swingnblues-wuerzburg.de\/index.php\/wp-json\/wp\/v2\/pages\/1712","targetHints":{"allow":["GET"]}}],"collection":[{"href":"https:\/\/www.swingnblues-wuerzburg.de\/index.php\/wp-json\/wp\/v2\/pages"}],"about":[{"href":"https:\/\/www.swingnblues-wuerzburg.de\/index.php\/wp-json\/wp\/v2\/types\/page"}],"author":[{"embeddable":true,"href":"https:\/\/www.swingnblues-wuerzburg.de\/index.php\/wp-json\/wp\/v2\/users\/2"}],"replies":[{"embeddable":true,"href":"https:\/\/www.swingnblues-wuerzburg.de\/index.php\/wp-json\/wp\/v2\/comments?post=1712"}],"version-history":[{"count":12,"href":"https:\/\/www.swingnblues-wuerzburg.de\/index.php\/wp-json\/wp\/v2\/pages\/1712\/revisions"}],"predecessor-version":[{"id":2537,"href":"https:\/\/www.swingnblues-wuerzburg.de\/index.php\/wp-json\/wp\/v2\/pages\/1712\/revisions\/2537"}],"wp:featuredmedia":[{"embeddable":true,"href":"https:\/\/www.swingnblues-wuerzburg.de\/index.php\/wp-json\/wp\/v2\/media\/1722"}],"wp:attachment":[{"href":"https:\/\/www.swingnblues-wuerzburg.de\/index.php\/wp-json\/wp\/v2\/media?parent=1712"}],"curies":[{"name":"wp","href":"https:\/\/api.w.org\/{rel}","templated":true}]}}