{"id":1154,"date":"2022-05-12T00:42:14","date_gmt":"2022-05-11T22:42:14","guid":{"rendered":"https:\/\/www.swingnblues-wuerzburg.de\/?page_id=1154"},"modified":"2022-05-12T00:43:18","modified_gmt":"2022-05-11T22:43:18","slug":"hoffest-kultur-im-hinterhof","status":"publish","type":"page","link":"https:\/\/www.swingnblues-wuerzburg.de\/index.php\/hoffest-kultur-im-hinterhof\/","title":{"rendered":"21. Mai: Hoffest &#8222;Kultur im Hinterhof&#8220;"},"content":{"rendered":"\n<h3 class=\"has-text-align-center wp-block-heading\">mit Lindy Hop-Schnupperstunde, Vorf\u00fchrung und T-Shirt-Druck<\/h3>\n\n\n\n<p>Die verschiedenen Akteure in der Mainaustra\u00dfe 50 pr\u00e4sentieren sich heute zwischen 15:00 Uhr und 21:00 Uhr bei einem Hoffest.&nbsp; Darunter K\u00fcnstler, Second-Hand-Gesch\u00e4ft, Druckwerkstatt \u2013 und Swing\u00b4n\u00b4Blues W\u00fcrzburg.<\/p>\n\n\n\n<p>Du kannst bei einer 30-min\u00fctigen Schnupperstunde Lindy Hop mitmachen, eine kurze Lindy Hop-Vorf\u00fchrung erleben und Dir ein T-Shirt mit dem Logo von Swing\u00b4n\u00b4Blues W\u00fcrzburg drucken. Auch Social Dance wird m\u00f6glich sein.<\/p>\n\n\n\n<p>15:00 Uhr: T-Shirt-Druck: Druck kostenlos gegen Spende, T-Shirt bitte mitbringen oder beim Second Hand-Geschl\u00e4ft Kapitel II erwerben. Druck wird in Wei\u00df sein (daher kein wei\u00dfes Shirt)<br>ca. 17:30 Uhr: Lindy Hop Vorf\u00fchrung<br>18:30 Uhr: kostenlose Schnupperstunde (auch ohne Tanzpartner*in m\u00f6glich)<\/p>\n\n\n\n<p>Keine Anmeldung n\u00f6tig<\/p>\n\n\n\n<div class=\"wp-block-image\"><figure class=\"aligncenter size-full is-resized\"><img loading=\"lazy\" decoding=\"async\" src=\"https:\/\/www.swingnblues-wuerzburg.de\/wp-content\/uploads\/2022\/05\/Hoffest2022.jpg\" alt=\"\" class=\"wp-image-1234\" width=\"291\" height=\"353\" srcset=\"https:\/\/www.swingnblues-wuerzburg.de\/wp-content\/uploads\/2022\/05\/Hoffest2022.jpg 264w, https:\/\/www.swingnblues-wuerzburg.de\/wp-content\/uploads\/2022\/05\/Hoffest2022-248x300.jpg 248w, https:\/\/www.swingnblues-wuerzburg.de\/wp-content\/uploads\/2022\/05\/Hoffest2022-230x279.jpg 230w\" sizes=\"auto, (max-width: 291px) 100vw, 291px\" \/><\/figure><\/div>\n","protected":false},"excerpt":{"rendered":"<p>mit Lindy Hop-Schnupperstunde, Vorf\u00fchrung und T-Shirt-Druck Die verschiedenen Akteure in der Mainaustra\u00dfe 50 pr\u00e4sentieren sich heute zwischen 15:00 Uhr und 21:00 Uhr [&hellip;]<\/p>\n","protected":false},"author":2,"featured_media":0,"parent":0,"menu_order":0,"comment_status":"closed","ping_status":"closed","template":"page-templates\/page_fullwidth.php","meta":{"footnotes":""},"class_list":["post-1154","page","type-page","status-publish","hentry"],"featured_image_src":null,"_links":{"self":[{"href":"https:\/\/www.swingnblues-wuerzburg.de\/index.php\/wp-json\/wp\/v2\/pages\/1154","targetHints":{"allow":["GET"]}}],"collection":[{"href":"https:\/\/www.swingnblues-wuerzburg.de\/index.php\/wp-json\/wp\/v2\/pages"}],"about":[{"href":"https:\/\/www.swingnblues-wuerzburg.de\/index.php\/wp-json\/wp\/v2\/types\/page"}],"author":[{"embeddable":true,"href":"https:\/\/www.swingnblues-wuerzburg.de\/index.php\/wp-json\/wp\/v2\/users\/2"}],"replies":[{"embeddable":true,"href":"https:\/\/www.swingnblues-wuerzburg.de\/index.php\/wp-json\/wp\/v2\/comments?post=1154"}],"version-history":[{"count":7,"href":"https:\/\/www.swingnblues-wuerzburg.de\/index.php\/wp-json\/wp\/v2\/pages\/1154\/revisions"}],"predecessor-version":[{"id":2533,"href":"https:\/\/www.swingnblues-wuerzburg.de\/index.php\/wp-json\/wp\/v2\/pages\/1154\/revisions\/2533"}],"wp:attachment":[{"href":"https:\/\/www.swingnblues-wuerzburg.de\/index.php\/wp-json\/wp\/v2\/media?parent=1154"}],"curies":[{"name":"wp","href":"https:\/\/api.w.org\/{rel}","templated":true}]}}